{"id":16940,"date":"2024-07-10T23:00:07","date_gmt":"2024-07-10T23:00:07","guid":{"rendered":"https:\/\/para-pharmacity.tn\/?product=esth-ecran-total-spf-50"},"modified":"2024-08-14T19:36:45","modified_gmt":"2024-08-14T19:36:45","slug":"esth-ecran-total-spf-50","status":"publish","type":"product","link":"https:\/\/para-pharmacity.tn\/?product=esth-ecran-total-spf-50","title":{"rendered":"ESTH ECRAN TOTAL SPF 50+"},"content":{"rendered":"<h4><span style=\"color: #70ad47\">Description\u00a0:<\/span><\/h4>\n<p>Prot\u00e8ge la peau contre les coups de soleil, un syst\u00e8me photoprotecteur anti-UVB anti-UVA \u00e0 large spectre et photostable assure une tr\u00e8s haute protection (SPF50+) face aux rayonnements solaires.<\/p>\n<p>Assure une hydratation intense L&rsquo;acide hyaluronique et le bisabolol, par leur fort pouvoir hydratant, pr\u00e9servent les caract\u00e9ristiques les plus importantes d&rsquo;une peau jeune (la souplesse, l&rsquo;\u00e9lasticit\u00e9 et la tonicit\u00e9).<\/p>\n<p>Offre une action anti-radicalaire et anti-\u00e2ge La vitamine E et l&rsquo;huile d&rsquo;argan gr\u00e2ce \u00e0 leur action anti-oxydante prot\u00e8gent la peau contre les effets n\u00e9fastes des radicaux libres responsables de la destruction des fibres de collag\u00e8ne et donc du vieillissement pr\u00e9matur\u00e9.<\/p>\n<p>Prot\u00e8ge contre les UVA, rayonnements n\u00e9fastes qui nuisent \u00e0 la peau toute la journ\u00e9e et \u00e0 toute saison Prot\u00e8ge \u00e9galement contre les UVB, rayonnements qui attaquent la peau expos\u00e9e \u00e0 un ensoleillement intense<\/p>\n<hr \/>\n<h4><span style=\"color: #70ad47\">Conseils d\u2019utilisation\u00a0:<\/span><\/h4>\n<p>D\u00e8s l&rsquo;exposition au soleil, appliquer Ecran Total uniform\u00e9ment sur les parties du corps d\u00e9couvertes. En cas d&rsquo;exposition prolong\u00e9e au soleil, de transpiration, de baignade, refaire l&rsquo;application aussi souvent qu&rsquo;il se doit.<\/p>\n","protected":false},"excerpt":{"rendered":"<p>\u00c9cran Solaire Ecran Total est une cr\u00e8me l\u00e9g\u00e8re et fraiche qui assure une tr\u00e8s haute protection solaire prot\u00e9geant la peau contre les m\u00e9faits du soleil (coup de soleil, taches brunes, photoviellissement) Ses pouvoirs hydratant adoucissant et anti-\u00e2ge font d&rsquo;elle un v\u00e9ritable soin de jour, Tube 50g<\/p>\n","protected":false},"featured_media":23376,"comment_status":"open","ping_status":"closed","template":"","meta":[],"product_cat":[20],"product_tag":[],"class_list":{"0":"post-16940","1":"product","2":"type-product","3":"status-publish","4":"has-post-thumbnail","6":"product_cat-accessories","8":"first","9":"instock","10":"shipping-taxable","11":"product-type-simple"},"jetpack_sharing_enabled":true,"_links":{"self":[{"href":"https:\/\/para-pharmacity.tn\/index.php?rest_route=\/wp\/v2\/product\/16940","targetHints":{"allow":["GET"]}}],"collection":[{"href":"https:\/\/para-pharmacity.tn\/index.php?rest_route=\/wp\/v2\/product"}],"about":[{"href":"https:\/\/para-pharmacity.tn\/index.php?rest_route=\/wp\/v2\/types\/product"}],"replies":[{"embeddable":true,"href":"https:\/\/para-pharmacity.tn\/index.php?rest_route=%2Fwp%2Fv2%2Fcomments&post=16940"}],"version-history":[{"count":2,"href":"https:\/\/para-pharmacity.tn\/index.php?rest_route=\/wp\/v2\/product\/16940\/revisions"}],"predecessor-version":[{"id":23377,"href":"https:\/\/para-pharmacity.tn\/index.php?rest_route=\/wp\/v2\/product\/16940\/revisions\/23377"}],"wp:featuredmedia":[{"embeddable":true,"href":"https:\/\/para-pharmacity.tn\/index.php?rest_route=\/wp\/v2\/media\/23376"}],"wp:attachment":[{"href":"https:\/\/para-pharmacity.tn\/index.php?rest_route=%2Fwp%2Fv2%2Fmedia&parent=16940"}],"wp:term":[{"taxonomy":"product_cat","embeddable":true,"href":"https:\/\/para-pharmacity.tn\/index.php?rest_route=%2Fwp%2Fv2%2Fproduct_cat&post=16940"},{"taxonomy":"product_tag","embeddable":true,"href":"https:\/\/para-pharmacity.tn\/index.php?rest_route=%2Fwp%2Fv2%2Fproduct_tag&post=16940"}],"curies":[{"name":"wp","href":"https:\/\/api.w.org\/{rel}","templated":true}]}}