{"id":16939,"date":"2024-07-10T23:00:07","date_gmt":"2024-07-10T23:00:07","guid":{"rendered":"https:\/\/para-pharmacity.tn\/?product=esth-dermixa-a2"},"modified":"2024-08-14T19:31:14","modified_gmt":"2024-08-14T19:31:14","slug":"esth-dermixa-a2","status":"publish","type":"product","link":"https:\/\/para-pharmacity.tn\/?product=esth-dermixa-a2","title":{"rendered":"ESTH DERMIXA A2"},"content":{"rendered":"<h3>Descriptif:<\/h3>\n<p>Gel de silicone r\u00e9parateur et pr\u00e9ventif de la cicatrice (Sans parab\u00e8ne-Hypoallergenique)<\/p>\n<p align=\"justify\">Dermixa A2\u00a0est un gel huileux de silicone transparent, inodore et sans alcool qui agit sur l&rsquo;esth\u00e9tique des cicatrices apr\u00e8s fermeture de la plaie (essentiellement les cicatrices hypertrophiques et ch\u00e9lo\u00efdes suite \u00e0 une plaie ou une br\u00fblure). Les cicatrices deviennent visiblement plus planes, moins color\u00e9es, douces et lisses.<\/p>\n<p align=\"justify\">Pr\u00e9vient et traite les cicatrices hypertrophiques (ch\u00e9lo\u00efdes)<br \/>\nLe gel de silicone forme un film protecteur qui couvre la cicatrice pour diminuer la perte en eau de la peau. Cela r\u00e9gule la production du collag\u00e8ne et aide \u00e0 sa bonne organisation. (La synth\u00e8se excessive de collag\u00e8ne lors de la cicatrisation est responsable des cicatrices hypertrophiques ou ch\u00e9lo\u00efdes)<\/p>\n<p>Agit contre l&rsquo;inflammation et contre l&rsquo;infection bact\u00e9rienne et mycosique<br \/>\nLe gel de silicone et le bisabolol par leurs actions anti-inflammatoire et antibact\u00e9rienne vont r\u00e9duire les rougeurs, les tensions et les d\u00e9mangeaisons des cicatrices cons\u00e9cutives \u00e0 des br\u00fblures, \u00e0 des blessures ou \u00e0 des interventions chirurgicales.<\/p>\n<p>Lisse, aplanit et d\u00e9pigmente les cicatrices m\u00eame anciennes<br \/>\nL&rsquo;huile d&rsquo;abricot et la vitamine E vont renforcer l&rsquo;effet cicatrisant, nourrir, adoucir et tonifier l&rsquo;\u00e9piderme fragilis\u00e9 pour enfin avoir une cicatrice invisible, plane, lisse et souple.<\/p>\n<p align=\"justify\">S&rsquo;applique en fin de cicatrisation sur plaie ferm\u00e9e pour pr\u00e9venir et gu\u00e9rir:<br \/>\nCicatrices des br\u00fblures<br \/>\nCicatrices chirurgicales<br \/>\nCicatrices dermatologiques<br \/>\nCicatrices hypertrophique<\/p>\n<p>NB : Dermixa A2 ne s&rsquo;applique pas sur une cicatrice atrophique (cicatrice de l&rsquo;acn\u00e9 ou de la varicelle) qui se traduit par un manque de tissu conjonctif et qui se traite par stimulation de la synth\u00e8se du collag\u00e8ne contrairement aux cicatrices hypertrophique et ch\u00e9lo\u00efde<\/p>\n<h3>Conseils d\u2019utilisation:<\/h3>\n<p>Nettoyez la r\u00e9gion \u00e0 traiter, bien s\u00e9cher, appliquez par massage l\u00e9ger une petite quantit\u00e9 de gel Dermixa A2 sur la peau affect\u00e9e. (Le gel doit d\u00e9border la zone cicatris\u00e9e d&rsquo;au moins 1 cm). Laissez s\u00e9cher 4 \u00e0 5 minutes avant de couvrir avec des v\u00eatements ou de vous maquiller.<\/p>\n","protected":false},"excerpt":{"rendered":"<p><strong>Gel de silicone r\u00e9parateur et pr\u00e9ventif de la cicatrice (Sans parab\u00e8ne-Hypoallergenique)<\/strong><\/p>\n<p><strong>Dermixa A2\u00a0est un gel huileux de silicone transparent, inodore et sans alcool qui agit sur l&rsquo;esth\u00e9tique des cicatrices apr\u00e8s fermeture de la plaie (essentiellement les cicatrices hypertrophiques et ch\u00e9lo\u00efdes suite \u00e0 une plaie ou une br\u00fblure).<\/strong><\/p>\n","protected":false},"featured_media":23373,"comment_status":"open","ping_status":"closed","template":"","meta":[],"product_cat":[20],"product_tag":[],"class_list":{"0":"post-16939","1":"product","2":"type-product","3":"status-publish","4":"has-post-thumbnail","6":"product_cat-accessories","8":"first","9":"instock","10":"shipping-taxable","11":"product-type-simple"},"jetpack_sharing_enabled":true,"_links":{"self":[{"href":"https:\/\/para-pharmacity.tn\/index.php?rest_route=\/wp\/v2\/product\/16939","targetHints":{"allow":["GET"]}}],"collection":[{"href":"https:\/\/para-pharmacity.tn\/index.php?rest_route=\/wp\/v2\/product"}],"about":[{"href":"https:\/\/para-pharmacity.tn\/index.php?rest_route=\/wp\/v2\/types\/product"}],"replies":[{"embeddable":true,"href":"https:\/\/para-pharmacity.tn\/index.php?rest_route=%2Fwp%2Fv2%2Fcomments&post=16939"}],"version-history":[{"count":2,"href":"https:\/\/para-pharmacity.tn\/index.php?rest_route=\/wp\/v2\/product\/16939\/revisions"}],"predecessor-version":[{"id":23374,"href":"https:\/\/para-pharmacity.tn\/index.php?rest_route=\/wp\/v2\/product\/16939\/revisions\/23374"}],"wp:featuredmedia":[{"embeddable":true,"href":"https:\/\/para-pharmacity.tn\/index.php?rest_route=\/wp\/v2\/media\/23373"}],"wp:attachment":[{"href":"https:\/\/para-pharmacity.tn\/index.php?rest_route=%2Fwp%2Fv2%2Fmedia&parent=16939"}],"wp:term":[{"taxonomy":"product_cat","embeddable":true,"href":"https:\/\/para-pharmacity.tn\/index.php?rest_route=%2Fwp%2Fv2%2Fproduct_cat&post=16939"},{"taxonomy":"product_tag","embeddable":true,"href":"https:\/\/para-pharmacity.tn\/index.php?rest_route=%2Fwp%2Fv2%2Fproduct_tag&post=16939"}],"curies":[{"name":"wp","href":"https:\/\/api.w.org\/{rel}","templated":true}]}}