{"id":16938,"date":"2024-07-10T23:00:06","date_gmt":"2024-07-10T23:00:06","guid":{"rendered":"https:\/\/para-pharmacity.tn\/?product=esth-derma-calm"},"modified":"2024-08-14T19:21:16","modified_gmt":"2024-08-14T19:21:16","slug":"esth-derma-calm","status":"publish","type":"product","link":"https:\/\/para-pharmacity.tn\/?product=esth-derma-calm","title":{"rendered":"ESTH DERMA CALM"},"content":{"rendered":"<p>Apaise, rafraichit et calme les irritations de la peau &#8211; Adoucit et diminue les rougeurs (anti-couperose). &#8211; Hydrate et pr?serve la tonicit? ainsi que la souplesse de la peau. &#8211; P?n?tre la peau donnant un toucher souple et doux qui aide ? maintenir lhydratation cutan?e.<\/p>\n","protected":false},"excerpt":{"rendered":"<p>Cr\u00e8me calmante (Sans parab\u00e8ne). Derma Calm est une cr\u00e8me soyeuse et douce \u00e0 haute tol\u00e9rance qui calme imm\u00e9diatement la peau et r\u00e9duit durablement la r\u00e9activit\u00e9 cutan\u00e9e pour avoir une peau apais\u00e9e et confortable.<\/p>\n","protected":false},"featured_media":23370,"comment_status":"open","ping_status":"closed","template":"","meta":[],"product_cat":[20],"product_tag":[],"class_list":{"0":"post-16938","1":"product","2":"type-product","3":"status-publish","4":"has-post-thumbnail","6":"product_cat-accessories","8":"first","9":"instock","10":"shipping-taxable","11":"product-type-simple"},"jetpack_sharing_enabled":true,"_links":{"self":[{"href":"https:\/\/para-pharmacity.tn\/index.php?rest_route=\/wp\/v2\/product\/16938","targetHints":{"allow":["GET"]}}],"collection":[{"href":"https:\/\/para-pharmacity.tn\/index.php?rest_route=\/wp\/v2\/product"}],"about":[{"href":"https:\/\/para-pharmacity.tn\/index.php?rest_route=\/wp\/v2\/types\/product"}],"replies":[{"embeddable":true,"href":"https:\/\/para-pharmacity.tn\/index.php?rest_route=%2Fwp%2Fv2%2Fcomments&post=16938"}],"version-history":[{"count":2,"href":"https:\/\/para-pharmacity.tn\/index.php?rest_route=\/wp\/v2\/product\/16938\/revisions"}],"predecessor-version":[{"id":23371,"href":"https:\/\/para-pharmacity.tn\/index.php?rest_route=\/wp\/v2\/product\/16938\/revisions\/23371"}],"wp:featuredmedia":[{"embeddable":true,"href":"https:\/\/para-pharmacity.tn\/index.php?rest_route=\/wp\/v2\/media\/23370"}],"wp:attachment":[{"href":"https:\/\/para-pharmacity.tn\/index.php?rest_route=%2Fwp%2Fv2%2Fmedia&parent=16938"}],"wp:term":[{"taxonomy":"product_cat","embeddable":true,"href":"https:\/\/para-pharmacity.tn\/index.php?rest_route=%2Fwp%2Fv2%2Fproduct_cat&post=16938"},{"taxonomy":"product_tag","embeddable":true,"href":"https:\/\/para-pharmacity.tn\/index.php?rest_route=%2Fwp%2Fv2%2Fproduct_tag&post=16938"}],"curies":[{"name":"wp","href":"https:\/\/api.w.org\/{rel}","templated":true}]}}