{"id":16936,"date":"2024-07-10T23:00:06","date_gmt":"2024-07-10T23:00:06","guid":{"rendered":"https:\/\/para-pharmacity.tn\/?product=esth-contrengelure"},"modified":"2024-08-14T19:13:20","modified_gmt":"2024-08-14T19:13:20","slug":"esth-contrengelure","status":"publish","type":"product","link":"https:\/\/para-pharmacity.tn\/?product=esth-contrengelure","title":{"rendered":"ESTH CONTRENGELURE"},"content":{"rendered":"<h3><strong>ESTH\u2019ELLE CONTR\u2019ENGELURE 50GR<\/strong><\/h3>\n<p>Une cr\u00e8me grasse con\u00e7ue pour lutter contre les m\u00e9faits du froid. \u2013 Assure des actions. cicatrisantes, apaisantes et anti-inflammatoires. \u2013 Redonne \u00e0 la peau son velout\u00e9 et sa douceur.<\/p>\n<p>Une cr\u00e8me grasse con\u00e7ue pour lutter contre les m\u00e9faits du froid.<\/p>\n<p>\u2013 Assure des actions. cicatrisantes, apaisantes et anti-inflammatoires.<\/p>\n<p>\u2013 Redonne \u00e0 la peau son velout\u00e9 et sa douceur.<\/p>\n<h3><strong>Composition<\/strong><\/h3>\n<p>Aqua,cyclopentalioxanr, stearic acid. Glyceryl stearate arctostaphilos uva ursi leaf extract citrus medica lmonium fruit extract artemisia umbelliformis extract cetyl alcohol titanium oxide ethylhexl methoxycinnamate cetearyl alcohol phenoxyethanol ca prylyl glycol carbomer peg20 stearte propylene glycol disodum edta magnesium ascorbyl phosphate sodium hydroxide tocopherol parfum buthl methoxydibezoylme thane peg 8 hexyl cinnamal linalool butylphenylmethlpro pional limonene alpha iso methyl ionone benzyl benzoateascorbyl plamitata eugenol sodium benzoate bht potassium sorbate ascorbyl acid citric acid.<\/p>\n","protected":false},"excerpt":{"rendered":"<p>ESTH\u2019ELLE CONTR\u2019ENGELURE 50GR Une cr\u00e8me grasse con\u00e7ue pour lutter contre les m\u00e9faits du froid. \u2013 Assure des actions. cicatrisantes, apaisantes<\/p>\n","protected":false},"featured_media":23367,"comment_status":"open","ping_status":"closed","template":"","meta":[],"product_cat":[20],"product_tag":[],"class_list":{"0":"post-16936","1":"product","2":"type-product","3":"status-publish","4":"has-post-thumbnail","6":"product_cat-accessories","8":"first","9":"instock","10":"shipping-taxable","11":"product-type-simple"},"jetpack_sharing_enabled":true,"_links":{"self":[{"href":"https:\/\/para-pharmacity.tn\/index.php?rest_route=\/wp\/v2\/product\/16936","targetHints":{"allow":["GET"]}}],"collection":[{"href":"https:\/\/para-pharmacity.tn\/index.php?rest_route=\/wp\/v2\/product"}],"about":[{"href":"https:\/\/para-pharmacity.tn\/index.php?rest_route=\/wp\/v2\/types\/product"}],"replies":[{"embeddable":true,"href":"https:\/\/para-pharmacity.tn\/index.php?rest_route=%2Fwp%2Fv2%2Fcomments&post=16936"}],"version-history":[{"count":2,"href":"https:\/\/para-pharmacity.tn\/index.php?rest_route=\/wp\/v2\/product\/16936\/revisions"}],"predecessor-version":[{"id":23368,"href":"https:\/\/para-pharmacity.tn\/index.php?rest_route=\/wp\/v2\/product\/16936\/revisions\/23368"}],"wp:featuredmedia":[{"embeddable":true,"href":"https:\/\/para-pharmacity.tn\/index.php?rest_route=\/wp\/v2\/media\/23367"}],"wp:attachment":[{"href":"https:\/\/para-pharmacity.tn\/index.php?rest_route=%2Fwp%2Fv2%2Fmedia&parent=16936"}],"wp:term":[{"taxonomy":"product_cat","embeddable":true,"href":"https:\/\/para-pharmacity.tn\/index.php?rest_route=%2Fwp%2Fv2%2Fproduct_cat&post=16936"},{"taxonomy":"product_tag","embeddable":true,"href":"https:\/\/para-pharmacity.tn\/index.php?rest_route=%2Fwp%2Fv2%2Fproduct_tag&post=16936"}],"curies":[{"name":"wp","href":"https:\/\/api.w.org\/{rel}","templated":true}]}}