{"id":16934,"date":"2024-07-10T23:00:05","date_gmt":"2024-07-10T23:00:05","guid":{"rendered":"https:\/\/para-pharmacity.tn\/?product=esth-claryteint-coffret-eclaircissant"},"modified":"2024-08-14T18:53:21","modified_gmt":"2024-08-14T18:53:21","slug":"esth-claryteint-coffret-eclaircissant","status":"publish","type":"product","link":"https:\/\/para-pharmacity.tn\/?product=esth-claryteint-coffret-eclaircissant","title":{"rendered":"ESTH CLARYTEINT COFFRET ECLAIRCISSANT"},"content":{"rendered":"<h2>Cr\u00e8me \u00e9claircissante SPF40+ &#8211; 50gr<\/h2>\n<p>Claryteint est une cr\u00e8me \u00e9claircissante douce et l\u00e9g\u00e8re qui vise \u00e0 unifier le teint tout en att\u00e9nuant et camouflant les taches brunes.<\/p>\n<p>Elle pr\u00e9vient l\u2019apparition de nouvelles taches tout en assurant l&rsquo;hydratation et la r\u00e9g\u00e9n\u00e9ration cellulaire.<\/p>\n<p><strong>Propri\u00e9t\u00e9s :<\/strong><\/p>\n<ul>\n<li>Protection Avanc\u00e9e : Prot\u00e8ge la peau des rayons UVA et UVB, tout en pr\u00e9venant l&rsquo;hyperpigmentation et le stress oxydatif.<\/li>\n<li>Teint Unifi\u00e9 : Corrige les irr\u00e9gularit\u00e9s pigmentaires pour un teint plus uniforme et lumineux.<\/li>\n<li>Hydratation Essentielle : Maintient la peau hydrat\u00e9e et confortable tout au long de la journ\u00e9e.<\/li>\n<li>Application Facile : Texture cr\u00e9meuse qui s&rsquo;absorbe rapidement, sans laisser de fini gras.<\/li>\n<li>Base Parfaite : Excellente base de maquillage pour un teint impeccable.<\/li>\n<\/ul>\n<p><strong>Conseils d&rsquo;utilisation :<\/strong><\/p>\n<p>Appliquer une dose suffisante sur une peau pr\u00e9alablement nettoy\u00e9e (visage, cou d\u00e9collet\u00e9, mains\u2026) afin de couvrir les zones expos\u00e9es en \u00e9vitant le contour des yeux. Renouveler fr\u00e9quemment l\u2019application en cas d&rsquo;exposition prolong\u00e9e au soleil. Compl\u00e9tez votre routine avec les soins \u00e9claircissants pour avoir des resultats rapides et durables.<\/p>\n<h2>C-S\u00e9rum \u00e9claircissant &#8211; 30gr<\/h2>\n<p>Claryteint C-S\u00e9rum offre une touche magique d&rsquo;\u00e9clat et de lumi\u00e8re sur votre visage<\/p>\n<p>La peau est ferme, lisse et gagne en \u00e9lasticit\u00e9<\/p>\n<p><strong>Propri\u00e9t\u00e9s :<\/strong><\/p>\n<ul>\n<li>Corrige les t\u00e2ches brunes localis\u00e9es ou \u00e9tendues, qui sont visiblement r\u00e9duites, que ce soit par leur intensit\u00e9 ou leur circonf\u00e9rence.<\/li>\n<li>Pr\u00e9vient l\u2019apparition de nouvelles taches.<\/li>\n<li>Unifie et sublime, pour un teint harmonieux et lumineux.<\/li>\n<li>Hydrate et r\u00e9g\u00e9n\u00e8re, pour une peau douce et jeune.<\/li>\n<li>Lutte contre le stress oxydatif.<\/li>\n<\/ul>\n<p><strong>Conseils d&rsquo;utilisation :<\/strong><\/p>\n<p>Appliquez matin et soir au niveau du visage environ 5 gouttes de s\u00e9rum sur une peau propre et tonifi\u00e9e en massant pr\u00e9cieusement puis une fois absorb\u00e9 appliquez votre cr\u00e8me de soin solaire (pandant la journ\u00e9e) ou votre cr\u00e8me de nuit (pendant le soir), pour des r\u00e9sultats optimaux. Compl\u00e9tez votre routine avec les soins \u00e9claircissants pour une approche compl\u00e8te de la correction des t\u00e2ches pigmentaires.<\/p>\n<h2>C-Masque \u00e9claircissant &#8211; 50gr<\/h2>\n<p>Claryteint C-Masque att\u00e9nue les taches pigmentaires, \u00e9claircit et unifie le teint.<\/p>\n<p>Il am\u00e9liore l&rsquo;\u00e9clat de la peau. Il gorge la peau d&rsquo;eau et procure un v\u00e9ritable moment de d\u00e9tente gr\u00e2ce \u00e0 la synergie d&rsquo;action de l&rsquo;allantoine, la vit E et vit C qui hydrate l&rsquo;\u00e9piderme pour une peau plus souple, plus douce et rebondie.<\/p>\n<p><strong>Propri\u00e9t\u00e9s :<\/strong><\/p>\n<ul>\n<li>att\u00e9nue les t\u00e2ches pigmentaires<\/li>\n<li>\u00e9claircit et unifie le teint<\/li>\n<li>favorise la synth\u00e8se de collag\u00e8ne et pr\u00e9vient ainsi l&rsquo;apparition des rides<\/li>\n<li>activit\u00e9 anti-inflammatoire<\/li>\n<li>hydrate et am\u00e9liore l&rsquo;\u00e9clat de la peau<\/li>\n<\/ul>\n<p><strong>Conseils d&rsquo;utilisation :<\/strong><\/p>\n<p>Deux fois par semaine, appliquer C-Masque sur votre visage propre et sec en \u00e9vitant le contour des yeux. Laissez agir 5 minutes puis rincez \u00e0 l&rsquo;eau claire.<\/p>\n","protected":false},"excerpt":{"rendered":"<p>Gr\u00e2ce \u00e0 ce trio \u00e9claircissant Claryteint :<\/p>\n<ul>\n<li>Cr\u00e8me \u00e9claircissante SPF40+ &#8211; 50gr<\/li>\n<li>C-S\u00e9rum \u00e9claircissant &#8211; 30gr<\/li>\n<li>C-Masque \u00e9claircissant &#8211; 50gr<\/li>\n<\/ul>\n<p>le teint est unifi\u00e9, \u00e9clatant, r\u00e9v\u00e9lant la transparence d&rsquo;une peau de b\u00e9b\u00e9, vibrante de perfection et de lumi\u00e8re.<\/p>\n<p>La peau est ferme, lisse et gagne en \u00e9lasticit\u00e9<\/p>\n","protected":false},"featured_media":23356,"comment_status":"open","ping_status":"closed","template":"","meta":[],"product_cat":[20],"product_tag":[],"class_list":{"0":"post-16934","1":"product","2":"type-product","3":"status-publish","4":"has-post-thumbnail","6":"product_cat-accessories","8":"first","9":"instock","10":"shipping-taxable","11":"product-type-simple"},"jetpack_sharing_enabled":true,"_links":{"self":[{"href":"https:\/\/para-pharmacity.tn\/index.php?rest_route=\/wp\/v2\/product\/16934","targetHints":{"allow":["GET"]}}],"collection":[{"href":"https:\/\/para-pharmacity.tn\/index.php?rest_route=\/wp\/v2\/product"}],"about":[{"href":"https:\/\/para-pharmacity.tn\/index.php?rest_route=\/wp\/v2\/types\/product"}],"replies":[{"embeddable":true,"href":"https:\/\/para-pharmacity.tn\/index.php?rest_route=%2Fwp%2Fv2%2Fcomments&post=16934"}],"version-history":[{"count":2,"href":"https:\/\/para-pharmacity.tn\/index.php?rest_route=\/wp\/v2\/product\/16934\/revisions"}],"predecessor-version":[{"id":23361,"href":"https:\/\/para-pharmacity.tn\/index.php?rest_route=\/wp\/v2\/product\/16934\/revisions\/23361"}],"wp:featuredmedia":[{"embeddable":true,"href":"https:\/\/para-pharmacity.tn\/index.php?rest_route=\/wp\/v2\/media\/23356"}],"wp:attachment":[{"href":"https:\/\/para-pharmacity.tn\/index.php?rest_route=%2Fwp%2Fv2%2Fmedia&parent=16934"}],"wp:term":[{"taxonomy":"product_cat","embeddable":true,"href":"https:\/\/para-pharmacity.tn\/index.php?rest_route=%2Fwp%2Fv2%2Fproduct_cat&post=16934"},{"taxonomy":"product_tag","embeddable":true,"href":"https:\/\/para-pharmacity.tn\/index.php?rest_route=%2Fwp%2Fv2%2Fproduct_tag&post=16934"}],"curies":[{"name":"wp","href":"https:\/\/api.w.org\/{rel}","templated":true}]}}