{"id":16933,"date":"2024-07-10T23:00:05","date_gmt":"2024-07-10T23:00:05","guid":{"rendered":"https:\/\/para-pharmacity.tn\/?product=esth-claryteint-beige"},"modified":"2024-08-14T18:32:21","modified_gmt":"2024-08-14T18:32:21","slug":"esth-claryteint-beige","status":"publish","type":"product","link":"https:\/\/para-pharmacity.tn\/?product=esth-claryteint-beige","title":{"rendered":"ESTH CLARYTEINT BEIGE"},"content":{"rendered":"<p><strong>Description:<\/strong><\/p>\n<p>ESTH&rsquo;ELLE &#8211; \u00c9CRAN TOTAL CLARYTEINT<\/p>\n<p>Claryteint est une cr\u00e8me solaire douce et l\u00e9g\u00e8re qui vise \u00e0 unifier le teint tout en att\u00e9nuant et camouflant les taches brunes.<\/p>\n<p>Elle pr\u00e9vient l\u2019apparition de nouvelles taches tout en assurant l&rsquo;hydratation et la reg\u00e9naration cellulaire.<\/p>\n<p><strong>Conseils d&rsquo;utilisation:<br \/>\n<\/strong><\/p>\n<p>Il est conseill\u00e9 d&rsquo;appliquer Claryteint chaque matin et avant toute exposition au soleil.<\/p>\n","protected":false},"excerpt":{"rendered":"<p>Claryteint est une cr\u00e8me solaire douce et l\u00e9g\u00e8re qui vise \u00e0 unifier le teint tout en att\u00e9nuant et camouflant les taches brunes.<\/p>\n<p>Elle pr\u00e9vient l\u2019apparition de nouvelles taches tout en assurant l&rsquo;hydratation et la reg\u00e9n\u00e9ration cellulaire.<\/p>\n","protected":false},"featured_media":23350,"comment_status":"open","ping_status":"closed","template":"","meta":[],"product_cat":[20],"product_tag":[],"class_list":{"0":"post-16933","1":"product","2":"type-product","3":"status-publish","4":"has-post-thumbnail","6":"product_cat-accessories","8":"first","9":"instock","10":"shipping-taxable","11":"product-type-simple"},"jetpack_sharing_enabled":true,"_links":{"self":[{"href":"https:\/\/para-pharmacity.tn\/index.php?rest_route=\/wp\/v2\/product\/16933","targetHints":{"allow":["GET"]}}],"collection":[{"href":"https:\/\/para-pharmacity.tn\/index.php?rest_route=\/wp\/v2\/product"}],"about":[{"href":"https:\/\/para-pharmacity.tn\/index.php?rest_route=\/wp\/v2\/types\/product"}],"replies":[{"embeddable":true,"href":"https:\/\/para-pharmacity.tn\/index.php?rest_route=%2Fwp%2Fv2%2Fcomments&post=16933"}],"version-history":[{"count":2,"href":"https:\/\/para-pharmacity.tn\/index.php?rest_route=\/wp\/v2\/product\/16933\/revisions"}],"predecessor-version":[{"id":23352,"href":"https:\/\/para-pharmacity.tn\/index.php?rest_route=\/wp\/v2\/product\/16933\/revisions\/23352"}],"wp:featuredmedia":[{"embeddable":true,"href":"https:\/\/para-pharmacity.tn\/index.php?rest_route=\/wp\/v2\/media\/23350"}],"wp:attachment":[{"href":"https:\/\/para-pharmacity.tn\/index.php?rest_route=%2Fwp%2Fv2%2Fmedia&parent=16933"}],"wp:term":[{"taxonomy":"product_cat","embeddable":true,"href":"https:\/\/para-pharmacity.tn\/index.php?rest_route=%2Fwp%2Fv2%2Fproduct_cat&post=16933"},{"taxonomy":"product_tag","embeddable":true,"href":"https:\/\/para-pharmacity.tn\/index.php?rest_route=%2Fwp%2Fv2%2Fproduct_tag&post=16933"}],"curies":[{"name":"wp","href":"https:\/\/api.w.org\/{rel}","templated":true}]}}