{"id":16931,"date":"2024-07-10T23:00:04","date_gmt":"2024-07-10T23:00:04","guid":{"rendered":"https:\/\/para-pharmacity.tn\/?product=esth-clarte-protection-spf45"},"modified":"2024-08-14T18:14:58","modified_gmt":"2024-08-14T18:14:58","slug":"esth-clarte-protection-spf45","status":"publish","type":"product","link":"https:\/\/para-pharmacity.tn\/?product=esth-clarte-protection-spf45","title":{"rendered":"ESTH CLARTE PROTECTION SPF45"},"content":{"rendered":"<h4>ESTH\u2019ELLE Clart\u00e9 protection ecran \u00e9claircissant spf 45, 50GR :<\/h4>\n<h2>Description:<\/h2>\n<p><strong>ESTH\u2019ELLE \u2013 \u00c9CRAN TOTAL CLARYTEINT<\/strong><\/p>\n<p>clarifie et unifie le teint grace \u00e0 un complexe v\u00e9g\u00e9tal riche en raisin d\u2019ours et plantes alpines.<\/p>\n<p>sa formule comporte un important filtre solaire,<\/p>\n<p>necessaire pour accompagner l\u2019eclaircissement, et des ingr\u00e9dients pour hydrater et purifier la peau.<\/p>\n<h2>Conseils d\u2019utilisation<strong><br \/>\n<\/strong><\/h2>\n<p>Il est conseill\u00e9 d\u2019appliquer Clart\u00e9 Protection matin et soir sur le visage et le cou<\/p>\n","protected":false},"excerpt":{"rendered":"<p>une cr\u00e8me \u00e9claircissante avec \u00e9cran qui Unifie le teint et aide \u00e0 corriger les taches pigmentaires et Pr\u00e9vient l&rsquo;apparition de nouvelles t\u00e2ches<\/p>\n","protected":false},"featured_media":23342,"comment_status":"open","ping_status":"closed","template":"","meta":[],"product_cat":[20],"product_tag":[],"class_list":{"0":"post-16931","1":"product","2":"type-product","3":"status-publish","4":"has-post-thumbnail","6":"product_cat-accessories","8":"first","9":"instock","10":"shipping-taxable","11":"product-type-simple"},"jetpack_sharing_enabled":true,"_links":{"self":[{"href":"https:\/\/para-pharmacity.tn\/index.php?rest_route=\/wp\/v2\/product\/16931","targetHints":{"allow":["GET"]}}],"collection":[{"href":"https:\/\/para-pharmacity.tn\/index.php?rest_route=\/wp\/v2\/product"}],"about":[{"href":"https:\/\/para-pharmacity.tn\/index.php?rest_route=\/wp\/v2\/types\/product"}],"replies":[{"embeddable":true,"href":"https:\/\/para-pharmacity.tn\/index.php?rest_route=%2Fwp%2Fv2%2Fcomments&post=16931"}],"version-history":[{"count":2,"href":"https:\/\/para-pharmacity.tn\/index.php?rest_route=\/wp\/v2\/product\/16931\/revisions"}],"predecessor-version":[{"id":23343,"href":"https:\/\/para-pharmacity.tn\/index.php?rest_route=\/wp\/v2\/product\/16931\/revisions\/23343"}],"wp:featuredmedia":[{"embeddable":true,"href":"https:\/\/para-pharmacity.tn\/index.php?rest_route=\/wp\/v2\/media\/23342"}],"wp:attachment":[{"href":"https:\/\/para-pharmacity.tn\/index.php?rest_route=%2Fwp%2Fv2%2Fmedia&parent=16931"}],"wp:term":[{"taxonomy":"product_cat","embeddable":true,"href":"https:\/\/para-pharmacity.tn\/index.php?rest_route=%2Fwp%2Fv2%2Fproduct_cat&post=16931"},{"taxonomy":"product_tag","embeddable":true,"href":"https:\/\/para-pharmacity.tn\/index.php?rest_route=%2Fwp%2Fv2%2Fproduct_tag&post=16931"}],"curies":[{"name":"wp","href":"https:\/\/api.w.org\/{rel}","templated":true}]}}