{"id":16930,"date":"2024-07-10T23:00:04","date_gmt":"2024-07-10T23:00:04","guid":{"rendered":"https:\/\/para-pharmacity.tn\/?product=esth-cicaplaie-plus-creme-20gr"},"modified":"2024-08-14T18:07:54","modified_gmt":"2024-08-14T18:07:54","slug":"esth-cicaplaie-plus-creme-20gr","status":"publish","type":"product","link":"https:\/\/para-pharmacity.tn\/?product=esth-cicaplaie-plus-creme-20gr","title":{"rendered":"ESTH CICAPLAIE PLUS CREME 20GR"},"content":{"rendered":"<p>Le symphytum riche en vitamine A et en allantoine acc\u00e9l\u00e8re la multiplication cellulaire.<\/p>\n<p>Le panth\u00e9nol apporte l&rsquo;hydratation indispensable \u00e0 la cicatrisation.<\/p>\n<p>Calendula, bisabolol, et vitamine E apaisent, assouplissent la peau et soulage les tiraillements.<\/p>\n","protected":false},"excerpt":{"rendered":"<p>Cicaplaie plus est une Cr\u00e8me grasse cicatrisante.<\/p>\n<p>Cette cr\u00e8me aide \u00e0 la reconstruction de l&rsquo;int\u00e9grit\u00e9 de la peau.<\/p>\n","protected":false},"featured_media":23336,"comment_status":"open","ping_status":"closed","template":"","meta":[],"product_cat":[20],"product_tag":[],"class_list":{"0":"post-16930","1":"product","2":"type-product","3":"status-publish","4":"has-post-thumbnail","6":"product_cat-accessories","8":"first","9":"instock","10":"shipping-taxable","11":"product-type-simple"},"jetpack_sharing_enabled":true,"_links":{"self":[{"href":"https:\/\/para-pharmacity.tn\/index.php?rest_route=\/wp\/v2\/product\/16930","targetHints":{"allow":["GET"]}}],"collection":[{"href":"https:\/\/para-pharmacity.tn\/index.php?rest_route=\/wp\/v2\/product"}],"about":[{"href":"https:\/\/para-pharmacity.tn\/index.php?rest_route=\/wp\/v2\/types\/product"}],"replies":[{"embeddable":true,"href":"https:\/\/para-pharmacity.tn\/index.php?rest_route=%2Fwp%2Fv2%2Fcomments&post=16930"}],"version-history":[{"count":2,"href":"https:\/\/para-pharmacity.tn\/index.php?rest_route=\/wp\/v2\/product\/16930\/revisions"}],"predecessor-version":[{"id":23340,"href":"https:\/\/para-pharmacity.tn\/index.php?rest_route=\/wp\/v2\/product\/16930\/revisions\/23340"}],"wp:featuredmedia":[{"embeddable":true,"href":"https:\/\/para-pharmacity.tn\/index.php?rest_route=\/wp\/v2\/media\/23336"}],"wp:attachment":[{"href":"https:\/\/para-pharmacity.tn\/index.php?rest_route=%2Fwp%2Fv2%2Fmedia&parent=16930"}],"wp:term":[{"taxonomy":"product_cat","embeddable":true,"href":"https:\/\/para-pharmacity.tn\/index.php?rest_route=%2Fwp%2Fv2%2Fproduct_cat&post=16930"},{"taxonomy":"product_tag","embeddable":true,"href":"https:\/\/para-pharmacity.tn\/index.php?rest_route=%2Fwp%2Fv2%2Fproduct_tag&post=16930"}],"curies":[{"name":"wp","href":"https:\/\/api.w.org\/{rel}","templated":true}]}}