{"id":16928,"date":"2024-07-10T23:00:03","date_gmt":"2024-07-10T23:00:03","guid":{"rendered":"https:\/\/para-pharmacity.tn\/?product=esth-cicaplaie-a2"},"modified":"2024-08-14T17:49:30","modified_gmt":"2024-08-14T17:49:30","slug":"esth-cicaplaie-a2","status":"publish","type":"product","link":"https:\/\/para-pharmacity.tn\/?product=esth-cicaplaie-a2","title":{"rendered":"ESTH CICAPLAIE A2"},"content":{"rendered":"<p>Cr\u00e8me cicatrisante &#8211; Esth&rsquo;Elle Cicaplaie A2 &#8211; 15gr Cicaplaie A2 est une cr\u00e8me grasse cicatrisante indiqu\u00e9e pour la prise en charge des plaies et des l\u00e9sions cutan\u00e9es. Elle favorise une bonne cicatrisation et \u00e9vite ainsi la formation de cicatrices inesth\u00e9tiques. En assainissant, hydratant et nourrissant la plaie, elle maintient un milieu favorable \u00e0 la cicatrisation, permettant ainsi la reconstruction de l\u2019int\u00e9grit\u00e9 de la peau l\u00e9s\u00e9e. De plus, elle soulage la douleur, les sensations d\u2019inconfort et r\u00e9duit l\u2019envie de se gratter.. Indications : Cicaplaie A2 est recommand\u00e9e pour : Plaies postop\u00e9ratoires. Traitement post laser et peeling. Br\u00fblures, rougeurs, \u00e9ryth\u00e8me solaire, \u00e9corchures, \u00e9raflures, dermabrasions. Irritation de la peau. Avantages d&rsquo;utilisation de ce produit : &#8211; Une Cicatrisation Optimale : Notre cr\u00e8me grasse cr\u00e9e un environnement humide optimal, favorisant une r\u00e9g\u00e9n\u00e9ration \u00e9pidermique de qualit\u00e9. Les actifs r\u00e9parateurs tels que l&rsquo;allanto\u00efne et l&rsquo;extrait de consoude pr\u00e9viennent l&rsquo;apparition de cicatrices disgracieuses, vous permettant de retrouver une peau lisse et saine. &#8211; Assainit et Nourrit : Gr\u00e2ce \u00e0 notre formule enrichie en bisabolol, fleur de calendula, panth\u00e9nol et vitamine E, Cicaplaie A2 assainit la peau l\u00e9s\u00e9e et limite la prolif\u00e9ration bact\u00e9rienne, tout en apaisant les d\u00e9mangeaisons, rougeurs et \u0153d\u00e8mes. &#8211; Protection Contre les Agressions Ext\u00e9rieures : Notre cr\u00e8me isole et prot\u00e8ge la peau des agressions ext\u00e9rieures, offrant ainsi une barri\u00e8re protectrice pour une cicatrisation optimale. N&rsquo;h\u00e9sitez pas \u00e0 faire confiance \u00e0 CicaplaieA2 pour des r\u00e9sultats remarquables et une r\u00e9cup\u00e9ration en toute s\u00e9r\u00e9nit\u00e9. Propri\u00e9t\u00e9s : R\u00e9pare l&rsquo;\u00e9piderme en le r\u00e9g\u00e9n\u00e9rant. Soulage imm\u00e9diatement les sensations d&rsquo;inconfort et r\u00e9duit les d\u00e9mangeaisons. Nourrit et assainit la peau l\u00e9s\u00e9e. Prot\u00e8ge contre les cicatrices inesth\u00e9tiques (ch\u00e9lo\u00efdes et hyperpigmentation de la cicatrice). Tr\u00e8s bonne tol\u00e9rance et non com\u00e9dog\u00e8ne.<\/p>\n","protected":false},"excerpt":{"rendered":"<p>Cicaplaie \u00ab\u00a0ESTH&rsquo;ELLE\u00a0\u00bb est une cr\u00e8me cicatrisante apaisante:<\/p>\n<p>Assure la migration la r\u00e9g\u00e9n\u00e9ration des cellules endommag\u00e9es de la peau .<\/p>\n<p>Prot\u00e8ge contre les cicatrices et toutes les agressions cutan\u00e9es (rougeurs, frottements\u2026).<\/p>\n<p>Redonne douceur et souplesse \u00e0 la peau.<\/p>\n","protected":false},"featured_media":23327,"comment_status":"open","ping_status":"closed","template":"","meta":[],"product_cat":[20],"product_tag":[],"class_list":{"0":"post-16928","1":"product","2":"type-product","3":"status-publish","4":"has-post-thumbnail","6":"product_cat-accessories","8":"first","9":"instock","10":"shipping-taxable","11":"product-type-simple"},"jetpack_sharing_enabled":true,"_links":{"self":[{"href":"https:\/\/para-pharmacity.tn\/index.php?rest_route=\/wp\/v2\/product\/16928","targetHints":{"allow":["GET"]}}],"collection":[{"href":"https:\/\/para-pharmacity.tn\/index.php?rest_route=\/wp\/v2\/product"}],"about":[{"href":"https:\/\/para-pharmacity.tn\/index.php?rest_route=\/wp\/v2\/types\/product"}],"replies":[{"embeddable":true,"href":"https:\/\/para-pharmacity.tn\/index.php?rest_route=%2Fwp%2Fv2%2Fcomments&post=16928"}],"version-history":[{"count":2,"href":"https:\/\/para-pharmacity.tn\/index.php?rest_route=\/wp\/v2\/product\/16928\/revisions"}],"predecessor-version":[{"id":23309,"href":"https:\/\/para-pharmacity.tn\/index.php?rest_route=\/wp\/v2\/product\/16928\/revisions\/23309"}],"wp:featuredmedia":[{"embeddable":true,"href":"https:\/\/para-pharmacity.tn\/index.php?rest_route=\/wp\/v2\/media\/23327"}],"wp:attachment":[{"href":"https:\/\/para-pharmacity.tn\/index.php?rest_route=%2Fwp%2Fv2%2Fmedia&parent=16928"}],"wp:term":[{"taxonomy":"product_cat","embeddable":true,"href":"https:\/\/para-pharmacity.tn\/index.php?rest_route=%2Fwp%2Fv2%2Fproduct_cat&post=16928"},{"taxonomy":"product_tag","embeddable":true,"href":"https:\/\/para-pharmacity.tn\/index.php?rest_route=%2Fwp%2Fv2%2Fproduct_tag&post=16928"}],"curies":[{"name":"wp","href":"https:\/\/api.w.org\/{rel}","templated":true}]}}