{"id":16926,"date":"2024-07-10T23:00:03","date_gmt":"2024-07-10T23:00:03","guid":{"rendered":"https:\/\/para-pharmacity.tn\/?product=esth-beleclat-rose"},"modified":"2024-08-14T13:48:48","modified_gmt":"2024-08-14T13:48:48","slug":"esth-beleclat-rose","status":"publish","type":"product","link":"https:\/\/para-pharmacity.tn\/?product=esth-beleclat-rose","title":{"rendered":"ESTH BELECLAT ROSE"},"content":{"rendered":"<p>ESTH\u2019ELLE BEL\u2019ECLAT CREME SOIN &amp; PROTECTION 50GR BEIGE ROSE:<\/p>\n<p>BEL\u2019ECLAT est une cr\u00e8me l\u00e9g\u00e8re riche en acide hyaluronique et en huile d\u2019argan.<\/p>\n<h3>DESCRIPTION:<\/h3>\n<p>BEL\u2019ECLAT est une cr\u00e8me l\u00e9g\u00e8re riche en acide hyaluronique et en huile d\u2019argan.<\/p>\n<p>Avec sa texture velout\u00e9e, cette cr\u00e8me de jour allie soin et protection: elle nourrit et hydrate durablement votre peau, tout en lui assurant une haute protection solaire.<\/p>\n<h3>CONSEILS D\u2019UTILISATION:<\/h3>\n<p>Appliquer BEL\u2019ECLAT en couche \u00e9paise le matin.<\/p>\n<p>Renouveller l\u2019application \u00e0 chaque exposition du soleil.<\/p>\n","protected":false},"excerpt":{"rendered":"<p>BEL&rsquo;ECLAT est une cr\u00e8me l\u00e9g\u00e8re riche en acide hyaluronique et en huile d&rsquo;argan<\/p>\n","protected":false},"featured_media":23304,"comment_status":"open","ping_status":"closed","template":"","meta":[],"product_cat":[20],"product_tag":[],"class_list":{"0":"post-16926","1":"product","2":"type-product","3":"status-publish","4":"has-post-thumbnail","6":"product_cat-accessories","8":"first","9":"instock","10":"shipping-taxable","11":"product-type-simple"},"jetpack_sharing_enabled":true,"_links":{"self":[{"href":"https:\/\/para-pharmacity.tn\/index.php?rest_route=\/wp\/v2\/product\/16926","targetHints":{"allow":["GET"]}}],"collection":[{"href":"https:\/\/para-pharmacity.tn\/index.php?rest_route=\/wp\/v2\/product"}],"about":[{"href":"https:\/\/para-pharmacity.tn\/index.php?rest_route=\/wp\/v2\/types\/product"}],"replies":[{"embeddable":true,"href":"https:\/\/para-pharmacity.tn\/index.php?rest_route=%2Fwp%2Fv2%2Fcomments&post=16926"}],"version-history":[{"count":2,"href":"https:\/\/para-pharmacity.tn\/index.php?rest_route=\/wp\/v2\/product\/16926\/revisions"}],"predecessor-version":[{"id":23305,"href":"https:\/\/para-pharmacity.tn\/index.php?rest_route=\/wp\/v2\/product\/16926\/revisions\/23305"}],"wp:featuredmedia":[{"embeddable":true,"href":"https:\/\/para-pharmacity.tn\/index.php?rest_route=\/wp\/v2\/media\/23304"}],"wp:attachment":[{"href":"https:\/\/para-pharmacity.tn\/index.php?rest_route=%2Fwp%2Fv2%2Fmedia&parent=16926"}],"wp:term":[{"taxonomy":"product_cat","embeddable":true,"href":"https:\/\/para-pharmacity.tn\/index.php?rest_route=%2Fwp%2Fv2%2Fproduct_cat&post=16926"},{"taxonomy":"product_tag","embeddable":true,"href":"https:\/\/para-pharmacity.tn\/index.php?rest_route=%2Fwp%2Fv2%2Fproduct_tag&post=16926"}],"curies":[{"name":"wp","href":"https:\/\/api.w.org\/{rel}","templated":true}]}}