{"id":16925,"date":"2024-07-10T23:00:02","date_gmt":"2024-07-10T23:00:02","guid":{"rendered":"https:\/\/para-pharmacity.tn\/?product=esth-beleclat-invisible"},"modified":"2024-08-14T13:53:48","modified_gmt":"2024-08-14T13:53:48","slug":"esth-beleclat-invisible","status":"publish","type":"product","link":"https:\/\/para-pharmacity.tn\/?product=esth-beleclat-invisible","title":{"rendered":"ESTH BELECLAT INVISIBLE"},"content":{"rendered":"<p style=\"font-weight: 100\">BEL&rsquo;ECLAT est une cr\u00e8me l\u00e9g\u00e8re riche en acide hyaluronique et en huile d&rsquo;argan.<\/p>\n<p style=\"font-weight: 100\">Avec sa texture velout\u00e9e, cette cr\u00e8me de jour allie soin et protection: elle nourrit et hydrate durablement votre peau, tout en lui assurant une haute protection solaire.<\/p>\n<p style=\"font-weight: 100\">CONSEILS D&rsquo;UTILISATION:<\/p>\n<p style=\"font-weight: 100\">Appliquer BEL&rsquo;ECLAT en couche\u00e9paisse\u00a0le matin.<\/p>\n<p style=\"font-weight: 100\">Renouveler\u00a0l&rsquo;application \u00e0 chaque exposition du soleil.<\/p>\n","protected":false},"excerpt":{"rendered":"<p>BEL&rsquo;ECLAT est une cr\u00e8me l\u00e9g\u00e8re riche en acide hyaluronique et en huile d&rsquo;argan.<\/p>\n","protected":false},"featured_media":23300,"comment_status":"open","ping_status":"closed","template":"","meta":[],"product_cat":[20],"product_tag":[],"class_list":{"0":"post-16925","1":"product","2":"type-product","3":"status-publish","4":"has-post-thumbnail","6":"product_cat-accessories","8":"first","9":"instock","10":"shipping-taxable","11":"product-type-simple"},"jetpack_sharing_enabled":true,"_links":{"self":[{"href":"https:\/\/para-pharmacity.tn\/index.php?rest_route=\/wp\/v2\/product\/16925","targetHints":{"allow":["GET"]}}],"collection":[{"href":"https:\/\/para-pharmacity.tn\/index.php?rest_route=\/wp\/v2\/product"}],"about":[{"href":"https:\/\/para-pharmacity.tn\/index.php?rest_route=\/wp\/v2\/types\/product"}],"replies":[{"embeddable":true,"href":"https:\/\/para-pharmacity.tn\/index.php?rest_route=%2Fwp%2Fv2%2Fcomments&post=16925"}],"version-history":[{"count":2,"href":"https:\/\/para-pharmacity.tn\/index.php?rest_route=\/wp\/v2\/product\/16925\/revisions"}],"predecessor-version":[{"id":23301,"href":"https:\/\/para-pharmacity.tn\/index.php?rest_route=\/wp\/v2\/product\/16925\/revisions\/23301"}],"wp:featuredmedia":[{"embeddable":true,"href":"https:\/\/para-pharmacity.tn\/index.php?rest_route=\/wp\/v2\/media\/23300"}],"wp:attachment":[{"href":"https:\/\/para-pharmacity.tn\/index.php?rest_route=%2Fwp%2Fv2%2Fmedia&parent=16925"}],"wp:term":[{"taxonomy":"product_cat","embeddable":true,"href":"https:\/\/para-pharmacity.tn\/index.php?rest_route=%2Fwp%2Fv2%2Fproduct_cat&post=16925"},{"taxonomy":"product_tag","embeddable":true,"href":"https:\/\/para-pharmacity.tn\/index.php?rest_route=%2Fwp%2Fv2%2Fproduct_tag&post=16925"}],"curies":[{"name":"wp","href":"https:\/\/api.w.org\/{rel}","templated":true}]}}