{"id":16921,"date":"2024-07-10T23:00:01","date_gmt":"2024-07-10T23:00:01","guid":{"rendered":"https:\/\/para-pharmacity.tn\/?product=enfacalm-toux"},"modified":"2024-08-14T13:42:47","modified_gmt":"2024-08-14T13:42:47","slug":"enfacalm-toux","status":"publish","type":"product","link":"https:\/\/para-pharmacity.tn\/?product=enfacalm-toux","title":{"rendered":"ENFACALM TOUX"},"content":{"rendered":"<p>ENFACALM TOUX, est une solution buvable qui facilite la respiration. Il contient un m\u00e9lange de plantes apaisant l&rsquo;irritation des voies respiratoires. il propose la meilleure tol\u00e9rance gr\u00e2ce \u00e0 une formule de qualit\u00e9, sans huiles essentielles, avec un gout naturel agr\u00e9able de banane, qui peut facilement \u00eatre conseill\u00e9 aux enfants \u00e0 partir de 6 mois.<\/p>\n","protected":false},"excerpt":{"rendered":"<p>Compl\u00e9ment alimentaire sans huiles essentielles avec un gout naturel banane.<\/p>\n","protected":false},"featured_media":23286,"comment_status":"open","ping_status":"closed","template":"","meta":[],"product_cat":[20],"product_tag":[],"class_list":{"0":"post-16921","1":"product","2":"type-product","3":"status-publish","4":"has-post-thumbnail","6":"product_cat-accessories","8":"first","9":"instock","10":"shipping-taxable","11":"product-type-simple"},"jetpack_sharing_enabled":true,"_links":{"self":[{"href":"https:\/\/para-pharmacity.tn\/index.php?rest_route=\/wp\/v2\/product\/16921","targetHints":{"allow":["GET"]}}],"collection":[{"href":"https:\/\/para-pharmacity.tn\/index.php?rest_route=\/wp\/v2\/product"}],"about":[{"href":"https:\/\/para-pharmacity.tn\/index.php?rest_route=\/wp\/v2\/types\/product"}],"replies":[{"embeddable":true,"href":"https:\/\/para-pharmacity.tn\/index.php?rest_route=%2Fwp%2Fv2%2Fcomments&post=16921"}],"version-history":[{"count":2,"href":"https:\/\/para-pharmacity.tn\/index.php?rest_route=\/wp\/v2\/product\/16921\/revisions"}],"predecessor-version":[{"id":23287,"href":"https:\/\/para-pharmacity.tn\/index.php?rest_route=\/wp\/v2\/product\/16921\/revisions\/23287"}],"wp:featuredmedia":[{"embeddable":true,"href":"https:\/\/para-pharmacity.tn\/index.php?rest_route=\/wp\/v2\/media\/23286"}],"wp:attachment":[{"href":"https:\/\/para-pharmacity.tn\/index.php?rest_route=%2Fwp%2Fv2%2Fmedia&parent=16921"}],"wp:term":[{"taxonomy":"product_cat","embeddable":true,"href":"https:\/\/para-pharmacity.tn\/index.php?rest_route=%2Fwp%2Fv2%2Fproduct_cat&post=16921"},{"taxonomy":"product_tag","embeddable":true,"href":"https:\/\/para-pharmacity.tn\/index.php?rest_route=%2Fwp%2Fv2%2Fproduct_tag&post=16921"}],"curies":[{"name":"wp","href":"https:\/\/api.w.org\/{rel}","templated":true}]}}