{"id":16919,"date":"2024-07-10T22:59:58","date_gmt":"2024-07-10T22:59:58","guid":{"rendered":"https:\/\/para-pharmacity.tn\/?product=enfacalm-gaz"},"modified":"2024-08-14T13:41:17","modified_gmt":"2024-08-14T13:41:17","slug":"enfacalm-gaz","status":"publish","type":"product","link":"https:\/\/para-pharmacity.tn\/?product=enfacalm-gaz","title":{"rendered":"ENFACALM GAZ"},"content":{"rendered":"<p>ENFACALM GAZ, est une solution buvable qui facilite le transit intestinal. Il contient un m\u00e9lange d&rsquo;actifs naturels efficaces apaisant les inconforts digestifs des b\u00e9b\u00e9s. ENFACALM GAZ propose la meilleure tol\u00e9rance gr\u00e2ce \u00e0 une formule de qualit\u00e9 sans huiles essentielles, avec un gout naturel agr\u00e9able de pomme, qui convient aux nourrissons et aux enfants en bas \u00e2ge.<\/p>\n","protected":false},"excerpt":{"rendered":"<p>Compl\u00e9ment alimentaire sans huiles essentielles avec un gout naturel pomme.<\/p>\n","protected":false},"featured_media":23280,"comment_status":"open","ping_status":"closed","template":"","meta":[],"product_cat":[20],"product_tag":[],"class_list":{"0":"post-16919","1":"product","2":"type-product","3":"status-publish","4":"has-post-thumbnail","6":"product_cat-accessories","8":"first","9":"instock","10":"shipping-taxable","11":"product-type-simple"},"jetpack_sharing_enabled":true,"_links":{"self":[{"href":"https:\/\/para-pharmacity.tn\/index.php?rest_route=\/wp\/v2\/product\/16919","targetHints":{"allow":["GET"]}}],"collection":[{"href":"https:\/\/para-pharmacity.tn\/index.php?rest_route=\/wp\/v2\/product"}],"about":[{"href":"https:\/\/para-pharmacity.tn\/index.php?rest_route=\/wp\/v2\/types\/product"}],"replies":[{"embeddable":true,"href":"https:\/\/para-pharmacity.tn\/index.php?rest_route=%2Fwp%2Fv2%2Fcomments&post=16919"}],"version-history":[{"count":2,"href":"https:\/\/para-pharmacity.tn\/index.php?rest_route=\/wp\/v2\/product\/16919\/revisions"}],"predecessor-version":[{"id":23281,"href":"https:\/\/para-pharmacity.tn\/index.php?rest_route=\/wp\/v2\/product\/16919\/revisions\/23281"}],"wp:featuredmedia":[{"embeddable":true,"href":"https:\/\/para-pharmacity.tn\/index.php?rest_route=\/wp\/v2\/media\/23280"}],"wp:attachment":[{"href":"https:\/\/para-pharmacity.tn\/index.php?rest_route=%2Fwp%2Fv2%2Fmedia&parent=16919"}],"wp:term":[{"taxonomy":"product_cat","embeddable":true,"href":"https:\/\/para-pharmacity.tn\/index.php?rest_route=%2Fwp%2Fv2%2Fproduct_cat&post=16919"},{"taxonomy":"product_tag","embeddable":true,"href":"https:\/\/para-pharmacity.tn\/index.php?rest_route=%2Fwp%2Fv2%2Fproduct_tag&post=16919"}],"curies":[{"name":"wp","href":"https:\/\/api.w.org\/{rel}","templated":true}]}}