{"id":16918,"date":"2024-07-10T22:59:58","date_gmt":"2024-07-10T22:59:58","guid":{"rendered":"https:\/\/para-pharmacity.tn\/?product=enfacalm-appetit"},"modified":"2024-08-14T13:40:11","modified_gmt":"2024-08-14T13:40:11","slug":"enfacalm-appetit","status":"publish","type":"product","link":"https:\/\/para-pharmacity.tn\/?product=enfacalm-appetit","title":{"rendered":"ENFACALM APPETIT"},"content":{"rendered":"<p>ENFACALM app\u00e9tit, est indiqu\u00e9e pour les personnes en manque d&rsquo;app\u00e9tit. elle est formul\u00e9e avec de la gentiane qui contribue \u00e0 stimuler naturellement l&rsquo;app\u00e9tit et participe \u00e0 un meilleur confort digestif. elle contient \u00e9galement du fenugrec. ENFACALM app\u00e9tit propose le meilleure tol\u00e9rance gr\u00e2ce \u00e0 une formule de qualit\u00e9 sans huiles essentielles, avec un gout naturel de framboise, qui peut facilement \u00eatre conseill\u00e9 aux enfants \u00e0 partir de 6 mois.<\/p>\n","protected":false},"excerpt":{"rendered":"<p>Compl\u00e9ment alimentaire sans huiles essentielles avec un gout naturel framboise.<\/p>\n","protected":false},"featured_media":23277,"comment_status":"open","ping_status":"closed","template":"","meta":[],"product_cat":[20],"product_tag":[],"class_list":{"0":"post-16918","1":"product","2":"type-product","3":"status-publish","4":"has-post-thumbnail","6":"product_cat-accessories","8":"first","9":"instock","10":"shipping-taxable","11":"product-type-simple"},"jetpack_sharing_enabled":true,"_links":{"self":[{"href":"https:\/\/para-pharmacity.tn\/index.php?rest_route=\/wp\/v2\/product\/16918","targetHints":{"allow":["GET"]}}],"collection":[{"href":"https:\/\/para-pharmacity.tn\/index.php?rest_route=\/wp\/v2\/product"}],"about":[{"href":"https:\/\/para-pharmacity.tn\/index.php?rest_route=\/wp\/v2\/types\/product"}],"replies":[{"embeddable":true,"href":"https:\/\/para-pharmacity.tn\/index.php?rest_route=%2Fwp%2Fv2%2Fcomments&post=16918"}],"version-history":[{"count":2,"href":"https:\/\/para-pharmacity.tn\/index.php?rest_route=\/wp\/v2\/product\/16918\/revisions"}],"predecessor-version":[{"id":23278,"href":"https:\/\/para-pharmacity.tn\/index.php?rest_route=\/wp\/v2\/product\/16918\/revisions\/23278"}],"wp:featuredmedia":[{"embeddable":true,"href":"https:\/\/para-pharmacity.tn\/index.php?rest_route=\/wp\/v2\/media\/23277"}],"wp:attachment":[{"href":"https:\/\/para-pharmacity.tn\/index.php?rest_route=%2Fwp%2Fv2%2Fmedia&parent=16918"}],"wp:term":[{"taxonomy":"product_cat","embeddable":true,"href":"https:\/\/para-pharmacity.tn\/index.php?rest_route=%2Fwp%2Fv2%2Fproduct_cat&post=16918"},{"taxonomy":"product_tag","embeddable":true,"href":"https:\/\/para-pharmacity.tn\/index.php?rest_route=%2Fwp%2Fv2%2Fproduct_tag&post=16918"}],"curies":[{"name":"wp","href":"https:\/\/api.w.org\/{rel}","templated":true}]}}