{"id":16917,"date":"2024-07-10T22:59:58","date_gmt":"2024-07-10T22:59:58","guid":{"rendered":"https:\/\/para-pharmacity.tn\/?product=endocare-tensage-rad-contour-y"},"modified":"2024-08-14T13:33:40","modified_gmt":"2024-08-14T13:33:40","slug":"endocare-tensage-rad-contour-y","status":"publish","type":"product","link":"https:\/\/para-pharmacity.tn\/?product=endocare-tensage-rad-contour-y","title":{"rendered":"ENDOCARE TENSAGE RAD CONTOUR Y"},"content":{"rendered":"<div id=\"description\" class=\"tab-content-info\">\n<p>POUR Peau s\u00e8che ou mature<\/p>\n<p>Concentration de 10% de la solution de r\u00e9paration SCA, Tensderm, Superoxide Dismutase, Eyeteryl Tetrapeptide, Tripeptide\u00a0Syn-coll, Microsph\u00e8res r\u00e9fl\u00e9chissantes<\/p>\n<p>Synth\u00e8se stimulante de collag\u00e8ne et d&rsquo;\u00e9lastine pour restaurer la fermet\u00e9<\/p>\n<p>Activit\u00e9s anti-\u0153d\u00e8me et anti-glycation\u00a0r\u00e9duisant les cernes et les poches<\/p>\n<p>Anti-oxydant r\u00e9duisant le signe du vieillissement<\/p>\n<p><strong>Comment appliquer :<\/strong><\/p>\n<\/div>\n<div class=\"tab-content-info\"><\/div>\n<div class=\"tab-content-info\">Appliquer jour et nuit sur les yeux. Peut \u00eatre utilis\u00e9 avant et apr\u00e8s le maquillage pour un r\u00e9sultat \u00e9claircissant<\/div>\n","protected":false},"excerpt":{"rendered":"<ul>\n<li>Synth\u00e8se stimulante de collag\u00e8ne et d&rsquo;\u00e9lastine pour restaurer la fermet\u00e9<\/li>\n<li>Activit\u00e9s anti-\u0153d\u00e8me et anti-glycation\u00a0r\u00e9duisant les cernes et les poches<\/li>\n<li>Anti-oxydant r\u00e9duisant le signe du vieillissement<\/li>\n<\/ul>\n","protected":false},"featured_media":23273,"comment_status":"open","ping_status":"closed","template":"","meta":[],"product_cat":[20],"product_tag":[],"class_list":{"0":"post-16917","1":"product","2":"type-product","3":"status-publish","4":"has-post-thumbnail","6":"product_cat-accessories","8":"first","9":"instock","10":"shipping-taxable","11":"product-type-simple"},"jetpack_sharing_enabled":true,"_links":{"self":[{"href":"https:\/\/para-pharmacity.tn\/index.php?rest_route=\/wp\/v2\/product\/16917","targetHints":{"allow":["GET"]}}],"collection":[{"href":"https:\/\/para-pharmacity.tn\/index.php?rest_route=\/wp\/v2\/product"}],"about":[{"href":"https:\/\/para-pharmacity.tn\/index.php?rest_route=\/wp\/v2\/types\/product"}],"replies":[{"embeddable":true,"href":"https:\/\/para-pharmacity.tn\/index.php?rest_route=%2Fwp%2Fv2%2Fcomments&post=16917"}],"version-history":[{"count":3,"href":"https:\/\/para-pharmacity.tn\/index.php?rest_route=\/wp\/v2\/product\/16917\/revisions"}],"predecessor-version":[{"id":23313,"href":"https:\/\/para-pharmacity.tn\/index.php?rest_route=\/wp\/v2\/product\/16917\/revisions\/23313"}],"wp:featuredmedia":[{"embeddable":true,"href":"https:\/\/para-pharmacity.tn\/index.php?rest_route=\/wp\/v2\/media\/23273"}],"wp:attachment":[{"href":"https:\/\/para-pharmacity.tn\/index.php?rest_route=%2Fwp%2Fv2%2Fmedia&parent=16917"}],"wp:term":[{"taxonomy":"product_cat","embeddable":true,"href":"https:\/\/para-pharmacity.tn\/index.php?rest_route=%2Fwp%2Fv2%2Fproduct_cat&post=16917"},{"taxonomy":"product_tag","embeddable":true,"href":"https:\/\/para-pharmacity.tn\/index.php?rest_route=%2Fwp%2Fv2%2Fproduct_tag&post=16917"}],"curies":[{"name":"wp","href":"https:\/\/api.w.org\/{rel}","templated":true}]}}