{"id":16912,"date":"2024-07-10T22:59:56","date_gmt":"2024-07-10T22:59:56","guid":{"rendered":"https:\/\/para-pharmacity.tn\/?product=endocare-tensage-creme-50-ml"},"modified":"2024-07-26T11:24:52","modified_gmt":"2024-07-26T11:24:52","slug":"endocare-tensage-creme-50-ml","status":"publish","type":"product","link":"https:\/\/para-pharmacity.tn\/?product=endocare-tensage-creme-50-ml","title":{"rendered":"ENDOCARE TENSAGE CREME 50 ML"},"content":{"rendered":"<p>La Cr\u00e8me Nourrissante Endocare Tensage est une cr\u00e8me riche et \u00e0 absorption rapide qui augmente la fermet\u00e9 et l&rsquo;\u00e9lasticit\u00e9 de la peau, procurant un effet repulpant et un ovale du visage red\u00e9fini.<\/p>\n<p>Stimule toutes les phases de la synth\u00e8se du collag\u00e8ne gr\u00e2ce \u00e0 la combinaison synergique du Complexe Triple Action Raffermissante:<\/p>\n<p>&#8211; Facteurs de croissance SCA\u00ae<\/p>\n<p>&#8211;\u00a0Peptides raffermissants Tensderm<\/p>\n<p>&#8211; Actifs Volumisants Lakesis et Actifol.<\/p>\n<p>De plus, son puissant m\u00e9lange d&rsquo;actifs hydratants et \u00e9mollients nourrit et recouvre la peau, renfor\u00e7ant la barri\u00e8re protectrice.\u00a0La Cr\u00e8me Nourrissante Endocare Tensage nourrit la peau pour une hydratation imm\u00e9diate et durable.\u00a0Soin anti-\u00e2ge quotidien sp\u00e9cialement indiqu\u00e9 pour les peaux pr\u00e9sentant des signes de vieillissement avanc\u00e9 \u00e0 mod\u00e9r\u00e9.<\/p>\n","protected":false},"excerpt":{"rendered":"<p>La cr\u00e8me nourrissante Endocare Tensage stimule la synth\u00e8se de collag\u00e8ne pour une peau plus ferme et plus lisse.<\/p>\n","protected":false},"featured_media":23238,"comment_status":"open","ping_status":"closed","template":"","meta":[],"product_cat":[20],"product_tag":[],"class_list":{"0":"post-16912","1":"product","2":"type-product","3":"status-publish","4":"has-post-thumbnail","6":"product_cat-accessories","8":"first","9":"instock","10":"shipping-taxable","11":"product-type-simple"},"jetpack_sharing_enabled":true,"_links":{"self":[{"href":"https:\/\/para-pharmacity.tn\/index.php?rest_route=\/wp\/v2\/product\/16912","targetHints":{"allow":["GET"]}}],"collection":[{"href":"https:\/\/para-pharmacity.tn\/index.php?rest_route=\/wp\/v2\/product"}],"about":[{"href":"https:\/\/para-pharmacity.tn\/index.php?rest_route=\/wp\/v2\/types\/product"}],"replies":[{"embeddable":true,"href":"https:\/\/para-pharmacity.tn\/index.php?rest_route=%2Fwp%2Fv2%2Fcomments&post=16912"}],"version-history":[{"count":1,"href":"https:\/\/para-pharmacity.tn\/index.php?rest_route=\/wp\/v2\/product\/16912\/revisions"}],"predecessor-version":[{"id":23241,"href":"https:\/\/para-pharmacity.tn\/index.php?rest_route=\/wp\/v2\/product\/16912\/revisions\/23241"}],"wp:featuredmedia":[{"embeddable":true,"href":"https:\/\/para-pharmacity.tn\/index.php?rest_route=\/wp\/v2\/media\/23238"}],"wp:attachment":[{"href":"https:\/\/para-pharmacity.tn\/index.php?rest_route=%2Fwp%2Fv2%2Fmedia&parent=16912"}],"wp:term":[{"taxonomy":"product_cat","embeddable":true,"href":"https:\/\/para-pharmacity.tn\/index.php?rest_route=%2Fwp%2Fv2%2Fproduct_cat&post=16912"},{"taxonomy":"product_tag","embeddable":true,"href":"https:\/\/para-pharmacity.tn\/index.php?rest_route=%2Fwp%2Fv2%2Fproduct_tag&post=16912"}],"curies":[{"name":"wp","href":"https:\/\/api.w.org\/{rel}","templated":true}]}}