{"id":16910,"date":"2024-07-10T22:59:55","date_gmt":"2024-07-10T22:59:55","guid":{"rendered":"https:\/\/para-pharmacity.tn\/?product=endocare-tensage-102ml-amp-concent"},"modified":"2024-07-26T11:17:58","modified_gmt":"2024-07-26T11:17:58","slug":"endocare-tensage-102ml-amp-concent","status":"publish","type":"product","link":"https:\/\/para-pharmacity.tn\/?product=endocare-tensage-102ml-amp-concent","title":{"rendered":"ENDOCARE TENSAGE 10*2ML AMP CONCENT"},"content":{"rendered":"<ul>\n<li class=\"showHiddenFeatureBullets\"><span class=\"notranslate\"><span class=\"a-list-item\">Superintensif, r\u00e9affirmant, redensifiant les ampoules qui hydratent, r\u00e9affirment et procurent un effet tenseur imm\u00e9diat sur la peau.<\/span><\/span><\/li>\n<li class=\"showHiddenFeatureBullets\"><span class=\"notranslate\"><span class=\"a-list-item\">Contient des peptides de derni\u00e8re g\u00e9n\u00e9ration avec des effets \u00e9claircissants et d\u00e9pigmentants qui aident \u00e9galement \u00e0 att\u00e9nuer les taches produites par le soleil.<\/span><\/span><\/li>\n<li class=\"showHiddenFeatureBullets\"><span class=\"notranslate\"><span class=\"a-list-item\">Traitement intensif du photovieillissement cutan\u00e9.<\/span><\/span>\u00a0<span class=\"notranslate\"><span class=\"a-list-item\">Tensage d&rsquo;endocarpe est tous les types de peau.<\/span><\/span><\/li>\n<\/ul>\n<p><span class=\"notranslate\">Parfois, les traitements anti-rides ont besoin d&rsquo;une pouss\u00e9e suppl\u00e9mentaire pour aider \u00e0 am\u00e9liorer ses effets ou \u00e0 les compl\u00e9ter.<\/span>\u00a0<span class=\"notranslate\">Ces ampoules Endocare Tensage flash peuvent \u00eatre utilis\u00e9es comme traitement \u00e0 des moments pr\u00e9cis lorsque vous souhaitez obtenir un effet imm\u00e9diat ou ajouter des cr\u00e8mes \u00e0 compl\u00e9ter.<\/span>\u00a0<span class=\"notranslate\">Ces ampoules de raffermissement des rides sont con\u00e7ues pour aider les personnes souffrant de malnutrition ou les probl\u00e8mes de taches solaires sur la peau.<\/span>\u00a0<span class=\"notranslate\">Ils aident \u00e0 lutter contre le vieillissement de la peau et contiennent une combinaison d&rsquo;hydratants naturels qui aident la peau \u00e0 retrouver son meilleur.<\/span>\u00a0<span class=\"notranslate\">Les ampoules Endocare Tensage peuvent \u00eatre utilis\u00e9es directement sur la peau ou peuvent \u00eatre m\u00e9lang\u00e9es \u00e0 la cr\u00e8me anti-rides pour am\u00e9liorer ses effets.<\/span>\u00a0<span class=\"notranslate\">Compl\u00e9tez votre cr\u00e8me anti-\u00e2ge!<\/span><\/p>\n<p><span class=\"notranslate\"><strong>Conseils d&rsquo;utilisation :<br \/>\n<\/strong><\/span><\/p>\n<p><span class=\"notranslate\">Selon l&rsquo;effet d\u00e9sir\u00e9 peut \u00eatre appliqu\u00e9 de diff\u00e9rentes mani\u00e8res.<\/span>\u00a0<span class=\"notranslate\">Consultez les instructions.<\/span><\/p>\n<p><strong><span class=\"notranslate\">Composition :<\/span><\/strong><\/p>\n<div class=\"bottom-spacer-small padded-small gray-box tab__composicion\">\n<p><span class=\"notranslate\">SCA 50%, HEXAP\u00c9PTIDOS 10%, FITOESTR\u00d3GENOS, CALCIO Y \u00c1CIDO HIALUR\u00d3NICO.<\/span><\/p>\n<\/div>\n<p><span class=\"notranslate\"><strong>Note: Les<\/strong>\u00a0ingr\u00e9dients list\u00e9s sont bas\u00e9s sur les informations les plus r\u00e9centes disponibles.<\/span>\u00a0<span class=\"notranslate\">S&rsquo;il vous pla\u00eet se r\u00e9f\u00e9rer \u00e0 l&#8217;emballage du produit r\u00e9el que les formulations peuvent changer.<\/span><\/p>\n","protected":false},"excerpt":{"rendered":"<p>Endocare Tensage Concentrate SCA 50 10 x 2 ml, hydratant anti-\u00e2ge aux effets tenseur agissant comme un compl\u00e9ment parfait \u00e0 votre cr\u00e8me antirides.<\/p>\n","protected":false},"featured_media":0,"comment_status":"open","ping_status":"closed","template":"","meta":[],"product_cat":[20],"product_tag":[],"class_list":{"0":"post-16910","1":"product","2":"type-product","3":"status-publish","5":"product_cat-accessories","7":"first","8":"instock","9":"shipping-taxable","10":"product-type-simple"},"jetpack_sharing_enabled":true,"_links":{"self":[{"href":"https:\/\/para-pharmacity.tn\/index.php?rest_route=\/wp\/v2\/product\/16910","targetHints":{"allow":["GET"]}}],"collection":[{"href":"https:\/\/para-pharmacity.tn\/index.php?rest_route=\/wp\/v2\/product"}],"about":[{"href":"https:\/\/para-pharmacity.tn\/index.php?rest_route=\/wp\/v2\/types\/product"}],"replies":[{"embeddable":true,"href":"https:\/\/para-pharmacity.tn\/index.php?rest_route=%2Fwp%2Fv2%2Fcomments&post=16910"}],"version-history":[{"count":1,"href":"https:\/\/para-pharmacity.tn\/index.php?rest_route=\/wp\/v2\/product\/16910\/revisions"}],"predecessor-version":[{"id":23233,"href":"https:\/\/para-pharmacity.tn\/index.php?rest_route=\/wp\/v2\/product\/16910\/revisions\/23233"}],"wp:attachment":[{"href":"https:\/\/para-pharmacity.tn\/index.php?rest_route=%2Fwp%2Fv2%2Fmedia&parent=16910"}],"wp:term":[{"taxonomy":"product_cat","embeddable":true,"href":"https:\/\/para-pharmacity.tn\/index.php?rest_route=%2Fwp%2Fv2%2Fproduct_cat&post=16910"},{"taxonomy":"product_tag","embeddable":true,"href":"https:\/\/para-pharmacity.tn\/index.php?rest_route=%2Fwp%2Fv2%2Fproduct_tag&post=16910"}],"curies":[{"name":"wp","href":"https:\/\/api.w.org\/{rel}","templated":true}]}}