{"id":16909,"date":"2024-07-10T22:59:55","date_gmt":"2024-07-10T22:59:55","guid":{"rendered":"https:\/\/para-pharmacity.tn\/?product=endocare-radiance-peel-mask-56-ml-sache"},"modified":"2024-07-26T11:13:42","modified_gmt":"2024-07-26T11:13:42","slug":"endocare-radiance-peel-mask-56-ml-sache","status":"publish","type":"product","link":"https:\/\/para-pharmacity.tn\/?product=endocare-radiance-peel-mask-56-ml-sache","title":{"rendered":"ENDOCARE RADIANCE PEEL MASK 5*6 ML SACHE"},"content":{"rendered":"<p>Masque en gel aux ingr\u00e9dients actifs qui exfolient, purifient et fournissent une action antioxydante pour am\u00e9liorer la texture de la peau. Il brouille les lignes d\u2019expression et illumine instantan\u00e9ment la peau. Il favorise la p\u00e9n\u00e9tration et l\u2019action des ingr\u00e9dients d\u2019autres traitements appliqu\u00e9s pr\u00e9c\u00e9demment en am\u00e9liorant leur efficacit\u00e9.<\/p>\n<p>Format\u00a0: 5 sachets monodose x 6 ml<\/p>\n","protected":false},"excerpt":{"rendered":"<p>Masque en gel aux ingr\u00e9dients actifs qui exfolient, purifient et fournissent une action antioxydante pour am\u00e9liorer la texture de la<\/p>\n","protected":false},"featured_media":23222,"comment_status":"open","ping_status":"closed","template":"","meta":[],"product_cat":[20],"product_tag":[],"class_list":{"0":"post-16909","1":"product","2":"type-product","3":"status-publish","4":"has-post-thumbnail","6":"product_cat-accessories","8":"first","9":"instock","10":"shipping-taxable","11":"product-type-simple"},"jetpack_sharing_enabled":true,"_links":{"self":[{"href":"https:\/\/para-pharmacity.tn\/index.php?rest_route=\/wp\/v2\/product\/16909","targetHints":{"allow":["GET"]}}],"collection":[{"href":"https:\/\/para-pharmacity.tn\/index.php?rest_route=\/wp\/v2\/product"}],"about":[{"href":"https:\/\/para-pharmacity.tn\/index.php?rest_route=\/wp\/v2\/types\/product"}],"replies":[{"embeddable":true,"href":"https:\/\/para-pharmacity.tn\/index.php?rest_route=%2Fwp%2Fv2%2Fcomments&post=16909"}],"version-history":[{"count":2,"href":"https:\/\/para-pharmacity.tn\/index.php?rest_route=\/wp\/v2\/product\/16909\/revisions"}],"predecessor-version":[{"id":23227,"href":"https:\/\/para-pharmacity.tn\/index.php?rest_route=\/wp\/v2\/product\/16909\/revisions\/23227"}],"wp:featuredmedia":[{"embeddable":true,"href":"https:\/\/para-pharmacity.tn\/index.php?rest_route=\/wp\/v2\/media\/23222"}],"wp:attachment":[{"href":"https:\/\/para-pharmacity.tn\/index.php?rest_route=%2Fwp%2Fv2%2Fmedia&parent=16909"}],"wp:term":[{"taxonomy":"product_cat","embeddable":true,"href":"https:\/\/para-pharmacity.tn\/index.php?rest_route=%2Fwp%2Fv2%2Fproduct_cat&post=16909"},{"taxonomy":"product_tag","embeddable":true,"href":"https:\/\/para-pharmacity.tn\/index.php?rest_route=%2Fwp%2Fv2%2Fproduct_tag&post=16909"}],"curies":[{"name":"wp","href":"https:\/\/api.w.org\/{rel}","templated":true}]}}