{"id":16907,"date":"2024-07-10T22:59:54","date_gmt":"2024-07-10T22:59:54","guid":{"rendered":"https:\/\/para-pharmacity.tn\/?product=endocare-eau-micellaire-400-ml"},"modified":"2024-07-26T11:07:00","modified_gmt":"2024-07-26T11:07:00","slug":"endocare-eau-micellaire-400-ml","status":"publish","type":"product","link":"https:\/\/para-pharmacity.tn\/?product=endocare-eau-micellaire-400-ml","title":{"rendered":"ENDOCARE EAU MICELLAIRE 400 ML"},"content":{"rendered":"<p>L&rsquo;Eau Micellaire Hydractive Endocare est un nettoyant pour le visage avec des ingr\u00e9dients actifs d\u00e9licats qui nettoie et nettoie en profondeur, \u00e9liminant m\u00eame le maquillage imperm\u00e9able.<\/p>\n<p>Microbiome Recovery Complex restaure la fonction de barri\u00e8re cutan\u00e9e, respecte le pH physiologique de la peau, aide \u00e0 prot\u00e9ger contre le stress environnemental.<\/p>\n<p>Peau propre, douce, hydrat\u00e9e et tonique.<\/p>\n<p>Convient \u00e0 tous les types de peau, y compris sensibles et intol\u00e9rantes, convient aux yeux sensibles et aux porteurs de lentilles de contact.<\/p>\n<p>Test\u00e9 sous contr\u00f4le dermatologique et ophtalmologique.<\/p>\n<p>Nettoie et d\u00e9maquille tous les types de peau.<\/p>\n<p>Convient aux yeux sensibles et aux porteurs de lentilles de contact.<\/p>\n","protected":false},"excerpt":{"rendered":"<p>L&rsquo;Eau Micellaire Hydractive Endocare est un nettoyant pour le visage avec des ingr\u00e9dients actifs d\u00e9licats qui nettoie et nettoie en profondeur, \u00e9liminant m\u00eame le maquillage imperm\u00e9able.<\/p>\n","protected":false},"featured_media":23218,"comment_status":"open","ping_status":"closed","template":"","meta":[],"product_cat":[20],"product_tag":[],"class_list":{"0":"post-16907","1":"product","2":"type-product","3":"status-publish","4":"has-post-thumbnail","6":"product_cat-accessories","8":"first","9":"instock","10":"shipping-taxable","11":"product-type-simple"},"jetpack_sharing_enabled":true,"_links":{"self":[{"href":"https:\/\/para-pharmacity.tn\/index.php?rest_route=\/wp\/v2\/product\/16907","targetHints":{"allow":["GET"]}}],"collection":[{"href":"https:\/\/para-pharmacity.tn\/index.php?rest_route=\/wp\/v2\/product"}],"about":[{"href":"https:\/\/para-pharmacity.tn\/index.php?rest_route=\/wp\/v2\/types\/product"}],"replies":[{"embeddable":true,"href":"https:\/\/para-pharmacity.tn\/index.php?rest_route=%2Fwp%2Fv2%2Fcomments&post=16907"}],"version-history":[{"count":1,"href":"https:\/\/para-pharmacity.tn\/index.php?rest_route=\/wp\/v2\/product\/16907\/revisions"}],"predecessor-version":[{"id":23219,"href":"https:\/\/para-pharmacity.tn\/index.php?rest_route=\/wp\/v2\/product\/16907\/revisions\/23219"}],"wp:featuredmedia":[{"embeddable":true,"href":"https:\/\/para-pharmacity.tn\/index.php?rest_route=\/wp\/v2\/media\/23218"}],"wp:attachment":[{"href":"https:\/\/para-pharmacity.tn\/index.php?rest_route=%2Fwp%2Fv2%2Fmedia&parent=16907"}],"wp:term":[{"taxonomy":"product_cat","embeddable":true,"href":"https:\/\/para-pharmacity.tn\/index.php?rest_route=%2Fwp%2Fv2%2Fproduct_cat&post=16907"},{"taxonomy":"product_tag","embeddable":true,"href":"https:\/\/para-pharmacity.tn\/index.php?rest_route=%2Fwp%2Fv2%2Fproduct_tag&post=16907"}],"curies":[{"name":"wp","href":"https:\/\/api.w.org\/{rel}","templated":true}]}}