{"id":16906,"date":"2024-07-10T22:59:54","date_gmt":"2024-07-10T22:59:54","guid":{"rendered":"https:\/\/para-pharmacity.tn\/?product=endocare-c-pure-ampl-7-1-ml"},"modified":"2024-07-26T11:04:02","modified_gmt":"2024-07-26T11:04:02","slug":"endocare-c-pure-ampl-7-1-ml","status":"publish","type":"product","link":"https:\/\/para-pharmacity.tn\/?product=endocare-c-pure-ampl-7-1-ml","title":{"rendered":"ENDOCARE C PURE AMPL 7.1 ML"},"content":{"rendered":"<p>Endocare C concentr\u00e9 pur 7 x 1 mlEndocare C concentr\u00e9 pur 7 x 1 mlCiblez l&rsquo;apparence des dommages du soleil, des ridules et de la matit\u00e9 avec le nouveau concentr\u00e9 Endocare C Pure. Ce cours intensif de deux semaines est infus\u00e9 avec une concentration \u00e9lev\u00e9e de vitamine C antioxydante pour \u00e9claircir activement les taches sombres et stimuler la production de collag\u00e8ne dans les couches inf\u00e9rieures. SCA BioRepair Technology favorise la r\u00e9g\u00e9n\u00e9ration cellulaire et le rajeunissement, aidant \u00e0 adoucir l&rsquo;apparence des ridules et \u00e0 augmenter la fermet\u00e9 de la peau en peu de temps. Convient \u00e0 tous les types de peau, appliquer le contenu d&rsquo;une ampoule chaque jour (la moiti\u00e9 du matin et la moiti\u00e9 du soir) pour une peau nettoy\u00e9e sur le visage, le cou et la poitrine pour de meilleurs r\u00e9sultats.<\/p>\n","protected":false},"excerpt":{"rendered":"<p>Traitement antioxydant intensif \u00c9claircit et repulpe la peau Formule l\u00e9g\u00e8re et sans huile Con\u00e7u pour \u00eatre utilis\u00e9 quotidiennement pendant deux semaines<\/p>\n","protected":false},"featured_media":23215,"comment_status":"open","ping_status":"closed","template":"","meta":[],"product_cat":[20],"product_tag":[],"class_list":{"0":"post-16906","1":"product","2":"type-product","3":"status-publish","4":"has-post-thumbnail","6":"product_cat-accessories","8":"first","9":"instock","10":"shipping-taxable","11":"product-type-simple"},"jetpack_sharing_enabled":true,"_links":{"self":[{"href":"https:\/\/para-pharmacity.tn\/index.php?rest_route=\/wp\/v2\/product\/16906","targetHints":{"allow":["GET"]}}],"collection":[{"href":"https:\/\/para-pharmacity.tn\/index.php?rest_route=\/wp\/v2\/product"}],"about":[{"href":"https:\/\/para-pharmacity.tn\/index.php?rest_route=\/wp\/v2\/types\/product"}],"replies":[{"embeddable":true,"href":"https:\/\/para-pharmacity.tn\/index.php?rest_route=%2Fwp%2Fv2%2Fcomments&post=16906"}],"version-history":[{"count":1,"href":"https:\/\/para-pharmacity.tn\/index.php?rest_route=\/wp\/v2\/product\/16906\/revisions"}],"predecessor-version":[{"id":23216,"href":"https:\/\/para-pharmacity.tn\/index.php?rest_route=\/wp\/v2\/product\/16906\/revisions\/23216"}],"wp:featuredmedia":[{"embeddable":true,"href":"https:\/\/para-pharmacity.tn\/index.php?rest_route=\/wp\/v2\/media\/23215"}],"wp:attachment":[{"href":"https:\/\/para-pharmacity.tn\/index.php?rest_route=%2Fwp%2Fv2%2Fmedia&parent=16906"}],"wp:term":[{"taxonomy":"product_cat","embeddable":true,"href":"https:\/\/para-pharmacity.tn\/index.php?rest_route=%2Fwp%2Fv2%2Fproduct_cat&post=16906"},{"taxonomy":"product_tag","embeddable":true,"href":"https:\/\/para-pharmacity.tn\/index.php?rest_route=%2Fwp%2Fv2%2Fproduct_tag&post=16906"}],"curies":[{"name":"wp","href":"https:\/\/api.w.org\/{rel}","templated":true}]}}