{"id":16905,"date":"2024-07-10T22:59:54","date_gmt":"2024-07-10T22:59:54","guid":{"rendered":"https:\/\/para-pharmacity.tn\/?product=endocare-c-pure-ampl-14-1-ml"},"modified":"2024-07-26T11:00:57","modified_gmt":"2024-07-26T11:00:57","slug":"endocare-c-pure-ampl-14-1-ml","status":"publish","type":"product","link":"https:\/\/para-pharmacity.tn\/?product=endocare-c-pure-ampl-14-1-ml","title":{"rendered":"ENDOCARE C PURE AMPL 14.1 ML"},"content":{"rendered":"<p>R\u00e9g\u00e9n\u00e9ration dermique intense et \u00e9clat du teint<\/p>\n<p>Haute concentration en vitamine C;<\/p>\n<p>Eclaircissant et illuminant;<\/p>\n<p>Convient aux climats chauds et humides;<\/p>\n<p>Tout types de peaux y compris mixtes et grasses;<\/p>\n<p>Exellentes caract\u00e9ristiques gal\u00e9niques.<\/p>\n<p>14 Ampoules * 1 ml<\/p>\n","protected":false},"excerpt":{"rendered":"<p>R\u00e9g\u00e9n\u00e9ration dermique intense et \u00e9clat du teint Haute concentration en vitamine C; Eclaircissant et illuminant; Convient aux climats chauds et<\/p>\n","protected":false},"featured_media":23213,"comment_status":"open","ping_status":"closed","template":"","meta":[],"product_cat":[20],"product_tag":[],"class_list":{"0":"post-16905","1":"product","2":"type-product","3":"status-publish","4":"has-post-thumbnail","6":"product_cat-accessories","8":"first","9":"instock","10":"shipping-taxable","11":"product-type-simple"},"jetpack_sharing_enabled":true,"_links":{"self":[{"href":"https:\/\/para-pharmacity.tn\/index.php?rest_route=\/wp\/v2\/product\/16905","targetHints":{"allow":["GET"]}}],"collection":[{"href":"https:\/\/para-pharmacity.tn\/index.php?rest_route=\/wp\/v2\/product"}],"about":[{"href":"https:\/\/para-pharmacity.tn\/index.php?rest_route=\/wp\/v2\/types\/product"}],"replies":[{"embeddable":true,"href":"https:\/\/para-pharmacity.tn\/index.php?rest_route=%2Fwp%2Fv2%2Fcomments&post=16905"}],"version-history":[{"count":1,"href":"https:\/\/para-pharmacity.tn\/index.php?rest_route=\/wp\/v2\/product\/16905\/revisions"}],"predecessor-version":[{"id":23214,"href":"https:\/\/para-pharmacity.tn\/index.php?rest_route=\/wp\/v2\/product\/16905\/revisions\/23214"}],"wp:featuredmedia":[{"embeddable":true,"href":"https:\/\/para-pharmacity.tn\/index.php?rest_route=\/wp\/v2\/media\/23213"}],"wp:attachment":[{"href":"https:\/\/para-pharmacity.tn\/index.php?rest_route=%2Fwp%2Fv2%2Fmedia&parent=16905"}],"wp:term":[{"taxonomy":"product_cat","embeddable":true,"href":"https:\/\/para-pharmacity.tn\/index.php?rest_route=%2Fwp%2Fv2%2Fproduct_cat&post=16905"},{"taxonomy":"product_tag","embeddable":true,"href":"https:\/\/para-pharmacity.tn\/index.php?rest_route=%2Fwp%2Fv2%2Fproduct_tag&post=16905"}],"curies":[{"name":"wp","href":"https:\/\/api.w.org\/{rel}","templated":true}]}}