{"id":16903,"date":"2024-07-10T22:59:53","date_gmt":"2024-07-10T22:59:53","guid":{"rendered":"https:\/\/para-pharmacity.tn\/?product=emser-pastillen-sans-sucre-menthol"},"modified":"2024-07-26T10:37:37","modified_gmt":"2024-07-26T10:37:37","slug":"emser-pastillen-sans-sucre-menthol","status":"publish","type":"product","link":"https:\/\/para-pharmacity.tn\/?product=emser-pastillen-sans-sucre-menthol","title":{"rendered":"EMSER PASTILLEN SANS SUCRE MENTHOL"},"content":{"rendered":"<p><strong>Caract\u00e9ristiques\u00a0du produit<\/strong><br \/>\nEmser sans sucre avec menthol sont des pastilles pour la gorge. Elles sont indiqu\u00e9es pour traiter les maux de gorge, l\u2019envie de tousser lors d\u2019inflammations du pharynx et de la gorge d\u2019origines diverses ainsi que les probl\u00e8mes de d\u00e9glutition. En outre, elles prot\u00e8gent la voix et la gorge lors de fortes sollicitations de la voix, de renvois acides (reflux) et de s\u00e9cheresse des voies respiratoires.<\/p>\n<p><strong>Mode d\u2019emploi<\/strong><br \/>\nAdultes et enfants d\u00e8s 6 ans<br \/>\nSucer ou laisser fondre dans la bouche 1 \u00e0 2 Emser sans menthol plusieurs fois par jour, mais jusqu\u2019\u00e0 6 fois maximum.<\/p>\n<p>Enfants de 3 \u00e0 6 ans<br \/>\nSucer ou laisser fondre dans la bouche 1 Emser sans menthol plusieurs fois par jour, mais jusqu\u2019\u00e0 4 fois maximum.<\/p>\n<p>Lorsque le trouble ne s\u2019am\u00e9liore pas apr\u00e8s 3 jours, consulter un professionnel de sant\u00e9.<\/p>\n<p><strong>Composition<\/strong><br \/>\nUne pastille contient : 126 mg de sel Emser naturel (donn\u00e9es d\u2019analyse des ions en g\/kg : lithium 0,21, sodium 308,7, potassium 6,11, magn\u00e9sium 0,291, calcium 0,016, mangan\u00e8se 0,0001, fer (II, III) 0,003, fluorure 0,078, chlorure 188,4, bromure 0,202, iodure 0,005, nitrate 0,355, sulfates9,24, carbonate d\u2019hydrog\u00e8ne 474,4, carbonate 14,0).<br \/>\nExcipients : isomalte, st\u00e9arate de calcium, ar\u00f4me de menthol, ar\u00f4me de menthe, sucralose.<\/p>\n<p><strong>Pr\u00e9cautions d\u2019emploi<\/strong><br \/>\nLes pastilles Emser sans sucre avec menthol ne doivent pas \u00eatre prises en cas d\u2019allergie \u00e0 toute substance entrant dans la composition de ces derni\u00e8res. La prise de Emser sans sucre avec menthol n\u2019est pas recommand\u00e9e chez la femme enceinte ou allaitante \u00e0 cause de sa forte teneur en huiles essentielles. L\u2019utilisation Emser sans sucre avec menthol n\u2019est pas recommand\u00e9e chez les enfants de moins de 3 ans. Eviter la prise simultan\u00e9e d\u2019autres m\u00e9dicaments.<\/p>\n","protected":false},"excerpt":{"rendered":"<p>Emser sans sucre avec menthol sont des pastilles indiqu\u00e9es pour soulager les maux de gorge et diff\u00e9rentes inflammations du pharynx. Les pastilles Emser sans sucre avec menthol hydratent et favorisent la gu\u00e9rison.<\/p>\n","protected":false},"featured_media":23207,"comment_status":"open","ping_status":"closed","template":"","meta":[],"product_cat":[20],"product_tag":[],"class_list":{"0":"post-16903","1":"product","2":"type-product","3":"status-publish","4":"has-post-thumbnail","6":"product_cat-accessories","8":"first","9":"instock","10":"shipping-taxable","11":"product-type-simple"},"jetpack_sharing_enabled":true,"_links":{"self":[{"href":"https:\/\/para-pharmacity.tn\/index.php?rest_route=\/wp\/v2\/product\/16903","targetHints":{"allow":["GET"]}}],"collection":[{"href":"https:\/\/para-pharmacity.tn\/index.php?rest_route=\/wp\/v2\/product"}],"about":[{"href":"https:\/\/para-pharmacity.tn\/index.php?rest_route=\/wp\/v2\/types\/product"}],"replies":[{"embeddable":true,"href":"https:\/\/para-pharmacity.tn\/index.php?rest_route=%2Fwp%2Fv2%2Fcomments&post=16903"}],"version-history":[{"count":2,"href":"https:\/\/para-pharmacity.tn\/index.php?rest_route=\/wp\/v2\/product\/16903\/revisions"}],"predecessor-version":[{"id":23210,"href":"https:\/\/para-pharmacity.tn\/index.php?rest_route=\/wp\/v2\/product\/16903\/revisions\/23210"}],"wp:featuredmedia":[{"embeddable":true,"href":"https:\/\/para-pharmacity.tn\/index.php?rest_route=\/wp\/v2\/media\/23207"}],"wp:attachment":[{"href":"https:\/\/para-pharmacity.tn\/index.php?rest_route=%2Fwp%2Fv2%2Fmedia&parent=16903"}],"wp:term":[{"taxonomy":"product_cat","embeddable":true,"href":"https:\/\/para-pharmacity.tn\/index.php?rest_route=%2Fwp%2Fv2%2Fproduct_cat&post=16903"},{"taxonomy":"product_tag","embeddable":true,"href":"https:\/\/para-pharmacity.tn\/index.php?rest_route=%2Fwp%2Fv2%2Fproduct_tag&post=16903"}],"curies":[{"name":"wp","href":"https:\/\/api.w.org\/{rel}","templated":true}]}}