{"id":16902,"date":"2024-07-10T22:59:53","date_gmt":"2024-07-10T22:59:53","guid":{"rendered":"https:\/\/para-pharmacity.tn\/?product=ems-rhinceur-douche-nasale"},"modified":"2024-07-26T10:33:54","modified_gmt":"2024-07-26T10:33:54","slug":"ems-rhinceur-douche-nasale","status":"publish","type":"product","link":"https:\/\/para-pharmacity.tn\/?product=ems-rhinceur-douche-nasale","title":{"rendered":"EMS RHINCEUR DOUCHE NASALE"},"content":{"rendered":"<p>Imaginez rem\u00e9dier aux congestions nasales de vos enfants en une simple application, douce et efficace, con\u00e7ue sp\u00e9cifiquement pour leur d\u00e9licate anatomie nasale. C&rsquo;est ce que propose la Douche Nasale Rhinicur pour enfants, une solution sant\u00e9 innovante pour un nettoyage nasal intensif adapt\u00e9 aux petits.<\/p>\n<h2>Nourrir le bien-\u00eatre et la libert\u00e9 respiratoire avec Rhinicur<\/h2>\n<h3>Une solution de promotion de la sant\u00e9 des enfants<\/h3>\n<p>La Douche Nasale Rhinicur pour enfants est plus qu\u2019un simple produit de sant\u00e9. Elle repr\u00e9sente une v\u00e9ritable innovation en mati\u00e8re de soins de sant\u00e9 pr\u00e9ventifs et r\u00e9actifs pour les enfants. Ce\u00a0<a href=\"https:\/\/www.medical-beaute.com\/fr\/665-sant%C3%A9\">dispositif de sant\u00e9<\/a>\u00a0est sp\u00e9cialement con\u00e7u pour effacer en douceur les probl\u00e8mes de congestion nasale courants chez les enfants. Gr\u00e2ce \u00e0 son fonctionnement simple et non invasive, la douche nasale assure un nettoyage nasal profond pour aider \u00e0 soulager les sympt\u00f4mes du rhume, de la grippe et d&rsquo;autres troubles respiratoires.<\/p>\n<h3>Mettre le cap sur la respiration libre<\/h3>\n<p>En agissant directement dans les voies nasales, l\u00e0 o\u00f9 beaucoup d&rsquo;infections respiratoires prennent racine, la Douche Nasale Rhinicur pour enfants offre une solution directe et efficiente pour am\u00e9liorer la sant\u00e9 respiratoire enfants. Son r\u00f4le est non seulement de soulager les sympt\u00f4mes existants mais \u00e9galement d&rsquo;agir en pr\u00e9vention et r\u00e9duire le risque de d\u00e9veloppement d&rsquo;affections li\u00e9es \u00e0 la\u00a0<a href=\"https:\/\/www.medical-beaute.com\/fr\/375-etat-grippal\">grippe ou rhume<\/a>.<\/p>\n<h2>La technologie de la douche nasale Rhinicur : une conception ing\u00e9nieuse pour un effet maximal<\/h2>\n<h3>Nettoyage nasal efficace et soign\u00e9<\/h3>\n<p>L&rsquo;efficacit\u00e9 de la Douche Nasale Rhinicur pour enfants se cache dans sa conception soign\u00e9e. Equip\u00e9e d&rsquo;une buse de pulv\u00e9risation de conception sp\u00e9ciale et une solution saline qui nettoie en douceur mais de mani\u00e8re intensive les cavit\u00e9s nasales. Ce\u00a0<a href=\"https:\/\/www.medical-beaute.com\/fr\/769-lavage-de-nez\">lavage de nez<\/a>\u00a0\u00e0 la fois simple et performant peut \u00eatre int\u00e9gr\u00e9 dans la routine quotidienne de votre enfant pour maintenir la propret\u00e9 de ses voies respiratoires.<\/p>\n<h3>Facilit\u00e9 d&rsquo;utilisation, rendant la t\u00e2che agr\u00e9able aux enfants<\/h3>\n<p>Muni d\u2019un contenant ergonomique, l\u2019ensemble de la douche nasale Rhinicur est facile \u00e0 manipuler m\u00eame par de jeunes enfants. Le dispositif d&rsquo;application en douceur convient parfaitement au nettoyage des cavit\u00e9s nasales sensibles des enfants. Les sachets de sel de rin\u00e7age nasal inclus assurent un nettoyage en profondeur sans agresser la muqueuse nasale.<\/p>\n<h2>Choisir Rhinicur pour un sourire sain, une respiration facile<\/h2>\n<h3>Un choix de confiance pour le bien-\u00eatre de vos enfants<\/h3>\n<p>Rhinicur est une marque reconnue pour ses produits de qualit\u00e9 exceptionnelle. Avec son produit phare, la Douche Nasale pour enfants,\u00a0<a href=\"https:\/\/www.medical-beaute.com\/fr\/844_rhinicur\">Rhinicur<\/a>\u00a0a amass\u00e9 une base de fans d\u00e9vou\u00e9s. La qualit\u00e9, l&rsquo;efficacit\u00e9 et la facilit\u00e9 d&rsquo;utilisation de la Douche Nasale pour enfants Rhinicur en font un choix pr\u00e9cieux pour les parents soucieux de la sant\u00e9 de leurs enfants.<\/p>\n<h3>L&rsquo;investissement pour une meilleure sant\u00e9 respiratoire des enfants<\/h3>\n<p>Investir dans la Douche Nasale pour enfants Rhinicur signifie investir dans une meilleure sant\u00e9 respiratoire pour votre enfant. Une respiration libre et facile est essentielle au bien-\u00eatre g\u00e9n\u00e9ral de l&rsquo;enfant, affectant tout, de son sommeil \u00e0 sa concentration et son humeur. Gr\u00e2ce \u00e0 la Douche Nasale Rhinicur pour enfants, vous pouvez faire de cette r\u00e9alit\u00e9 une routine quotidienne.<\/p>\n","protected":false},"excerpt":{"rendered":"<p>La douche nasale pour enfants Rhinicur est un dispositif m\u00e9dical permettant le nettoyage nasal intensif de l&rsquo;enfant.<\/p>\n","protected":false},"featured_media":23205,"comment_status":"open","ping_status":"closed","template":"","meta":[],"product_cat":[20],"product_tag":[],"class_list":{"0":"post-16902","1":"product","2":"type-product","3":"status-publish","4":"has-post-thumbnail","6":"product_cat-accessories","8":"first","9":"instock","10":"shipping-taxable","11":"product-type-simple"},"jetpack_sharing_enabled":true,"_links":{"self":[{"href":"https:\/\/para-pharmacity.tn\/index.php?rest_route=\/wp\/v2\/product\/16902","targetHints":{"allow":["GET"]}}],"collection":[{"href":"https:\/\/para-pharmacity.tn\/index.php?rest_route=\/wp\/v2\/product"}],"about":[{"href":"https:\/\/para-pharmacity.tn\/index.php?rest_route=\/wp\/v2\/types\/product"}],"replies":[{"embeddable":true,"href":"https:\/\/para-pharmacity.tn\/index.php?rest_route=%2Fwp%2Fv2%2Fcomments&post=16902"}],"version-history":[{"count":1,"href":"https:\/\/para-pharmacity.tn\/index.php?rest_route=\/wp\/v2\/product\/16902\/revisions"}],"predecessor-version":[{"id":23206,"href":"https:\/\/para-pharmacity.tn\/index.php?rest_route=\/wp\/v2\/product\/16902\/revisions\/23206"}],"wp:featuredmedia":[{"embeddable":true,"href":"https:\/\/para-pharmacity.tn\/index.php?rest_route=\/wp\/v2\/media\/23205"}],"wp:attachment":[{"href":"https:\/\/para-pharmacity.tn\/index.php?rest_route=%2Fwp%2Fv2%2Fmedia&parent=16902"}],"wp:term":[{"taxonomy":"product_cat","embeddable":true,"href":"https:\/\/para-pharmacity.tn\/index.php?rest_route=%2Fwp%2Fv2%2Fproduct_cat&post=16902"},{"taxonomy":"product_tag","embeddable":true,"href":"https:\/\/para-pharmacity.tn\/index.php?rest_route=%2Fwp%2Fv2%2Fproduct_tag&post=16902"}],"curies":[{"name":"wp","href":"https:\/\/api.w.org\/{rel}","templated":true}]}}