{"id":16901,"date":"2024-07-10T22:59:53","date_gmt":"2024-07-10T22:59:53","guid":{"rendered":"https:\/\/para-pharmacity.tn\/?product=emplatre-adhe-els-le-lion-pm-17x12-cm"},"modified":"2024-07-26T10:31:01","modified_gmt":"2024-07-26T10:31:01","slug":"emplatre-adhe-els-le-lion-pm-17x12-cm","status":"publish","type":"product","link":"https:\/\/para-pharmacity.tn\/?product=emplatre-adhe-els-le-lion-pm-17x12-cm","title":{"rendered":"EMPLATRE ADHE-ELS LE LION PM 17X12 CM"},"content":{"rendered":"<h4>Indications :<\/h4>\n<p>\u2022 Traitement localis\u00e9 de l\u2019arthralgie ou de douleurs musculaires caus\u00e9es<br \/>\npar le froid ou par un traumatisme.<\/p>\n<h4>Propri\u00e9t\u00e9s :<\/h4>\n<p>\u2022 L\u2019empl\u00e2tre LE LION\u00ae agit exactement \u00e0 l\u2019endroit douloureux.<br \/>\n\u2022 Perm\u00e9able \u00e0 l\u2019air gr\u00e2ce \u00e0 la macro perforation du tissu.<br \/>\n\u2022 Imperm\u00e9able \u00e0 l\u2019eau gr\u00e2ce au traitement hydrophobe.<\/p>\n","protected":false},"excerpt":{"rendered":"<p><strong>L&#8217;empl\u00e2tre le lion agit exactement \u00e0 l&rsquo;endroit douloureux, il est particuli\u00e8rement recommand\u00e9 pour un traitement localis\u00e9 de l&rsquo;arthralgie ou de douleurs musculaires dus au froid ou \u00e0 un rhumatisme.<\/strong><\/p>\n","protected":false},"featured_media":23201,"comment_status":"open","ping_status":"closed","template":"","meta":[],"product_cat":[20],"product_tag":[],"class_list":{"0":"post-16901","1":"product","2":"type-product","3":"status-publish","4":"has-post-thumbnail","6":"product_cat-accessories","8":"first","9":"instock","10":"shipping-taxable","11":"product-type-simple"},"jetpack_sharing_enabled":true,"_links":{"self":[{"href":"https:\/\/para-pharmacity.tn\/index.php?rest_route=\/wp\/v2\/product\/16901","targetHints":{"allow":["GET"]}}],"collection":[{"href":"https:\/\/para-pharmacity.tn\/index.php?rest_route=\/wp\/v2\/product"}],"about":[{"href":"https:\/\/para-pharmacity.tn\/index.php?rest_route=\/wp\/v2\/types\/product"}],"replies":[{"embeddable":true,"href":"https:\/\/para-pharmacity.tn\/index.php?rest_route=%2Fwp%2Fv2%2Fcomments&post=16901"}],"version-history":[{"count":2,"href":"https:\/\/para-pharmacity.tn\/index.php?rest_route=\/wp\/v2\/product\/16901\/revisions"}],"predecessor-version":[{"id":23204,"href":"https:\/\/para-pharmacity.tn\/index.php?rest_route=\/wp\/v2\/product\/16901\/revisions\/23204"}],"wp:featuredmedia":[{"embeddable":true,"href":"https:\/\/para-pharmacity.tn\/index.php?rest_route=\/wp\/v2\/media\/23201"}],"wp:attachment":[{"href":"https:\/\/para-pharmacity.tn\/index.php?rest_route=%2Fwp%2Fv2%2Fmedia&parent=16901"}],"wp:term":[{"taxonomy":"product_cat","embeddable":true,"href":"https:\/\/para-pharmacity.tn\/index.php?rest_route=%2Fwp%2Fv2%2Fproduct_cat&post=16901"},{"taxonomy":"product_tag","embeddable":true,"href":"https:\/\/para-pharmacity.tn\/index.php?rest_route=%2Fwp%2Fv2%2Fproduct_tag&post=16901"}],"curies":[{"name":"wp","href":"https:\/\/api.w.org\/{rel}","templated":true}]}}