{"id":16899,"date":"2024-07-10T22:59:52","date_gmt":"2024-07-10T22:59:52","guid":{"rendered":"https:\/\/para-pharmacity.tn\/?product=embout-en-caoutchouc"},"modified":"2024-07-26T10:27:09","modified_gmt":"2024-07-26T10:27:09","slug":"embout-en-caoutchouc","status":"publish","type":"product","link":"https:\/\/para-pharmacity.tn\/?product=embout-en-caoutchouc","title":{"rendered":"EMBOUT EN CAOUTCHOUC"},"content":{"rendered":"<p><strong>Embout pour Rond Antid\u00e9rapant.<\/strong><\/p>\n<ul>\n<li>Vente \u00e0 l&rsquo;Unit\u00e9.<\/li>\n<li>Pour obturer des profils Creux ou Pleins.<\/li>\n<li>caoutchouc thermoplastique.<\/li>\n<li>couleur noire ou blanche.<\/li>\n<\/ul>\n<p>Couleurs Standards en Stock\u00a0: Blanc ou Noir. (Autres Coloris Teinte RAL sur demande).<\/p>\n<p>Dimensions en mm\u00a0:<\/p>\n<ul>\n<li>Pour tube rond de \u00f83 \u00e0 \u00f860.<\/li>\n<li>Pour voir toutes les cotes et dimensions : Voir Tableau Technique en image avec Dessins.<\/li>\n<\/ul>\n<p>Suggestions\u00a0:\u00a0<em>Finitions structures de collectivit\u00e9s<\/em>\u00a0&#8211; Pied de tables et chaises &#8211; Ameublement.<\/p>\n<p>Indications\u00a0: R\u00e9soudre rapidement des probl\u00e8mes d\u2019\u00c9tanch\u00e9it\u00e9 ou de S\u00e9curit\u00e9 en obturant un tube et pour assurer une bonne s\u00e9curit\u00e9 (anti-empalement).<\/p>\n","protected":false},"excerpt":{"rendered":"<p>Embout pour Rond Antid\u00e9rapant. Vente \u00e0 l&rsquo;Unit\u00e9. Pour obturer des profils Creux ou Pleins. caoutchouc thermoplastique. couleur noire ou blanche.<\/p>\n","protected":false},"featured_media":23199,"comment_status":"open","ping_status":"closed","template":"","meta":[],"product_cat":[20],"product_tag":[],"class_list":{"0":"post-16899","1":"product","2":"type-product","3":"status-publish","4":"has-post-thumbnail","6":"product_cat-accessories","8":"first","9":"instock","10":"shipping-taxable","11":"product-type-simple"},"jetpack_sharing_enabled":true,"_links":{"self":[{"href":"https:\/\/para-pharmacity.tn\/index.php?rest_route=\/wp\/v2\/product\/16899","targetHints":{"allow":["GET"]}}],"collection":[{"href":"https:\/\/para-pharmacity.tn\/index.php?rest_route=\/wp\/v2\/product"}],"about":[{"href":"https:\/\/para-pharmacity.tn\/index.php?rest_route=\/wp\/v2\/types\/product"}],"replies":[{"embeddable":true,"href":"https:\/\/para-pharmacity.tn\/index.php?rest_route=%2Fwp%2Fv2%2Fcomments&post=16899"}],"version-history":[{"count":2,"href":"https:\/\/para-pharmacity.tn\/index.php?rest_route=\/wp\/v2\/product\/16899\/revisions"}],"predecessor-version":[{"id":23200,"href":"https:\/\/para-pharmacity.tn\/index.php?rest_route=\/wp\/v2\/product\/16899\/revisions\/23200"}],"wp:featuredmedia":[{"embeddable":true,"href":"https:\/\/para-pharmacity.tn\/index.php?rest_route=\/wp\/v2\/media\/23199"}],"wp:attachment":[{"href":"https:\/\/para-pharmacity.tn\/index.php?rest_route=%2Fwp%2Fv2%2Fmedia&parent=16899"}],"wp:term":[{"taxonomy":"product_cat","embeddable":true,"href":"https:\/\/para-pharmacity.tn\/index.php?rest_route=%2Fwp%2Fv2%2Fproduct_cat&post=16899"},{"taxonomy":"product_tag","embeddable":true,"href":"https:\/\/para-pharmacity.tn\/index.php?rest_route=%2Fwp%2Fv2%2Fproduct_tag&post=16899"}],"curies":[{"name":"wp","href":"https:\/\/api.w.org\/{rel}","templated":true}]}}