{"id":16895,"date":"2024-07-10T22:59:51","date_gmt":"2024-07-10T22:59:51","guid":{"rendered":"https:\/\/para-pharmacity.tn\/?product=edp-pulsation-girl-100-ml"},"modified":"2024-07-26T10:13:15","modified_gmt":"2024-07-26T10:13:15","slug":"edp-pulsation-girl-100-ml","status":"publish","type":"product","link":"https:\/\/para-pharmacity.tn\/?product=edp-pulsation-girl-100-ml","title":{"rendered":"EDP PULSATION GIRL 100 ML"},"content":{"rendered":"<p>Eau de Parfum\u00a0<strong>PULSATION<\/strong>\u00a0pour Femme &#8211;\u00a0<strong>100 ml<\/strong>\u00a0&#8211;\u00a0FAMILLE CHYPR\u00c9E &#8211;\u00a0<strong>Chypre Fruit\u00e9<\/strong>\u00a0&#8211; Pulsation est une constellation de senteurs Une alchimie myst\u00e9rieuse d\u00e9voil\u00e9e par d\u2019intenses effluves fleuris associ\u00e9s \u00e0 des \u00e9l\u00e9ments sensuels et gourmands, d&rsquo;un \u00e9quilibre impr\u00e9vu et surprenant &#8211; Avec un d\u00e9part tant\u00f4t frais et p\u00e9tillant par ses accents zest\u00e9s et \u00e9pic\u00e9s, tant\u00f4t suave et caressant par ses notes fruit\u00e9es et ambr\u00e9es, ce parfum vous s\u00e9duira par son \u00e9l\u00e9gance &#8211; Son c\u0153ur floral d\u00e9voile un caract\u00e8re doux et romantique soulign\u00e9 d\u2019une sublime note de patchouli &#8211; Le fond virevoltant aux multi-facettes se sublime en un riche sillage de Vetiver et d&rsquo;Ambre &#8211;\u00a0<strong>Pulsation est un parfum inattend<\/strong><\/p>\n","protected":false},"excerpt":{"rendered":"<p><b>Eau de parfum &#8211; Pulsation girl &#8211; Pour femme &#8211; 100 ml<\/b><\/p>\n<p>L&rsquo;eau de Parfum Pulsation girl\u00a0pour Femme 100 ml appartient \u00e0\u00a0la famille chypr\u00e9.C&rsquo;est un parfum chypr\u00e9 fruit\u00e9 produit par la maison francaise Sistelle.Pulsation est une constellation de senteurs, une alchimie myst\u00e9rieuse d\u00e9voil\u00e9e par d\u2019intenses effluves fleuris associ\u00e9s \u00e0 des \u00e9l\u00e9ments sensuels et gourmands, d&rsquo;un \u00e9quilibre impr\u00e9vu et surprenant ; Avec un d\u00e9part tant\u00f4t frais et p\u00e9tillant par ses accents zest\u00e9s et \u00e9pic\u00e9s, tant\u00f4t suave et caressant par ses notes fruit\u00e9es et ambr\u00e9es.Ce parfum vous s\u00e9duira par son \u00e9l\u00e9gance ; Son c\u0153ur floral d\u00e9voile un caract\u00e8re doux et romantique soulign\u00e9 d\u2019une sublime note de patchouli &#8211; Le fond virevoltant aux multi-facettes se sublime en un riche sillage de Vetiver et d&rsquo;Ambre<\/p>\n","protected":false},"featured_media":23043,"comment_status":"open","ping_status":"closed","template":"","meta":[],"product_cat":[20],"product_tag":[],"class_list":{"0":"post-16895","1":"product","2":"type-product","3":"status-publish","4":"has-post-thumbnail","6":"product_cat-accessories","8":"first","9":"instock","10":"shipping-taxable","11":"product-type-simple"},"jetpack_sharing_enabled":true,"_links":{"self":[{"href":"https:\/\/para-pharmacity.tn\/index.php?rest_route=\/wp\/v2\/product\/16895","targetHints":{"allow":["GET"]}}],"collection":[{"href":"https:\/\/para-pharmacity.tn\/index.php?rest_route=\/wp\/v2\/product"}],"about":[{"href":"https:\/\/para-pharmacity.tn\/index.php?rest_route=\/wp\/v2\/types\/product"}],"replies":[{"embeddable":true,"href":"https:\/\/para-pharmacity.tn\/index.php?rest_route=%2Fwp%2Fv2%2Fcomments&post=16895"}],"version-history":[{"count":1,"href":"https:\/\/para-pharmacity.tn\/index.php?rest_route=\/wp\/v2\/product\/16895\/revisions"}],"predecessor-version":[{"id":23187,"href":"https:\/\/para-pharmacity.tn\/index.php?rest_route=\/wp\/v2\/product\/16895\/revisions\/23187"}],"wp:featuredmedia":[{"embeddable":true,"href":"https:\/\/para-pharmacity.tn\/index.php?rest_route=\/wp\/v2\/media\/23043"}],"wp:attachment":[{"href":"https:\/\/para-pharmacity.tn\/index.php?rest_route=%2Fwp%2Fv2%2Fmedia&parent=16895"}],"wp:term":[{"taxonomy":"product_cat","embeddable":true,"href":"https:\/\/para-pharmacity.tn\/index.php?rest_route=%2Fwp%2Fv2%2Fproduct_cat&post=16895"},{"taxonomy":"product_tag","embeddable":true,"href":"https:\/\/para-pharmacity.tn\/index.php?rest_route=%2Fwp%2Fv2%2Fproduct_tag&post=16895"}],"curies":[{"name":"wp","href":"https:\/\/api.w.org\/{rel}","templated":true}]}}