{"id":16894,"date":"2024-07-10T22:59:51","date_gmt":"2024-07-10T22:59:51","guid":{"rendered":"https:\/\/para-pharmacity.tn\/?product=edp-homme-unpredictable"},"modified":"2024-07-26T10:07:16","modified_gmt":"2024-07-26T10:07:16","slug":"edp-homme-unpredictable","status":"publish","type":"product","link":"https:\/\/para-pharmacity.tn\/?product=edp-homme-unpredictable","title":{"rendered":"EDP HOMME UNPREDICTABLE"},"content":{"rendered":"<p>Parfum Glenn Perri Unpredictable Noir Pour Homme EDP<br \/>\n[PRODUIT INTERNATIONAL\/ACHAT INTERNATIONAL] Toutes les marchandises provenant de l\u2019\u00e9tranger doivent faire l\u2019objet d\u2019une d\u00e9claration d\u2019importation et sont soumises \u00e0 la taxation f\u00e9d\u00e9rale et \u00e9tatique. Les taxes de ce produit sont d\u00e9j\u00e0 incluses dans le prix. Aucun suppl\u00e9ment ne sera factur\u00e9.<\/p>\n<p>Spray EDP Homme Glenn Perri Impredictable Noir 3,4 oz &#8211; Lanc\u00e9 par la maison de design Glenn Perri. &#8211; Ce parfum floral a un m\u00e9lange de bois de santal, Ambre doux, vanille r\u00e9confortante, jasmin, lavande et sauge sal\u00e9e. &#8211; Il est recommand\u00e9 pour les parfums de longue dur\u00e9e. &#8211; poids de l\u2019emballage de l\u2019article\u00a0: 0,8 livres<\/p>\n<p>&nbsp;<\/p>\n","protected":false},"excerpt":{"rendered":"<p>Lanc\u00e9 par la maison de design de Glenn Perri.<br \/>\nCe parfum floral a un m\u00e9lange de bois de santal bois\u00e9, ambre doux, vanille r\u00e9confortante, jasmin, lavande et sauge savoureuse.<br \/>\nIl est recommand\u00e9 pour le parfum de longue dur\u00e9e.<br \/>\nPoids du colis\u00a0: 0.8 livres<\/p>\n","protected":false},"featured_media":23185,"comment_status":"open","ping_status":"closed","template":"","meta":[],"product_cat":[20],"product_tag":[],"class_list":{"0":"post-16894","1":"product","2":"type-product","3":"status-publish","4":"has-post-thumbnail","6":"product_cat-accessories","8":"first","9":"instock","10":"shipping-taxable","11":"product-type-simple"},"jetpack_sharing_enabled":true,"_links":{"self":[{"href":"https:\/\/para-pharmacity.tn\/index.php?rest_route=\/wp\/v2\/product\/16894","targetHints":{"allow":["GET"]}}],"collection":[{"href":"https:\/\/para-pharmacity.tn\/index.php?rest_route=\/wp\/v2\/product"}],"about":[{"href":"https:\/\/para-pharmacity.tn\/index.php?rest_route=\/wp\/v2\/types\/product"}],"replies":[{"embeddable":true,"href":"https:\/\/para-pharmacity.tn\/index.php?rest_route=%2Fwp%2Fv2%2Fcomments&post=16894"}],"version-history":[{"count":2,"href":"https:\/\/para-pharmacity.tn\/index.php?rest_route=\/wp\/v2\/product\/16894\/revisions"}],"predecessor-version":[{"id":23186,"href":"https:\/\/para-pharmacity.tn\/index.php?rest_route=\/wp\/v2\/product\/16894\/revisions\/23186"}],"wp:featuredmedia":[{"embeddable":true,"href":"https:\/\/para-pharmacity.tn\/index.php?rest_route=\/wp\/v2\/media\/23185"}],"wp:attachment":[{"href":"https:\/\/para-pharmacity.tn\/index.php?rest_route=%2Fwp%2Fv2%2Fmedia&parent=16894"}],"wp:term":[{"taxonomy":"product_cat","embeddable":true,"href":"https:\/\/para-pharmacity.tn\/index.php?rest_route=%2Fwp%2Fv2%2Fproduct_cat&post=16894"},{"taxonomy":"product_tag","embeddable":true,"href":"https:\/\/para-pharmacity.tn\/index.php?rest_route=%2Fwp%2Fv2%2Fproduct_tag&post=16894"}],"curies":[{"name":"wp","href":"https:\/\/api.w.org\/{rel}","templated":true}]}}