{"id":16893,"date":"2024-07-10T22:59:50","date_gmt":"2024-07-10T22:59:50","guid":{"rendered":"https:\/\/para-pharmacity.tn\/?product=edp-homme-un-air-d-orient-100-ml"},"modified":"2024-07-25T22:16:42","modified_gmt":"2024-07-25T22:16:42","slug":"edp-homme-un-air-d-orient-100-ml","status":"publish","type":"product","link":"https:\/\/para-pharmacity.tn\/?product=edp-homme-un-air-d-orient-100-ml","title":{"rendered":"EDP HOMME UN AIR D ORIENT 100 ML"},"content":{"rendered":"<p><strong>Oud Vanille<\/strong>\u00a0est un parfum Oriental bois\u00e9 pour homme et femme. C&rsquo;est un nouveau parfum qui a \u00e9t\u00e9 lanc\u00e9 en 2021. Les notes de t\u00eate sont Orange, Framboise et Caramel; les notes de coeur sont Rose, Violette, Jasmin, Patchouli et Encens; les notes de fond sont Notes bois\u00e9es, Epices, Musc et Vanille.<\/p>\n","protected":false},"excerpt":{"rendered":"<p>Oud Vanille\u00a0est un parfum Oriental bois\u00e9 pour homme et femme. C&rsquo;est un nouveau parfum qui a \u00e9t\u00e9 lanc\u00e9 en 2021.<\/p>\n","protected":false},"featured_media":23181,"comment_status":"open","ping_status":"closed","template":"","meta":[],"product_cat":[20],"product_tag":[],"class_list":{"0":"post-16893","1":"product","2":"type-product","3":"status-publish","4":"has-post-thumbnail","6":"product_cat-accessories","8":"first","9":"instock","10":"shipping-taxable","11":"product-type-simple"},"jetpack_sharing_enabled":true,"_links":{"self":[{"href":"https:\/\/para-pharmacity.tn\/index.php?rest_route=\/wp\/v2\/product\/16893","targetHints":{"allow":["GET"]}}],"collection":[{"href":"https:\/\/para-pharmacity.tn\/index.php?rest_route=\/wp\/v2\/product"}],"about":[{"href":"https:\/\/para-pharmacity.tn\/index.php?rest_route=\/wp\/v2\/types\/product"}],"replies":[{"embeddable":true,"href":"https:\/\/para-pharmacity.tn\/index.php?rest_route=%2Fwp%2Fv2%2Fcomments&post=16893"}],"version-history":[{"count":1,"href":"https:\/\/para-pharmacity.tn\/index.php?rest_route=\/wp\/v2\/product\/16893\/revisions"}],"predecessor-version":[{"id":23182,"href":"https:\/\/para-pharmacity.tn\/index.php?rest_route=\/wp\/v2\/product\/16893\/revisions\/23182"}],"wp:featuredmedia":[{"embeddable":true,"href":"https:\/\/para-pharmacity.tn\/index.php?rest_route=\/wp\/v2\/media\/23181"}],"wp:attachment":[{"href":"https:\/\/para-pharmacity.tn\/index.php?rest_route=%2Fwp%2Fv2%2Fmedia&parent=16893"}],"wp:term":[{"taxonomy":"product_cat","embeddable":true,"href":"https:\/\/para-pharmacity.tn\/index.php?rest_route=%2Fwp%2Fv2%2Fproduct_cat&post=16893"},{"taxonomy":"product_tag","embeddable":true,"href":"https:\/\/para-pharmacity.tn\/index.php?rest_route=%2Fwp%2Fv2%2Fproduct_tag&post=16893"}],"curies":[{"name":"wp","href":"https:\/\/api.w.org\/{rel}","templated":true}]}}