{"id":16892,"date":"2024-07-10T22:59:49","date_gmt":"2024-07-10T22:59:49","guid":{"rendered":"https:\/\/para-pharmacity.tn\/?product=edp-homme-sensual-intense"},"modified":"2024-07-25T22:05:29","modified_gmt":"2024-07-25T22:05:29","slug":"edp-homme-sensual-intense","status":"publish","type":"product","link":"https:\/\/para-pharmacity.tn\/?product=edp-homme-sensual-intense","title":{"rendered":"EDP HOMME SENSUAL INTENSE"},"content":{"rendered":"<p><b>Sensual Intense Men<\/b>\u00a0de\u00a0<b>Johan B<\/b>\u00a0est un parfum Ambre \u00c9pic\u00e9 pour homme. Les notes de t\u00eate sont Agrumes, Poivre rose, Menthe et Pamplemousse; les notes de coeur sont Noix de muscade, Jasmin, Gingembre et C\u00e8dre; les notes de fond sont Ciste, Bois de santal, Patchouli, V\u00e9tiver et Encens.<\/p>\n","protected":false},"excerpt":{"rendered":"<p>Sensual Intense Men\u00a0de\u00a0Johan B\u00a0est un parfum Ambre \u00c9pic\u00e9 pour homme. Les notes de t\u00eate sont Agrumes, Poivre rose, Menthe et<\/p>\n","protected":false},"featured_media":23177,"comment_status":"open","ping_status":"closed","template":"","meta":[],"product_cat":[20],"product_tag":[],"class_list":{"0":"post-16892","1":"product","2":"type-product","3":"status-publish","4":"has-post-thumbnail","6":"product_cat-accessories","8":"first","9":"instock","10":"shipping-taxable","11":"product-type-simple"},"jetpack_sharing_enabled":true,"_links":{"self":[{"href":"https:\/\/para-pharmacity.tn\/index.php?rest_route=\/wp\/v2\/product\/16892","targetHints":{"allow":["GET"]}}],"collection":[{"href":"https:\/\/para-pharmacity.tn\/index.php?rest_route=\/wp\/v2\/product"}],"about":[{"href":"https:\/\/para-pharmacity.tn\/index.php?rest_route=\/wp\/v2\/types\/product"}],"replies":[{"embeddable":true,"href":"https:\/\/para-pharmacity.tn\/index.php?rest_route=%2Fwp%2Fv2%2Fcomments&post=16892"}],"version-history":[{"count":1,"href":"https:\/\/para-pharmacity.tn\/index.php?rest_route=\/wp\/v2\/product\/16892\/revisions"}],"predecessor-version":[{"id":23178,"href":"https:\/\/para-pharmacity.tn\/index.php?rest_route=\/wp\/v2\/product\/16892\/revisions\/23178"}],"wp:featuredmedia":[{"embeddable":true,"href":"https:\/\/para-pharmacity.tn\/index.php?rest_route=\/wp\/v2\/media\/23177"}],"wp:attachment":[{"href":"https:\/\/para-pharmacity.tn\/index.php?rest_route=%2Fwp%2Fv2%2Fmedia&parent=16892"}],"wp:term":[{"taxonomy":"product_cat","embeddable":true,"href":"https:\/\/para-pharmacity.tn\/index.php?rest_route=%2Fwp%2Fv2%2Fproduct_cat&post=16892"},{"taxonomy":"product_tag","embeddable":true,"href":"https:\/\/para-pharmacity.tn\/index.php?rest_route=%2Fwp%2Fv2%2Fproduct_tag&post=16892"}],"curies":[{"name":"wp","href":"https:\/\/api.w.org\/{rel}","templated":true}]}}