{"id":16891,"date":"2024-07-10T22:59:49","date_gmt":"2024-07-10T22:59:49","guid":{"rendered":"https:\/\/para-pharmacity.tn\/?product=edp-homme-riche-men"},"modified":"2024-07-25T22:02:33","modified_gmt":"2024-07-25T22:02:33","slug":"edp-homme-riche-men","status":"publish","type":"product","link":"https:\/\/para-pharmacity.tn\/?product=edp-homme-riche-men","title":{"rendered":"EDP HOMME RICHE MEN"},"content":{"rendered":"<p>Le parfum RICH MAN est une sensation d\u2019\u00e9nergie, une fra\u00eecheur vibrante dans un sillage s\u00e9duisant.<br \/>\nConstruite sur une signature fern-oriental, la fragrance s\u2019ouvre avec une fraicheur vive et audacieuse de bergamote, poire verte et cardamome.<br \/>\nAu c\u0153ur, une tonalit\u00e9 \u00e9nergique de lavande et de feuille violette s\u2019harmonise avec le poivre rose.<br \/>\nA la base, les facettes viriles de Cistus se r\u00e9chauffent avec des notes sensuelles de bois de santal et de praline.<br \/>\nComment utiliser<br \/>\nVaporisez le parfum \u00e0 quelques centim\u00e8tres de votre peau, en vous concentrant sur les points chauds (le cou, l\u2019int\u00e9rieur des poignets et des coudes, et derri\u00e8re le lobe de l\u2019oreille) pour exhaler un parfum unique.<br \/>\nPyramide olfactive<br \/>\nFoug\u00e8re orientale<br \/>\nNote de t\u00eate\u00a0: bergamote, poire verte, cardamome<br \/>\nNote de coeur\u00a0: Lavande, Feuille violette, Poivre rose, Patchouli<br \/>\nNote de base\u00a0: Cashmeran, Ciste, Santal, Praline<\/p>\n","protected":false},"excerpt":{"rendered":"<p>L&rsquo;eau de toilette\u00a0Rich Man\u00a0est mise\u00a0en bouteille par Parfumerie Ennour sous licence de Paris Bleu.<\/p>\n<p>La fragrance Rich Man est une sensation d\u2019\u00e9nergie, une fra\u00eecheur vibrante dans un sillage de s\u00e9duction.<\/p>\n<p>Construite sur une signature foug\u00e8re-orientale, la fragrance s\u2019ouvre sur une fra\u00eecheur vive et audacieuse de Bergamote, de Poire Verte et de Cardamome.En c\u0153ur, une tonalit\u00e9 \u00e9nergique de Lavande et de Feuille de Violette s\u2019harmonise avec le Poivre Rose.<br \/>\nEn fond, les facettes viriles port\u00e9es par le Ciste se r\u00e9chauffent au contact de notes sensuelles de Santal et de Praline.<\/p>\n","protected":false},"featured_media":23174,"comment_status":"open","ping_status":"closed","template":"","meta":[],"product_cat":[20],"product_tag":[],"class_list":{"0":"post-16891","1":"product","2":"type-product","3":"status-publish","4":"has-post-thumbnail","6":"product_cat-accessories","8":"first","9":"instock","10":"shipping-taxable","11":"product-type-simple"},"jetpack_sharing_enabled":true,"_links":{"self":[{"href":"https:\/\/para-pharmacity.tn\/index.php?rest_route=\/wp\/v2\/product\/16891","targetHints":{"allow":["GET"]}}],"collection":[{"href":"https:\/\/para-pharmacity.tn\/index.php?rest_route=\/wp\/v2\/product"}],"about":[{"href":"https:\/\/para-pharmacity.tn\/index.php?rest_route=\/wp\/v2\/types\/product"}],"replies":[{"embeddable":true,"href":"https:\/\/para-pharmacity.tn\/index.php?rest_route=%2Fwp%2Fv2%2Fcomments&post=16891"}],"version-history":[{"count":2,"href":"https:\/\/para-pharmacity.tn\/index.php?rest_route=\/wp\/v2\/product\/16891\/revisions"}],"predecessor-version":[{"id":23176,"href":"https:\/\/para-pharmacity.tn\/index.php?rest_route=\/wp\/v2\/product\/16891\/revisions\/23176"}],"wp:featuredmedia":[{"embeddable":true,"href":"https:\/\/para-pharmacity.tn\/index.php?rest_route=\/wp\/v2\/media\/23174"}],"wp:attachment":[{"href":"https:\/\/para-pharmacity.tn\/index.php?rest_route=%2Fwp%2Fv2%2Fmedia&parent=16891"}],"wp:term":[{"taxonomy":"product_cat","embeddable":true,"href":"https:\/\/para-pharmacity.tn\/index.php?rest_route=%2Fwp%2Fv2%2Fproduct_cat&post=16891"},{"taxonomy":"product_tag","embeddable":true,"href":"https:\/\/para-pharmacity.tn\/index.php?rest_route=%2Fwp%2Fv2%2Fproduct_tag&post=16891"}],"curies":[{"name":"wp","href":"https:\/\/api.w.org\/{rel}","templated":true}]}}