{"id":16890,"date":"2024-07-10T22:59:48","date_gmt":"2024-07-10T22:59:48","guid":{"rendered":"https:\/\/para-pharmacity.tn\/?product=edp-homme-rich-man-aqua"},"modified":"2024-07-25T21:58:05","modified_gmt":"2024-07-25T21:58:05","slug":"edp-homme-rich-man-aqua","status":"publish","type":"product","link":"https:\/\/para-pharmacity.tn\/?product=edp-homme-rich-man-aqua","title":{"rendered":"EDP HOMME RICH MAN AQUA"},"content":{"rendered":"<p><b>Rich Man Aqua<\/b>\u00a0by\u00a0<b>Paris Bleu Parfums\u00a0<\/b>un parfum Bois\u00e9 Aquatique pour femme.<br \/>\nFra\u00eeche et piquante, la combinaison Ananas, Poire et Poivre Rose apporte \u00e0 cette cr\u00e9ation une fusante fra\u00eecheur tonique en d\u00e9part.<br \/>\nLes tonalit\u00e9s marines associ\u00e9es \u00e0 la Fleur d\u2019Oranger et au Lavandin conf\u00e8rent de la modernit\u00e9 au c\u0153ur de la fragrance.<br \/>\nLe fond bois\u00e9 aux accents fum\u00e9s, marqu\u00e9 par la force des notes de C\u00e8dre, de Santal et \u00a0de Bois de Cashmeran, est puissant et intense.<\/p>\n","protected":false},"excerpt":{"rendered":"<p>Rich Man Aqua\u00a0by\u00a0Paris Bleu Parfums\u00a0un parfum Bois\u00e9 Aquatique pour femme. Fra\u00eeche et piquante, la combinaison Ananas, Poire et Poivre Rose<\/p>\n","protected":false},"featured_media":23169,"comment_status":"open","ping_status":"closed","template":"","meta":[],"product_cat":[20],"product_tag":[],"class_list":{"0":"post-16890","1":"product","2":"type-product","3":"status-publish","4":"has-post-thumbnail","6":"product_cat-accessories","8":"first","9":"instock","10":"shipping-taxable","11":"product-type-simple"},"jetpack_sharing_enabled":true,"_links":{"self":[{"href":"https:\/\/para-pharmacity.tn\/index.php?rest_route=\/wp\/v2\/product\/16890","targetHints":{"allow":["GET"]}}],"collection":[{"href":"https:\/\/para-pharmacity.tn\/index.php?rest_route=\/wp\/v2\/product"}],"about":[{"href":"https:\/\/para-pharmacity.tn\/index.php?rest_route=\/wp\/v2\/types\/product"}],"replies":[{"embeddable":true,"href":"https:\/\/para-pharmacity.tn\/index.php?rest_route=%2Fwp%2Fv2%2Fcomments&post=16890"}],"version-history":[{"count":2,"href":"https:\/\/para-pharmacity.tn\/index.php?rest_route=\/wp\/v2\/product\/16890\/revisions"}],"predecessor-version":[{"id":23170,"href":"https:\/\/para-pharmacity.tn\/index.php?rest_route=\/wp\/v2\/product\/16890\/revisions\/23170"}],"wp:featuredmedia":[{"embeddable":true,"href":"https:\/\/para-pharmacity.tn\/index.php?rest_route=\/wp\/v2\/media\/23169"}],"wp:attachment":[{"href":"https:\/\/para-pharmacity.tn\/index.php?rest_route=%2Fwp%2Fv2%2Fmedia&parent=16890"}],"wp:term":[{"taxonomy":"product_cat","embeddable":true,"href":"https:\/\/para-pharmacity.tn\/index.php?rest_route=%2Fwp%2Fv2%2Fproduct_cat&post=16890"},{"taxonomy":"product_tag","embeddable":true,"href":"https:\/\/para-pharmacity.tn\/index.php?rest_route=%2Fwp%2Fv2%2Fproduct_tag&post=16890"}],"curies":[{"name":"wp","href":"https:\/\/api.w.org\/{rel}","templated":true}]}}