{"id":16886,"date":"2024-07-10T22:59:46","date_gmt":"2024-07-10T22:59:46","guid":{"rendered":"https:\/\/para-pharmacity.tn\/?product=edp-homme-l-oriental"},"modified":"2024-07-25T21:27:08","modified_gmt":"2024-07-25T21:27:08","slug":"edp-homme-l-oriental","status":"publish","type":"product","link":"https:\/\/para-pharmacity.tn\/?product=edp-homme-l-oriental","title":{"rendered":"EDP HOMME L ORIENTAL"},"content":{"rendered":"<p>C&rsquo;est un parfum qui na\u00eet d&rsquo;un ar\u00f4me frais et citronn\u00e9 de bergamote.\u00a0Dans les notes moyennes, il s&rsquo;intensifie pour laisser place \u00e0 un fond chaleureux.\u00a0Un bois\u00e9 oriental qui contraste magistralement chaleur et fra\u00eecheur.\u00a0Profitez des meilleures essences qui vous font vous sentir sp\u00e9cial.<\/p>\n","protected":false},"excerpt":{"rendered":"<p>C&rsquo;est un parfum qui na\u00eet d&rsquo;un ar\u00f4me frais et citronn\u00e9 de bergamote.\u00a0Dans les notes moyennes, il s&rsquo;intensifie pour laisser place<\/p>\n","protected":false},"featured_media":23162,"comment_status":"open","ping_status":"closed","template":"","meta":[],"product_cat":[20],"product_tag":[],"class_list":{"0":"post-16886","1":"product","2":"type-product","3":"status-publish","4":"has-post-thumbnail","6":"product_cat-accessories","8":"first","9":"instock","10":"shipping-taxable","11":"product-type-simple"},"jetpack_sharing_enabled":true,"_links":{"self":[{"href":"https:\/\/para-pharmacity.tn\/index.php?rest_route=\/wp\/v2\/product\/16886","targetHints":{"allow":["GET"]}}],"collection":[{"href":"https:\/\/para-pharmacity.tn\/index.php?rest_route=\/wp\/v2\/product"}],"about":[{"href":"https:\/\/para-pharmacity.tn\/index.php?rest_route=\/wp\/v2\/types\/product"}],"replies":[{"embeddable":true,"href":"https:\/\/para-pharmacity.tn\/index.php?rest_route=%2Fwp%2Fv2%2Fcomments&post=16886"}],"version-history":[{"count":1,"href":"https:\/\/para-pharmacity.tn\/index.php?rest_route=\/wp\/v2\/product\/16886\/revisions"}],"predecessor-version":[{"id":23163,"href":"https:\/\/para-pharmacity.tn\/index.php?rest_route=\/wp\/v2\/product\/16886\/revisions\/23163"}],"wp:featuredmedia":[{"embeddable":true,"href":"https:\/\/para-pharmacity.tn\/index.php?rest_route=\/wp\/v2\/media\/23162"}],"wp:attachment":[{"href":"https:\/\/para-pharmacity.tn\/index.php?rest_route=%2Fwp%2Fv2%2Fmedia&parent=16886"}],"wp:term":[{"taxonomy":"product_cat","embeddable":true,"href":"https:\/\/para-pharmacity.tn\/index.php?rest_route=%2Fwp%2Fv2%2Fproduct_cat&post=16886"},{"taxonomy":"product_tag","embeddable":true,"href":"https:\/\/para-pharmacity.tn\/index.php?rest_route=%2Fwp%2Fv2%2Fproduct_tag&post=16886"}],"curies":[{"name":"wp","href":"https:\/\/api.w.org\/{rel}","templated":true}]}}