{"id":16884,"date":"2024-07-10T22:59:45","date_gmt":"2024-07-10T22:59:45","guid":{"rendered":"https:\/\/para-pharmacity.tn\/?product=edp-homme-incidence-coffret"},"modified":"2024-07-25T20:49:29","modified_gmt":"2024-07-25T20:49:29","slug":"edp-homme-incidence-coffret","status":"publish","type":"product","link":"https:\/\/para-pharmacity.tn\/?product=edp-homme-incidence-coffret","title":{"rendered":"EDP HOMME INCIDENCE COFFRET"},"content":{"rendered":"<p><b>EAU DE TOILETTE HOMME INCIDENCE BLEU<\/b>\u00a0Un parfum d&rsquo;\u00e9vasion pour un homme moderne \u00e9pris de libert\u00e9 et d&rsquo;ind\u00e9pendance &#8211; Vaporisez le parfum \u00e0 quelques centim\u00e8tres de votre peau en privil\u00e9giant les points chauds (le cou, l&rsquo;int\u00e9rieur des poignets et des coudes, et derri\u00e8re le lobe de l&rsquo;oreille) pour en exhaler une fragrance unique &#8211; Cette fragrance s&rsquo;ouvre sur une envol\u00e9e de notes toniques et vivifiantes jouant sur les accents fruit\u00e9s, zest\u00e9s et croquants de la Pomme, de la Mandarine, de la Bergamote et du Citron Vert &#8211; Une subtile harmonie de notes vertes et marines conf\u00e8rent \u00e0 l&rsquo;ensemble toute sa fra\u00eecheur &#8211; Le parfum d\u00e9voile en son c\u0153ur un intense bouquet floral et \u00e9pic\u00e9, mis en lumi\u00e8re par la Rose, le Freesia et le G\u00e9ranium, &amp; &#8211;\u00a0Le sillage chaud et sensuel est un riche accord de Bois Pr\u00e9cieux, de V\u00e9tiver d&rsquo;Ambre et de Muscs &#8211;<\/p>\n","protected":false},"excerpt":{"rendered":"<p><b>EAU DE TOILETTE HOMME INCIDENCE BLEU<\/b><\/p>\n<p><b>*Eau de Parfum 100ML<\/b><\/p>\n<p><b>*D\u00e9odorant 200ML<\/b><\/p>\n<p>Un parfum d&rsquo;\u00e9vasion pour un homme moderne \u00e9pris de libert\u00e9 et d&rsquo;ind\u00e9pendance.Vaporisez le parfum \u00e0 quelques centim\u00e8tres de votre peau en privil\u00e9giant les points chauds (le cou, l&rsquo;int\u00e9rieur des poignets et des coudes, et derri\u00e8re le lobe de l&rsquo;oreille) pour en exhaler une fragrance unique.<\/p>\n<p>Cette fragrance s&rsquo;ouvre sur une envol\u00e9e de notes toniques et vivifiantes jouant sur les accents fruit\u00e9s, zest\u00e9s et croquants de la Pomme, de la Mandarine, de la Bergamote et du Citron Vert. Une subtile harmonie de notes vertes et marines conf\u00e8rent \u00e0 l&rsquo;ensemble toute sa fra\u00eecheur.<\/p>\n<p>Le parfum d\u00e9voile en son c\u0153ur un intense bouquet floral et \u00e9pic\u00e9, mis en lumi\u00e8re par la Rose, le Freesia et le G\u00e9ranium, vibrant sous la chaleur suave et intense de la Noix de Muscade et de la Cardamome.<\/p>\n<p>Le sillage chaud et sensuel est un riche accord de Bois Pr\u00e9cieux, de V\u00e9tiver d&rsquo;Ambre et de Muscs.<\/p>\n","protected":false},"featured_media":23155,"comment_status":"open","ping_status":"closed","template":"","meta":[],"product_cat":[20],"product_tag":[],"class_list":{"0":"post-16884","1":"product","2":"type-product","3":"status-publish","4":"has-post-thumbnail","6":"product_cat-accessories","8":"first","9":"instock","10":"shipping-taxable","11":"product-type-simple"},"jetpack_sharing_enabled":true,"_links":{"self":[{"href":"https:\/\/para-pharmacity.tn\/index.php?rest_route=\/wp\/v2\/product\/16884","targetHints":{"allow":["GET"]}}],"collection":[{"href":"https:\/\/para-pharmacity.tn\/index.php?rest_route=\/wp\/v2\/product"}],"about":[{"href":"https:\/\/para-pharmacity.tn\/index.php?rest_route=\/wp\/v2\/types\/product"}],"replies":[{"embeddable":true,"href":"https:\/\/para-pharmacity.tn\/index.php?rest_route=%2Fwp%2Fv2%2Fcomments&post=16884"}],"version-history":[{"count":2,"href":"https:\/\/para-pharmacity.tn\/index.php?rest_route=\/wp\/v2\/product\/16884\/revisions"}],"predecessor-version":[{"id":23157,"href":"https:\/\/para-pharmacity.tn\/index.php?rest_route=\/wp\/v2\/product\/16884\/revisions\/23157"}],"wp:featuredmedia":[{"embeddable":true,"href":"https:\/\/para-pharmacity.tn\/index.php?rest_route=\/wp\/v2\/media\/23155"}],"wp:attachment":[{"href":"https:\/\/para-pharmacity.tn\/index.php?rest_route=%2Fwp%2Fv2%2Fmedia&parent=16884"}],"wp:term":[{"taxonomy":"product_cat","embeddable":true,"href":"https:\/\/para-pharmacity.tn\/index.php?rest_route=%2Fwp%2Fv2%2Fproduct_cat&post=16884"},{"taxonomy":"product_tag","embeddable":true,"href":"https:\/\/para-pharmacity.tn\/index.php?rest_route=%2Fwp%2Fv2%2Fproduct_tag&post=16884"}],"curies":[{"name":"wp","href":"https:\/\/api.w.org\/{rel}","templated":true}]}}