{"id":16883,"date":"2024-07-10T22:59:45","date_gmt":"2024-07-10T22:59:45","guid":{"rendered":"https:\/\/para-pharmacity.tn\/?product=edp-homme-incidence-100-ml"},"modified":"2024-07-25T20:46:14","modified_gmt":"2024-07-25T20:46:14","slug":"edp-homme-incidence-100-ml","status":"publish","type":"product","link":"https:\/\/para-pharmacity.tn\/?product=edp-homme-incidence-100-ml","title":{"rendered":"EDP HOMME INCIDENCE 100 ML"},"content":{"rendered":"<p><b>Incidence Pour Homme<\/b>\u00a0de\u00a0<b>Yves de Sistelle<\/b>\u00a0est un parfum Aromatique Aquatique pour homme. Les notes de t\u00eate sont Mandarine, Pomme, Bergamote et Citron vert les notes de coeur sont Rose, G\u00e9ranium, Freesia, Cardamome et Noix de muscade les notes de fond sont Ambre, Musc, V\u00e9tiver et Notes bois\u00e9es.<br \/>\nCette fragrance s\u2019ouvre sur une envol\u00e9e de notes toniques et vivifiantes jouant sur les accents fruit\u00e9s, zest\u00e9s et croquants de la Pomme, de la Mandarine, de la Bergamote et du Citron Vert. Une subtile harmonie de notes vertes et marines conf\u00e8rent \u00e0 l\u2019ensemble toute sa fra\u00eecheur.<br \/>\nLe parfum d\u00e9voile en son c\u0153ur un intense bouquet floral et \u00e9pic\u00e9, mis en lumi\u00e8re par la Rose, le Freesia et le G\u00e9ranium, vibrant sous la chaleur suave et intense de la Noix de Muscade et de la Cardamome.<br \/>\nLe sillage chaud et sensuel est un riche accord de Bois Pr\u00e9cieux, de V\u00e9tiver d\u2019Ambre et de Muscs.<\/p>\n<p><strong>Pyramide olfactive<\/strong><br \/>\n&#8211; Notes de t\u00eate : Pomme, Mandarine, Bergamote, Citron Vert, Notes Vertes et Marines<br \/>\n&#8211; Notes de c\u0153ur : Rose, Freesia, G\u00e9ranium, Noix de Muscade, Cardamome<br \/>\n&#8211; Notes de fond : Bois Pr\u00e9cieux, V\u00e9tiver, Ambre, Muscs<\/p>\n","protected":false},"excerpt":{"rendered":"<p>Au c\u0153ur, un m\u00e9lange riche, floral et bois\u00e9, accentu\u00e9 par de la rose, du g\u00e9ranium et du freesia, fond sur une touche chaude et sensuelle de noix de muscade et cardamome. Ses notes de fond sont chaudes et g\u00e9n\u00e9reuses, avec un m\u00e9lange de bois pr\u00e9cieux et de v\u00e9tiver, entrem\u00eal\u00e9 d\u2019ambre doux et de muscs.<\/p>\n","protected":false},"featured_media":23151,"comment_status":"open","ping_status":"closed","template":"","meta":[],"product_cat":[20],"product_tag":[],"class_list":{"0":"post-16883","1":"product","2":"type-product","3":"status-publish","4":"has-post-thumbnail","6":"product_cat-accessories","8":"first","9":"instock","10":"shipping-taxable","11":"product-type-simple"},"jetpack_sharing_enabled":true,"_links":{"self":[{"href":"https:\/\/para-pharmacity.tn\/index.php?rest_route=\/wp\/v2\/product\/16883","targetHints":{"allow":["GET"]}}],"collection":[{"href":"https:\/\/para-pharmacity.tn\/index.php?rest_route=\/wp\/v2\/product"}],"about":[{"href":"https:\/\/para-pharmacity.tn\/index.php?rest_route=\/wp\/v2\/types\/product"}],"replies":[{"embeddable":true,"href":"https:\/\/para-pharmacity.tn\/index.php?rest_route=%2Fwp%2Fv2%2Fcomments&post=16883"}],"version-history":[{"count":2,"href":"https:\/\/para-pharmacity.tn\/index.php?rest_route=\/wp\/v2\/product\/16883\/revisions"}],"predecessor-version":[{"id":23153,"href":"https:\/\/para-pharmacity.tn\/index.php?rest_route=\/wp\/v2\/product\/16883\/revisions\/23153"}],"wp:featuredmedia":[{"embeddable":true,"href":"https:\/\/para-pharmacity.tn\/index.php?rest_route=\/wp\/v2\/media\/23151"}],"wp:attachment":[{"href":"https:\/\/para-pharmacity.tn\/index.php?rest_route=%2Fwp%2Fv2%2Fmedia&parent=16883"}],"wp:term":[{"taxonomy":"product_cat","embeddable":true,"href":"https:\/\/para-pharmacity.tn\/index.php?rest_route=%2Fwp%2Fv2%2Fproduct_cat&post=16883"},{"taxonomy":"product_tag","embeddable":true,"href":"https:\/\/para-pharmacity.tn\/index.php?rest_route=%2Fwp%2Fv2%2Fproduct_tag&post=16883"}],"curies":[{"name":"wp","href":"https:\/\/api.w.org\/{rel}","templated":true}]}}