{"id":16882,"date":"2024-07-10T22:59:44","date_gmt":"2024-07-10T22:59:44","guid":{"rendered":"https:\/\/para-pharmacity.tn\/?product=edp-homme-inception-100ml"},"modified":"2024-07-25T20:42:49","modified_gmt":"2024-07-25T20:42:49","slug":"edp-homme-inception-100ml","status":"publish","type":"product","link":"https:\/\/para-pharmacity.tn\/?product=edp-homme-inception-100ml","title":{"rendered":"EDP HOMME INCEPTION 100ML"},"content":{"rendered":"<p>Inspir\u00e9 du film \u00ab\u00a0Inception\u00a0\u00bb, ce parfum a \u00e9t\u00e9 cr\u00e9\u00e9.<\/p>\n<p>Le film parle de r\u00eaves et ce parfum a un parfum d&rsquo;une beaut\u00e9 indescriptible dont vous ne pouvez que r\u00eaver.<\/p>\n<p>Sent l\u00e9g\u00e8rement les agrumes et les fleurs et semble sensuel et \u00e9pic\u00e9 en m\u00eame temps.<\/p>\n<p>Les parfums contiennent g\u00e9n\u00e9ralement 3 phases de parfum diff\u00e9rentes, o\u00f9 ce merveilleux parfum a jusqu&rsquo;\u00e0 6 phases.<\/p>\n<p>Le parfum est une eau de parfum unisexe.<\/p>\n<p>Se d\u00e9veloppe sur la peau et cr\u00e9e son propre parfum unique, de personne \u00e0 personne.<\/p>\n","protected":false},"excerpt":{"rendered":"<p>Inspir\u00e9 du film \u00ab\u00a0Inception\u00a0\u00bb, ce parfum a \u00e9t\u00e9 cr\u00e9\u00e9. Le film parle de r\u00eaves et ce parfum a un parfum<\/p>\n","protected":false},"featured_media":23147,"comment_status":"open","ping_status":"closed","template":"","meta":[],"product_cat":[20],"product_tag":[],"class_list":{"0":"post-16882","1":"product","2":"type-product","3":"status-publish","4":"has-post-thumbnail","6":"product_cat-accessories","8":"first","9":"instock","10":"shipping-taxable","11":"product-type-simple"},"jetpack_sharing_enabled":true,"_links":{"self":[{"href":"https:\/\/para-pharmacity.tn\/index.php?rest_route=\/wp\/v2\/product\/16882","targetHints":{"allow":["GET"]}}],"collection":[{"href":"https:\/\/para-pharmacity.tn\/index.php?rest_route=\/wp\/v2\/product"}],"about":[{"href":"https:\/\/para-pharmacity.tn\/index.php?rest_route=\/wp\/v2\/types\/product"}],"replies":[{"embeddable":true,"href":"https:\/\/para-pharmacity.tn\/index.php?rest_route=%2Fwp%2Fv2%2Fcomments&post=16882"}],"version-history":[{"count":2,"href":"https:\/\/para-pharmacity.tn\/index.php?rest_route=\/wp\/v2\/product\/16882\/revisions"}],"predecessor-version":[{"id":23149,"href":"https:\/\/para-pharmacity.tn\/index.php?rest_route=\/wp\/v2\/product\/16882\/revisions\/23149"}],"wp:featuredmedia":[{"embeddable":true,"href":"https:\/\/para-pharmacity.tn\/index.php?rest_route=\/wp\/v2\/media\/23147"}],"wp:attachment":[{"href":"https:\/\/para-pharmacity.tn\/index.php?rest_route=%2Fwp%2Fv2%2Fmedia&parent=16882"}],"wp:term":[{"taxonomy":"product_cat","embeddable":true,"href":"https:\/\/para-pharmacity.tn\/index.php?rest_route=%2Fwp%2Fv2%2Fproduct_cat&post=16882"},{"taxonomy":"product_tag","embeddable":true,"href":"https:\/\/para-pharmacity.tn\/index.php?rest_route=%2Fwp%2Fv2%2Fproduct_tag&post=16882"}],"curies":[{"name":"wp","href":"https:\/\/api.w.org\/{rel}","templated":true}]}}