{"id":16879,"date":"2024-07-10T22:59:43","date_gmt":"2024-07-10T22:59:43","guid":{"rendered":"https:\/\/para-pharmacity.tn\/?product=edp-homme-club-401"},"modified":"2024-07-25T20:34:41","modified_gmt":"2024-07-25T20:34:41","slug":"edp-homme-club-401","status":"publish","type":"product","link":"https:\/\/para-pharmacity.tn\/?product=edp-homme-club-401","title":{"rendered":"EDP HOMME CLUB 401"},"content":{"rendered":"<p>FAMILLE FOUG\u00c8RE &#8211; Foug\u00e8re Aromatique .Club 401 est un parfum profond et charmeur, d\u00e9licieusement troublant, un m\u00e9lange de fra\u00eecheur et de sensualit\u00e9 .La tonicit\u00e9 des Agrumes et la vigueur des Feuilles de Menthe soufflent un vent de libert\u00e9. Les notes aromatiques de Lavande et de Sauge apportent une \u00e9nergie temp\u00e9r\u00e9e par la douceur des notes de fond poudr\u00e9es et suaves des Muscs et du C\u00e8dre.Club 401 est un parfum au sillage \u00e9l\u00e9gant et affirm\u00e9, qui \u00e9voque la force et le caract\u00e8re des \u00e9l\u00e9ments naturels.Une nouvelle fra\u00eecheur masculine. Une fragrance noble et sensuelle.<\/p>\n","protected":false},"excerpt":{"rendered":"<p>&#8211; Club 401 est un parfum profond et charmeur, d\u00e9licieusement troublant, un m\u00e9lange de fra\u00eecheur et de sensualit\u00e9 .La tonicit\u00e9 des agrumes et la vigueur des feuilles de menthe soufflent un vent de libert\u00e9.<\/p>\n<p>&#8211; Les notes aromatiques de lavande et de sauge apportent une \u00e9nergie temp\u00e9r\u00e9e par la douceur des notes de fond poudr\u00e9es et suaves des muscs et du c\u00e8dre. Club 401 est un parfum au sillage \u00e9l\u00e9gant et affirm\u00e9, qui \u00e9voque la force et le caract\u00e8re des \u00e9l\u00e9ments naturels. Une nouvelle fra\u00eecheur masculine. Une fragrance noble et sensuelle.<\/p>\n<p>&#8211; Volume : 100ml<\/p>\n","protected":false},"featured_media":23137,"comment_status":"open","ping_status":"closed","template":"","meta":[],"product_cat":[20],"product_tag":[],"class_list":{"0":"post-16879","1":"product","2":"type-product","3":"status-publish","4":"has-post-thumbnail","6":"product_cat-accessories","8":"first","9":"instock","10":"shipping-taxable","11":"product-type-simple"},"jetpack_sharing_enabled":true,"_links":{"self":[{"href":"https:\/\/para-pharmacity.tn\/index.php?rest_route=\/wp\/v2\/product\/16879","targetHints":{"allow":["GET"]}}],"collection":[{"href":"https:\/\/para-pharmacity.tn\/index.php?rest_route=\/wp\/v2\/product"}],"about":[{"href":"https:\/\/para-pharmacity.tn\/index.php?rest_route=\/wp\/v2\/types\/product"}],"replies":[{"embeddable":true,"href":"https:\/\/para-pharmacity.tn\/index.php?rest_route=%2Fwp%2Fv2%2Fcomments&post=16879"}],"version-history":[{"count":2,"href":"https:\/\/para-pharmacity.tn\/index.php?rest_route=\/wp\/v2\/product\/16879\/revisions"}],"predecessor-version":[{"id":23138,"href":"https:\/\/para-pharmacity.tn\/index.php?rest_route=\/wp\/v2\/product\/16879\/revisions\/23138"}],"wp:featuredmedia":[{"embeddable":true,"href":"https:\/\/para-pharmacity.tn\/index.php?rest_route=\/wp\/v2\/media\/23137"}],"wp:attachment":[{"href":"https:\/\/para-pharmacity.tn\/index.php?rest_route=%2Fwp%2Fv2%2Fmedia&parent=16879"}],"wp:term":[{"taxonomy":"product_cat","embeddable":true,"href":"https:\/\/para-pharmacity.tn\/index.php?rest_route=%2Fwp%2Fv2%2Fproduct_cat&post=16879"},{"taxonomy":"product_tag","embeddable":true,"href":"https:\/\/para-pharmacity.tn\/index.php?rest_route=%2Fwp%2Fv2%2Fproduct_tag&post=16879"}],"curies":[{"name":"wp","href":"https:\/\/api.w.org\/{rel}","templated":true}]}}