{"id":16876,"date":"2024-07-10T22:59:43","date_gmt":"2024-07-10T22:59:43","guid":{"rendered":"https:\/\/para-pharmacity.tn\/?product=edp-homme-chess-black"},"modified":"2024-07-25T20:25:25","modified_gmt":"2024-07-25T20:25:25","slug":"edp-homme-chess-black","status":"publish","type":"product","link":"https:\/\/para-pharmacity.tn\/?product=edp-homme-chess-black","title":{"rendered":"EDP HOMME CHESS BLACK"},"content":{"rendered":"<p><strong>Paris Bleu Chess Black<\/strong>\u00a0est un parfum Bois\u00e9 Aquatique\u00a0pour homme.<br \/>\nParfum de caract\u00e8re \u00e0 la signature \u00e9l\u00e9gante et myst\u00e9rieuse<br \/>\nCette fragrance audacieuse s\u2019ouvre sur une envol\u00e9e de notes hesp\u00e9rid\u00e9es de Citron, de Bergamote et de Mandarine sublim\u00e9es par un c\u0153ur aromatique m\u00ealant Sauge et Romarin.<br \/>\nLe fond riche et myst\u00e9rieux se compose d\u2019un accord rac\u00e9 et vibrant, construit autour du V\u00e9tiver, du C\u00e8dre et du Patchouli, donnant \u00e0 la composition beaucoup de caract\u00e8re, de tenue et de personnalit\u00e9.<\/p>\n<p>Notes olfactives:<br \/>\n&#8211; Notes de t\u00eate: Citron, Bergamote, Mandarine<br \/>\n&#8211; Notes de c\u0153ur: Sauge, Romarin<br \/>\n&#8211; Notes de fond: V\u00e9tiver, C\u00e8dre, Patchouli<\/p>\n","protected":false},"excerpt":{"rendered":"<p>&#8211; Chess black est un parfum bois\u00e9 aquatique pour homme. Parfum de caract\u00e8re \u00e0 la signature \u00e9l\u00e9gante et myst\u00e9rieuse cette fragrance audacieuse s\u2019ouvre sur une envol\u00e9e de notes hesp\u00e9rid\u00e9s de citron, de bergamote et de mandarine sublim\u00e9es par un c\u0153ur aromatique m\u00ealant sauge et romarin.<\/p>\n<p>&#8211; Le fond riche et myst\u00e9rieux se compose d\u2019un accord rac\u00e9 et vibrant, construit autour du v\u00e9tiver, du c\u00e8dre et du patchouli, donnant \u00e0 la composition beaucoup de caract\u00e8re, de tenue et de personnalit\u00e9.<\/p>\n<p>&#8211; Volume : 100ml<\/p>\n","protected":false},"featured_media":23127,"comment_status":"open","ping_status":"closed","template":"","meta":[],"product_cat":[20],"product_tag":[],"class_list":{"0":"post-16876","1":"product","2":"type-product","3":"status-publish","4":"has-post-thumbnail","6":"product_cat-accessories","8":"first","9":"instock","10":"shipping-taxable","11":"product-type-simple"},"jetpack_sharing_enabled":true,"_links":{"self":[{"href":"https:\/\/para-pharmacity.tn\/index.php?rest_route=\/wp\/v2\/product\/16876","targetHints":{"allow":["GET"]}}],"collection":[{"href":"https:\/\/para-pharmacity.tn\/index.php?rest_route=\/wp\/v2\/product"}],"about":[{"href":"https:\/\/para-pharmacity.tn\/index.php?rest_route=\/wp\/v2\/types\/product"}],"replies":[{"embeddable":true,"href":"https:\/\/para-pharmacity.tn\/index.php?rest_route=%2Fwp%2Fv2%2Fcomments&post=16876"}],"version-history":[{"count":2,"href":"https:\/\/para-pharmacity.tn\/index.php?rest_route=\/wp\/v2\/product\/16876\/revisions"}],"predecessor-version":[{"id":23128,"href":"https:\/\/para-pharmacity.tn\/index.php?rest_route=\/wp\/v2\/product\/16876\/revisions\/23128"}],"wp:featuredmedia":[{"embeddable":true,"href":"https:\/\/para-pharmacity.tn\/index.php?rest_route=\/wp\/v2\/media\/23127"}],"wp:attachment":[{"href":"https:\/\/para-pharmacity.tn\/index.php?rest_route=%2Fwp%2Fv2%2Fmedia&parent=16876"}],"wp:term":[{"taxonomy":"product_cat","embeddable":true,"href":"https:\/\/para-pharmacity.tn\/index.php?rest_route=%2Fwp%2Fv2%2Fproduct_cat&post=16876"},{"taxonomy":"product_tag","embeddable":true,"href":"https:\/\/para-pharmacity.tn\/index.php?rest_route=%2Fwp%2Fv2%2Fproduct_tag&post=16876"}],"curies":[{"name":"wp","href":"https:\/\/api.w.org\/{rel}","templated":true}]}}