{"id":16875,"date":"2024-07-10T22:59:42","date_gmt":"2024-07-10T22:59:42","guid":{"rendered":"https:\/\/para-pharmacity.tn\/?product=edp-homme-bleu-imperial"},"modified":"2024-07-25T20:22:10","modified_gmt":"2024-07-25T20:22:10","slug":"edp-homme-bleu-imperial","status":"publish","type":"product","link":"https:\/\/para-pharmacity.tn\/?product=edp-homme-bleu-imperial","title":{"rendered":"EDP HOMME BLEU IMPERIAL"},"content":{"rendered":"<p>DESCRIPTION:<\/p>\n<p>Tel un \u00e9clair dans la nuit, Bleu Imp\u00e9rial exprime une dualit\u00e9 improbable : d&rsquo;un c\u00f4t\u00e9, la fra\u00eecheur intense des agrumes, de la menthe poivr\u00e9e et du gingembre \u00e9pic\u00e9, de l&rsquo;autre, la chaleur sensuelle des bois et des accords ambr\u00e9s envo\u00fbtants.<br \/>\nBleu Imp\u00e9rial est une fragrance masculine qui se veut confiante et s\u00e9ductrice.<\/p>\n<p>CARACT\u00c8RE OLFACTIF:<\/p>\n<p>Bleu Imp\u00e9rial est un parfum rafra\u00eechissant et vivifiant, m\u00ealant le zeste du citron \u00e0 l&rsquo;\u00e9pice du gingembre frais et \u00e0 la chaleur du bois. Ce parfum capture l&rsquo;essence d&rsquo;horizons et d&rsquo;une libert\u00e9 sans limites.<\/p>\n<p><em>Aromatique, Bois\u00e9, Agrumes<\/em><\/p>\n<h5><strong>NOTES DE T\u00caTE<\/strong><\/h5>\n<p>Citron, Noix de Muscade, Menthe Poivr\u00e9e<\/p>\n<h5><strong>NOTES DE COEUR<\/strong><\/h5>\n<p>Gingembre, V\u00e9tiver, Bois de C\u00e8dre<\/p>\n<h5><strong>NOTES DE FOND<\/strong><\/h5>\n<p>Cuir, Patchouli, Encens<\/p>\n<p>Conseils d&rsquo;Application:<\/p>\n<p>1. Appliquez votre parfum sur une peau s\u00e8che et nettoy\u00e9e.<\/p>\n<p>2. Pour prolonger la dur\u00e9e de vie de votre parfum, vous pouvez appliquer une lotion corporelle non parfum\u00e9e sur votre peau, notamment sur les points de pulsation.<\/p>\n<p>3. Appliquez votre parfum sur chaque point de pulsation, sur le poignet, l&rsquo;int\u00e9rieur du coude et le cou, en tenant le flacon \u00e0 faible distance de la peau. Les parfums Geparlys sont sp\u00e9cifiquement cr\u00e9\u00e9s pour tenir sur une journ\u00e9e enti\u00e8re. Un \u00e0 deux spray par point de pulsation suffisent pour profiter pleinement de votre parfum pour la journ\u00e9e.<\/p>\n<p>4. Vous pouvez \u00e9galement vaporiser votre parfum sur vos v\u00eatements pour laisser un sillage parfum\u00e9 partout o\u00f9 vous allez.<\/p>\n<p>5. Profitez de Bleu Imp\u00e9rial\u00a0!<\/p>\n","protected":false},"excerpt":{"rendered":"<p>Blue Imperial eau de parfum pour homme 100ml de la marque Geparlys<\/p>\n<p><strong>Notes de t\u00eate:<\/strong>\u00a0Mangue, orange, mandarine<\/p>\n<p><strong>Notes de c\u0153ur:<\/strong>\u00a0P\u00eache, ananas, noisette<\/p>\n<p><strong>Notes de fond:<\/strong>\u00a0Musk, ambre, vanille, bois pr\u00e9cieux<\/p>\n","protected":false},"featured_media":23122,"comment_status":"open","ping_status":"closed","template":"","meta":[],"product_cat":[20],"product_tag":[],"class_list":{"0":"post-16875","1":"product","2":"type-product","3":"status-publish","4":"has-post-thumbnail","6":"product_cat-accessories","8":"first","9":"instock","10":"shipping-taxable","11":"product-type-simple"},"jetpack_sharing_enabled":true,"_links":{"self":[{"href":"https:\/\/para-pharmacity.tn\/index.php?rest_route=\/wp\/v2\/product\/16875","targetHints":{"allow":["GET"]}}],"collection":[{"href":"https:\/\/para-pharmacity.tn\/index.php?rest_route=\/wp\/v2\/product"}],"about":[{"href":"https:\/\/para-pharmacity.tn\/index.php?rest_route=\/wp\/v2\/types\/product"}],"replies":[{"embeddable":true,"href":"https:\/\/para-pharmacity.tn\/index.php?rest_route=%2Fwp%2Fv2%2Fcomments&post=16875"}],"version-history":[{"count":2,"href":"https:\/\/para-pharmacity.tn\/index.php?rest_route=\/wp\/v2\/product\/16875\/revisions"}],"predecessor-version":[{"id":23123,"href":"https:\/\/para-pharmacity.tn\/index.php?rest_route=\/wp\/v2\/product\/16875\/revisions\/23123"}],"wp:featuredmedia":[{"embeddable":true,"href":"https:\/\/para-pharmacity.tn\/index.php?rest_route=\/wp\/v2\/media\/23122"}],"wp:attachment":[{"href":"https:\/\/para-pharmacity.tn\/index.php?rest_route=%2Fwp%2Fv2%2Fmedia&parent=16875"}],"wp:term":[{"taxonomy":"product_cat","embeddable":true,"href":"https:\/\/para-pharmacity.tn\/index.php?rest_route=%2Fwp%2Fv2%2Fproduct_cat&post=16875"},{"taxonomy":"product_tag","embeddable":true,"href":"https:\/\/para-pharmacity.tn\/index.php?rest_route=%2Fwp%2Fv2%2Fproduct_tag&post=16875"}],"curies":[{"name":"wp","href":"https:\/\/api.w.org\/{rel}","templated":true}]}}