{"id":16874,"date":"2024-07-10T22:59:42","date_gmt":"2024-07-10T22:59:42","guid":{"rendered":"https:\/\/para-pharmacity.tn\/?product=edp-homme-aviatorr-flyback-edition"},"modified":"2024-07-25T20:16:29","modified_gmt":"2024-07-25T20:16:29","slug":"edp-homme-aviatorr-flyback-edition","status":"publish","type":"product","link":"https:\/\/para-pharmacity.tn\/?product=edp-homme-aviatorr-flyback-edition","title":{"rendered":"EDP HOMME AVIATORR FLYBACK EDITION"},"content":{"rendered":"<ul class=\"a-unordered-list a-vertical a-spacing-mini\">\n<li class=\"a-spacing-mini\"><span class=\"a-list-item\">Parfum sensationnellement sophistiqu\u00e9 : plongez dans l&rsquo;allure intemporelle de l&rsquo;eau de parfum Cyrus Aviator Black Cuir, m\u00e9ticuleusement con\u00e7ue pour les hommes exigeants et les gar\u00e7ons aventureux.<\/span><\/li>\n<li class=\"a-spacing-mini\"><span class=\"a-list-item\">Charme robuste du cuir noir : d\u00e9couvrez le charme robuste des notes de cuir noir v\u00e9ritable, entrelac\u00e9es de subtiles notes d&rsquo;\u00e9pices et de sophistication, cr\u00e9ant un parfum aussi audacieux que raffin\u00e9.<\/span><\/li>\n<li class=\"a-spacing-mini\"><span class=\"a-list-item\">Polyvalent pour toutes les occasions : des r\u00e9unions de salle de conf\u00e9rence aux soir\u00e9es, ce parfum captivant est parfait pour toutes les occasions, ajoutant une aura de confiance et de sophistication \u00e0 votre pr\u00e9sence.<\/span><\/li>\n<li class=\"a-spacing-mini\"><span class=\"a-list-item\">Parfum durable : profitez de la formule longue dur\u00e9e qui vous assure de rester frais et revigor\u00e9 tout au long de la journ\u00e9e et jusqu&rsquo;\u00e0 la nuit, faisant une impression durable o\u00f9 que vous alliez.<\/span><\/li>\n<li class=\"a-spacing-mini\"><span class=\"a-list-item\">Ar\u00f4me audacieux mais subtil : faites une d\u00e9claration m\u00e9morable avec l&rsquo;ar\u00f4me audacieux mais subtilement nuanc\u00e9 du cuir noir Cyrus Aviator, laissant une impression durable sur tous ceux que vous rencontrez.<\/span><\/li>\n<li class=\"a-spacing-mini\"><span class=\"a-list-item\">Fabriqu\u00e9 par Cyrus : adoptez l&rsquo;esprit d&rsquo;aventure et d&rsquo;individualit\u00e9 avec Cyrus, une marque synonyme de style, de confiance et de poursuite de l&rsquo;excellence.<\/span><\/li>\n<\/ul>\n","protected":false},"excerpt":{"rendered":"<p>&#8211; Cette fragrance au d\u00e9part frais prend son envol sur des notes p\u00e9tillantes de bergamote et de pomme verte rehauss\u00e9es d\u2019une touche \u00e9pic\u00e9e de poivre noir.<\/p>\n<p>&#8211; Elle \u00e9volue vers un c\u0153ur viril o\u00f9 la facette aromatique de la sauge est sublim\u00e9e par un accord v\u00e9tiver cuir\u00e9. Le sillage sensuel et puissant m\u00eale les effluves bois\u00e9s de la mousse et du patchouli \u00e0 la douceur de l\u2019ambre et des muscs.<\/p>\n<p>&#8211; Volume : 100ml<\/p>\n","protected":false},"featured_media":23117,"comment_status":"open","ping_status":"closed","template":"","meta":[],"product_cat":[20],"product_tag":[],"class_list":{"0":"post-16874","1":"product","2":"type-product","3":"status-publish","4":"has-post-thumbnail","6":"product_cat-accessories","8":"first","9":"instock","10":"shipping-taxable","11":"product-type-simple"},"jetpack_sharing_enabled":true,"_links":{"self":[{"href":"https:\/\/para-pharmacity.tn\/index.php?rest_route=\/wp\/v2\/product\/16874","targetHints":{"allow":["GET"]}}],"collection":[{"href":"https:\/\/para-pharmacity.tn\/index.php?rest_route=\/wp\/v2\/product"}],"about":[{"href":"https:\/\/para-pharmacity.tn\/index.php?rest_route=\/wp\/v2\/types\/product"}],"replies":[{"embeddable":true,"href":"https:\/\/para-pharmacity.tn\/index.php?rest_route=%2Fwp%2Fv2%2Fcomments&post=16874"}],"version-history":[{"count":2,"href":"https:\/\/para-pharmacity.tn\/index.php?rest_route=\/wp\/v2\/product\/16874\/revisions"}],"predecessor-version":[{"id":23118,"href":"https:\/\/para-pharmacity.tn\/index.php?rest_route=\/wp\/v2\/product\/16874\/revisions\/23118"}],"wp:featuredmedia":[{"embeddable":true,"href":"https:\/\/para-pharmacity.tn\/index.php?rest_route=\/wp\/v2\/media\/23117"}],"wp:attachment":[{"href":"https:\/\/para-pharmacity.tn\/index.php?rest_route=%2Fwp%2Fv2%2Fmedia&parent=16874"}],"wp:term":[{"taxonomy":"product_cat","embeddable":true,"href":"https:\/\/para-pharmacity.tn\/index.php?rest_route=%2Fwp%2Fv2%2Fproduct_cat&post=16874"},{"taxonomy":"product_tag","embeddable":true,"href":"https:\/\/para-pharmacity.tn\/index.php?rest_route=%2Fwp%2Fv2%2Fproduct_tag&post=16874"}],"curies":[{"name":"wp","href":"https:\/\/api.w.org\/{rel}","templated":true}]}}