{"id":16872,"date":"2024-07-10T22:59:42","date_gmt":"2024-07-10T22:59:42","guid":{"rendered":"https:\/\/para-pharmacity.tn\/?product=edp-homme-al-matino-black"},"modified":"2024-07-25T20:09:28","modified_gmt":"2024-07-25T20:09:28","slug":"edp-homme-al-matino-black","status":"publish","type":"product","link":"https:\/\/para-pharmacity.tn\/?product=edp-homme-al-matino-black","title":{"rendered":"EDP HOMME AL.MATINO BLACK"},"content":{"rendered":"<ul>\n<li>Un nouveau geste de s\u00e9duction parfum\u00e9, un m\u00e9lange d\u2019\u00e9nergie et de charme au c\u0153ur tendre qui laisse les \u00e9motions s\u2019exprimer.<\/li>\n<li>Parfum masculin qui s\u2019ouvre sur une invitation \u00e0 la fra\u00eecheur d\u00e9bordante, avec des notes hesp\u00e9rid\u00e9s de C\u00e9drat et fruit\u00e9e de Pamplemousse Rose, m\u00eal\u00e9e de Cannelle et de Cardamome.<\/li>\n<li>En c\u0153ur, la sensualit\u00e9 des bois chauds, Bambou et Bois de C\u00e8dre, se lie au p\u00e9tillant des fruits, Pomme verte et Ananas.<\/li>\n<li>Le fond riche, vif et sensuel, form\u00e9 d\u2019un accord Bois et Ambre Noir met en sc\u00e8ne toute la s\u00e9duction du parfum.<\/li>\n<\/ul>\n","protected":false},"excerpt":{"rendered":"<p>Eau de Toilette pour homme &#8211; 100 ml, Oriental Bois\u00e9, Parfum d\u2019exc\u00e8s, tout en contrastes, vibrant et sensuel &#8211; Un nouveau geste de<\/p>\n<p>s\u00e9duction parfum\u00e9, un m\u00e9lange d\u2019\u00e9nergie et de charme au c\u0153ur tendre qui laisse les \u00e9motions s\u2019exprimer &#8211; Parfum masculin qui s\u2019ouvre<\/p>\n<p>sur une invitation \u00e0 la fra\u00eecheur d\u00e9bordante, avec des notes hesp\u00e9rid\u00e9s de C\u00e9drat et fruit\u00e9e de Pamplemousse Rose, m\u00eal\u00e9e de Cannelle et<\/p>\n<p>de Cardamome &#8211; En c\u0153ur, la sensualit\u00e9 des bois chauds, Bambou et Bois de C\u00e8dre, se lie au p\u00e9tillant des fruits, Pomme verte et Ananas &#8211;<\/p>\n<p>Le fond riche, vif et sensuel, form\u00e9 d\u2019un accord Bois et Ambre Noir met en sc\u00e8ne toute la s\u00e9duction du parfum.<\/p>\n","protected":false},"featured_media":23107,"comment_status":"open","ping_status":"closed","template":"","meta":[],"product_cat":[20],"product_tag":[],"class_list":{"0":"post-16872","1":"product","2":"type-product","3":"status-publish","4":"has-post-thumbnail","6":"product_cat-accessories","8":"first","9":"instock","10":"shipping-taxable","11":"product-type-simple"},"jetpack_sharing_enabled":true,"_links":{"self":[{"href":"https:\/\/para-pharmacity.tn\/index.php?rest_route=\/wp\/v2\/product\/16872","targetHints":{"allow":["GET"]}}],"collection":[{"href":"https:\/\/para-pharmacity.tn\/index.php?rest_route=\/wp\/v2\/product"}],"about":[{"href":"https:\/\/para-pharmacity.tn\/index.php?rest_route=\/wp\/v2\/types\/product"}],"replies":[{"embeddable":true,"href":"https:\/\/para-pharmacity.tn\/index.php?rest_route=%2Fwp%2Fv2%2Fcomments&post=16872"}],"version-history":[{"count":1,"href":"https:\/\/para-pharmacity.tn\/index.php?rest_route=\/wp\/v2\/product\/16872\/revisions"}],"predecessor-version":[{"id":23108,"href":"https:\/\/para-pharmacity.tn\/index.php?rest_route=\/wp\/v2\/product\/16872\/revisions\/23108"}],"wp:featuredmedia":[{"embeddable":true,"href":"https:\/\/para-pharmacity.tn\/index.php?rest_route=\/wp\/v2\/media\/23107"}],"wp:attachment":[{"href":"https:\/\/para-pharmacity.tn\/index.php?rest_route=%2Fwp%2Fv2%2Fmedia&parent=16872"}],"wp:term":[{"taxonomy":"product_cat","embeddable":true,"href":"https:\/\/para-pharmacity.tn\/index.php?rest_route=%2Fwp%2Fv2%2Fproduct_cat&post=16872"},{"taxonomy":"product_tag","embeddable":true,"href":"https:\/\/para-pharmacity.tn\/index.php?rest_route=%2Fwp%2Fv2%2Fproduct_tag&post=16872"}],"curies":[{"name":"wp","href":"https:\/\/api.w.org\/{rel}","templated":true}]}}