{"id":16871,"date":"2024-07-10T22:59:41","date_gmt":"2024-07-10T22:59:41","guid":{"rendered":"https:\/\/para-pharmacity.tn\/?product=edp-homme-al-matino-skyline-100-ml"},"modified":"2024-07-25T20:07:17","modified_gmt":"2024-07-25T20:07:17","slug":"edp-homme-al-matino-skyline-100-ml","status":"publish","type":"product","link":"https:\/\/para-pharmacity.tn\/?product=edp-homme-al-matino-skyline-100-ml","title":{"rendered":"EDP HOMME AL MATINO SKYLINE 100 ML"},"content":{"rendered":"<p><strong>Cyrus Al Matino Skyline<\/strong><strong>\u00a0<\/strong>de\u00a0<strong>Paris Bleu<\/strong>\u00a0est un parfum Oriental bois\u00e9 pour homme.<br \/>\nAl Matino Skyline est une fragrance \u00e0 la vibration particuli\u00e8re. Un parfum frais, br\u00fblant, obs\u00e9dant.<br \/>\nUn magnifique contraste entre l\u2019effet frais, zest\u00e9 et aromatique du Citron Vert, du Gingembre et de Lavande en t\u00eate, et les notes orientales et sensuelles du Patchouli, de l\u2019Encens, de la Vanille et des Bois ambr\u00e9s en c\u0153ur et en fond.<\/p>\n<p><strong>Pyramide olfactive<\/strong><br \/>\n&#8211; Notes de t\u00eate : Citron Vert, Gingembre, Lavande<br \/>\n&#8211; Notes de c\u0153ur : \u00c9corce de Canelle, Bois Ambr\u00e9s, Pomme<br \/>\n&#8211; Notes de fond : Patchouli, Encens, Vanille<\/p>\n","protected":false},"excerpt":{"rendered":"<p>FAMILLE BOIS\u00c9E &#8211; Bois\u00e9 oriental . Parfum d\u2019exc\u00e8s, tout en contrastes, vibrant et sensuel . Al Matino Skyline est une fragrance \u00e0 la vibration particuli\u00e8re. Un parfum frais, br\u00fblant, obs\u00e9dant. Un magnifique contraste entre l\u2019effet frais, zest\u00e9 et aromatique du Citron Vert, du Gingembre et de Lavande en t\u00eate, et les notes orientales et sensuelles du Patchouli, de l\u2019Encens, de la Vanille et des Bois ambr\u00e9s en c\u0153ur et en fond.<\/p>\n","protected":false},"featured_media":23102,"comment_status":"open","ping_status":"closed","template":"","meta":[],"product_cat":[20],"product_tag":[],"class_list":{"0":"post-16871","1":"product","2":"type-product","3":"status-publish","4":"has-post-thumbnail","6":"product_cat-accessories","8":"first","9":"instock","10":"shipping-taxable","11":"product-type-simple"},"jetpack_sharing_enabled":true,"_links":{"self":[{"href":"https:\/\/para-pharmacity.tn\/index.php?rest_route=\/wp\/v2\/product\/16871","targetHints":{"allow":["GET"]}}],"collection":[{"href":"https:\/\/para-pharmacity.tn\/index.php?rest_route=\/wp\/v2\/product"}],"about":[{"href":"https:\/\/para-pharmacity.tn\/index.php?rest_route=\/wp\/v2\/types\/product"}],"replies":[{"embeddable":true,"href":"https:\/\/para-pharmacity.tn\/index.php?rest_route=%2Fwp%2Fv2%2Fcomments&post=16871"}],"version-history":[{"count":2,"href":"https:\/\/para-pharmacity.tn\/index.php?rest_route=\/wp\/v2\/product\/16871\/revisions"}],"predecessor-version":[{"id":23106,"href":"https:\/\/para-pharmacity.tn\/index.php?rest_route=\/wp\/v2\/product\/16871\/revisions\/23106"}],"wp:featuredmedia":[{"embeddable":true,"href":"https:\/\/para-pharmacity.tn\/index.php?rest_route=\/wp\/v2\/media\/23102"}],"wp:attachment":[{"href":"https:\/\/para-pharmacity.tn\/index.php?rest_route=%2Fwp%2Fv2%2Fmedia&parent=16871"}],"wp:term":[{"taxonomy":"product_cat","embeddable":true,"href":"https:\/\/para-pharmacity.tn\/index.php?rest_route=%2Fwp%2Fv2%2Fproduct_cat&post=16871"},{"taxonomy":"product_tag","embeddable":true,"href":"https:\/\/para-pharmacity.tn\/index.php?rest_route=%2Fwp%2Fv2%2Fproduct_tag&post=16871"}],"curies":[{"name":"wp","href":"https:\/\/api.w.org\/{rel}","templated":true}]}}