{"id":16869,"date":"2024-07-10T22:59:41","date_gmt":"2024-07-10T22:59:41","guid":{"rendered":"https:\/\/para-pharmacity.tn\/?product=edp-femme-verona-intense-100ml"},"modified":"2024-07-25T20:00:29","modified_gmt":"2024-07-25T20:00:29","slug":"edp-femme-verona-intense-100ml","status":"publish","type":"product","link":"https:\/\/para-pharmacity.tn\/?product=edp-femme-verona-intense-100ml","title":{"rendered":"EDP FEMME VERONA INTENSE 100ML"},"content":{"rendered":"<p>VERONA intense, un parfum pour femmes qui vous apporte une sensation de fra\u00eecheur. Il a \u00e9t\u00e9 soigneusement d\u00e9velopp\u00e9 pour garantir une tenue durable sur la peau.<br \/>\nComment utiliser<br \/>\nVaporisez le parfum \u00e0 quelques centim\u00e8tres de votre peau, en vous concentrant sur votre cou, l\u2019int\u00e9rieur de vos poignets.<\/p>\n","protected":false},"excerpt":{"rendered":"<p>VERONA intense, un parfum pour femmes qui vous apporte une sensation de fra\u00eecheur. Il a \u00e9t\u00e9 soigneusement d\u00e9velopp\u00e9 pour garantir<\/p>\n","protected":false},"featured_media":23097,"comment_status":"open","ping_status":"closed","template":"","meta":[],"product_cat":[20],"product_tag":[],"class_list":{"0":"post-16869","1":"product","2":"type-product","3":"status-publish","4":"has-post-thumbnail","6":"product_cat-accessories","8":"first","9":"instock","10":"shipping-taxable","11":"product-type-simple"},"jetpack_sharing_enabled":true,"_links":{"self":[{"href":"https:\/\/para-pharmacity.tn\/index.php?rest_route=\/wp\/v2\/product\/16869","targetHints":{"allow":["GET"]}}],"collection":[{"href":"https:\/\/para-pharmacity.tn\/index.php?rest_route=\/wp\/v2\/product"}],"about":[{"href":"https:\/\/para-pharmacity.tn\/index.php?rest_route=\/wp\/v2\/types\/product"}],"replies":[{"embeddable":true,"href":"https:\/\/para-pharmacity.tn\/index.php?rest_route=%2Fwp%2Fv2%2Fcomments&post=16869"}],"version-history":[{"count":1,"href":"https:\/\/para-pharmacity.tn\/index.php?rest_route=\/wp\/v2\/product\/16869\/revisions"}],"predecessor-version":[{"id":23098,"href":"https:\/\/para-pharmacity.tn\/index.php?rest_route=\/wp\/v2\/product\/16869\/revisions\/23098"}],"wp:featuredmedia":[{"embeddable":true,"href":"https:\/\/para-pharmacity.tn\/index.php?rest_route=\/wp\/v2\/media\/23097"}],"wp:attachment":[{"href":"https:\/\/para-pharmacity.tn\/index.php?rest_route=%2Fwp%2Fv2%2Fmedia&parent=16869"}],"wp:term":[{"taxonomy":"product_cat","embeddable":true,"href":"https:\/\/para-pharmacity.tn\/index.php?rest_route=%2Fwp%2Fv2%2Fproduct_cat&post=16869"},{"taxonomy":"product_tag","embeddable":true,"href":"https:\/\/para-pharmacity.tn\/index.php?rest_route=%2Fwp%2Fv2%2Fproduct_tag&post=16869"}],"curies":[{"name":"wp","href":"https:\/\/api.w.org\/{rel}","templated":true}]}}