{"id":16868,"date":"2024-07-10T22:59:40","date_gmt":"2024-07-10T22:59:40","guid":{"rendered":"https:\/\/para-pharmacity.tn\/?product=edp-femme-verona-60ml"},"modified":"2024-07-25T19:58:23","modified_gmt":"2024-07-25T19:58:23","slug":"edp-femme-verona-60ml","status":"publish","type":"product","link":"https:\/\/para-pharmacity.tn\/?product=edp-femme-verona-60ml","title":{"rendered":"EDP FEMME VERONA 60ML"},"content":{"rendered":"<p>L&rsquo;Eau de parfum<b>\u00a0Verona<\/b> 60 ml de <b>Yves de Sistelle<\/b>\u00a0est un parfum Floral fruit\u00e9 pour femme. Les notes de t\u00eate sont Mandarine, Pamplemousse et Notes vertes; Les notes de c\u0153ur\u00a0sont Jasmin, Rose, Fleurs blanches, Gard\u00e9nia et Muguet; Les notes de fond sont Racine d&rsquo;iris, Ambre et Musc.<br \/>\nCette fragrance lumineuse s\u2019ouvre sur une envol\u00e9e de notes fruit\u00e9es m\u00ealant Cassis, Poire, framboise et P\u00eache, d\u00e9licatement rehauss\u00e9e par une touche \u00e9pic\u00e9e de Baie Rose.<br \/>\nLe c\u0153ur tendre et d\u00e9licat s\u2019anime en une v\u00e9ritable cascade de fleurs opulentes et voluptueuses o\u00f9 s\u2019\u00e9panouissent la Rose, le Jasmin Sambac et le St\u00e9phanotis.<br \/>\nLe fond se fait chaud et sensuel au contact de l\u2019Iris, du Patchouli, du Bois de Santal et des Muscs.<\/p>\n<p><strong>Pyramide olfactive :<\/strong><br \/>\n&#8211; Notes de t\u00eate : Baie Rose, Cassis, Poire, Feuille de Violette<br \/>\n&#8211; Notes de c\u0153ur : Rose, P\u00eache, Framboise, St\u00e9phanotis, Jasmin Sambac<br \/>\n&#8211; Notes de fond : Patchouli, Iris, Muscs, Santal.<\/p>\n","protected":false},"excerpt":{"rendered":"<p>&#8211; L&rsquo;eau de parfum verona de yves de sistelle est un parfum Floral fruit\u00e9 pour femme.Cette fragrance lumineuse s\u2019ouvre sur une envol\u00e9e de notes fruit\u00e9es m\u00ealant cassis, poire, framboise et p\u00eache, d\u00e9licatement rehauss\u00e9e par une touche \u00e9pic\u00e9e de baie rose.<\/p>\n<p>&#8211; Pyramide olfactive :<\/p>\n<p>&#8211; Notes de t\u00eate : Baie rose, cassis, poire, feuille de violette<\/p>\n<p>&#8211; Notes de c\u0153ur : Rose, p\u00eache, framboise, st\u00e9phanotis, jasmin sambac<\/p>\n<p>&#8211; Notes de fond : Patchouli, iris, muscs, santal.<\/p>\n<p>&#8211; Volume : 60ml<\/p>\n","protected":false},"featured_media":23093,"comment_status":"open","ping_status":"closed","template":"","meta":[],"product_cat":[20],"product_tag":[],"class_list":{"0":"post-16868","1":"product","2":"type-product","3":"status-publish","4":"has-post-thumbnail","6":"product_cat-accessories","8":"first","9":"instock","10":"shipping-taxable","11":"product-type-simple"},"jetpack_sharing_enabled":true,"_links":{"self":[{"href":"https:\/\/para-pharmacity.tn\/index.php?rest_route=\/wp\/v2\/product\/16868","targetHints":{"allow":["GET"]}}],"collection":[{"href":"https:\/\/para-pharmacity.tn\/index.php?rest_route=\/wp\/v2\/product"}],"about":[{"href":"https:\/\/para-pharmacity.tn\/index.php?rest_route=\/wp\/v2\/types\/product"}],"replies":[{"embeddable":true,"href":"https:\/\/para-pharmacity.tn\/index.php?rest_route=%2Fwp%2Fv2%2Fcomments&post=16868"}],"version-history":[{"count":2,"href":"https:\/\/para-pharmacity.tn\/index.php?rest_route=\/wp\/v2\/product\/16868\/revisions"}],"predecessor-version":[{"id":23096,"href":"https:\/\/para-pharmacity.tn\/index.php?rest_route=\/wp\/v2\/product\/16868\/revisions\/23096"}],"wp:featuredmedia":[{"embeddable":true,"href":"https:\/\/para-pharmacity.tn\/index.php?rest_route=\/wp\/v2\/media\/23093"}],"wp:attachment":[{"href":"https:\/\/para-pharmacity.tn\/index.php?rest_route=%2Fwp%2Fv2%2Fmedia&parent=16868"}],"wp:term":[{"taxonomy":"product_cat","embeddable":true,"href":"https:\/\/para-pharmacity.tn\/index.php?rest_route=%2Fwp%2Fv2%2Fproduct_cat&post=16868"},{"taxonomy":"product_tag","embeddable":true,"href":"https:\/\/para-pharmacity.tn\/index.php?rest_route=%2Fwp%2Fv2%2Fproduct_tag&post=16868"}],"curies":[{"name":"wp","href":"https:\/\/api.w.org\/{rel}","templated":true}]}}