{"id":16866,"date":"2024-07-10T22:59:40","date_gmt":"2024-07-10T22:59:40","guid":{"rendered":"https:\/\/para-pharmacity.tn\/?product=edp-femme-unpredictable-girl"},"modified":"2024-07-25T19:48:09","modified_gmt":"2024-07-25T19:48:09","slug":"edp-femme-unpredictable-girl","status":"publish","type":"product","link":"https:\/\/para-pharmacity.tn\/?product=edp-femme-unpredictable-girl","title":{"rendered":"EDP FEMME UNPREDICTABLE GIRL"},"content":{"rendered":"<p>Un parfum l\u00e9ger,\u00a0<strong>\u00ab\u00a0Unpredictable Girl\u00a0\u00bb<\/strong>\u00a0de la maison de design Glenn Perri capture un m\u00e9lange apaisant et sensuel d&rsquo;huiles essentielles de frangipanier, de bergamote, de vanille, de bois de c\u00e8dre, de jasmin et de n\u00e9roli.<\/p>\n<p>Ce vaporisateur d&rsquo;eau de parfum pour femme stimule les \u00e9nergies sensuelles en toute occasion.<\/p>\n<p><strong>Notes de t\u00eate:<\/strong>\u00a0Baies sauvages , mandarines juteuse<\/p>\n<p><strong>Notes de c\u0153ur:<\/strong>\u00a0Ch\u00e8vrefeuille, gard\u00e9nia, p\u00e9tales de jasmin<\/p>\n<p><strong>Notes de fond:<\/strong>\u00a0Vanille, bois de santal , pralin\u00e9, ambre fondant , bois caram\u00e9lis\u00e9s<\/p>\n<p>Maison de cr\u00e9ation : Glenn Perri.<\/p>\n<p>Nom de parfum : Fille impr\u00e9visible.<\/p>\n<p>Genre : Dames.<\/p>\n<p>Sous-type : EDP Spray.<\/p>\n","protected":false},"excerpt":{"rendered":"<div id=\"featurebullets_feature_div\" class=\"celwidget\" data-feature-name=\"featurebullets\" data-csa-c-type=\"widget\" data-csa-c-content-id=\"featurebullets\" data-csa-c-slot-id=\"featurebullets_feature_div\" data-csa-c-asin=\"B00CIAKEGU\" data-csa-c-is-in-initial-active-row=\"false\" data-cel-widget=\"featurebullets_feature_div\" data-csa-c-id=\"5cy3fh-hnjk76-spzhxy-myldzp\">\n<div id=\"feature-bullets\" class=\"a-section a-spacing-medium a-spacing-top-small\">\n<ul class=\"a-unordered-list a-vertical a-spacing-mini\">\n<li class=\"a-spacing-mini\"><span class=\"a-list-item\">Lanc\u00e9 par la maison de design de Glenn Perrin.<\/span><\/li>\n<li class=\"a-spacing-mini\"><span class=\"a-list-item\">Ce parfum f\u00e9minin a un m\u00e9lange d&rsquo;huiles essentielles de frangipanier, de bergamote, de vanille, de bois de c\u00e8dre, de jasmin et de n\u00e9roli.<\/span><\/li>\n<li class=\"a-spacing-mini\"><span class=\"a-list-item\">il est recommand\u00e9 pour un usage quotidien.<\/span><\/li>\n<\/ul>\n<\/div>\n<\/div>\n","protected":false},"featured_media":23085,"comment_status":"open","ping_status":"closed","template":"","meta":[],"product_cat":[20],"product_tag":[],"class_list":{"0":"post-16866","1":"product","2":"type-product","3":"status-publish","4":"has-post-thumbnail","6":"product_cat-accessories","8":"first","9":"instock","10":"shipping-taxable","11":"product-type-simple"},"jetpack_sharing_enabled":true,"_links":{"self":[{"href":"https:\/\/para-pharmacity.tn\/index.php?rest_route=\/wp\/v2\/product\/16866","targetHints":{"allow":["GET"]}}],"collection":[{"href":"https:\/\/para-pharmacity.tn\/index.php?rest_route=\/wp\/v2\/product"}],"about":[{"href":"https:\/\/para-pharmacity.tn\/index.php?rest_route=\/wp\/v2\/types\/product"}],"replies":[{"embeddable":true,"href":"https:\/\/para-pharmacity.tn\/index.php?rest_route=%2Fwp%2Fv2%2Fcomments&post=16866"}],"version-history":[{"count":2,"href":"https:\/\/para-pharmacity.tn\/index.php?rest_route=\/wp\/v2\/product\/16866\/revisions"}],"predecessor-version":[{"id":23081,"href":"https:\/\/para-pharmacity.tn\/index.php?rest_route=\/wp\/v2\/product\/16866\/revisions\/23081"}],"wp:featuredmedia":[{"embeddable":true,"href":"https:\/\/para-pharmacity.tn\/index.php?rest_route=\/wp\/v2\/media\/23085"}],"wp:attachment":[{"href":"https:\/\/para-pharmacity.tn\/index.php?rest_route=%2Fwp%2Fv2%2Fmedia&parent=16866"}],"wp:term":[{"taxonomy":"product_cat","embeddable":true,"href":"https:\/\/para-pharmacity.tn\/index.php?rest_route=%2Fwp%2Fv2%2Fproduct_cat&post=16866"},{"taxonomy":"product_tag","embeddable":true,"href":"https:\/\/para-pharmacity.tn\/index.php?rest_route=%2Fwp%2Fv2%2Fproduct_tag&post=16866"}],"curies":[{"name":"wp","href":"https:\/\/api.w.org\/{rel}","templated":true}]}}