{"id":16865,"date":"2024-07-10T22:59:40","date_gmt":"2024-07-10T22:59:40","guid":{"rendered":"https:\/\/para-pharmacity.tn\/?product=edp-femme-tender-kiss"},"modified":"2024-07-25T19:40:16","modified_gmt":"2024-07-25T19:40:16","slug":"edp-femme-tender-kiss","status":"publish","type":"product","link":"https:\/\/para-pharmacity.tn\/?product=edp-femme-tender-kiss","title":{"rendered":"EDP FEMME TENDER KISS"},"content":{"rendered":"<p>Imaginez un moment o\u00f9 un simple baiser peut enflammer une \u00e9motion unique et enivrante. TENDER KISS Paris Bleu est bien plus qu&rsquo;un parfum; c&rsquo;est un \u00e9lixir de sensualit\u00e9 qui touche l&rsquo;\u00e2me. Sa composition est une harmonie parfaite entre tendresse et intensit\u00e9, \u00e9voquant des sentiments profonds et passionn\u00e9s. Les notes d\u00e9licates de fleur d&rsquo;oranger se marient \u00e0 la perfection avec les accords vibrants de patchouli, cr\u00e9ant une symphonie olfactive qui enchante et s\u00e9duit.<\/p>\n<p><strong>DESCRIPTION OLFACTIVE<\/strong><\/p>\n<p>TENDER KISS est une m\u00e9lodie olfactive captivante. Chaque vaporisation r\u00e9v\u00e8le une fragrance intense et addictive, o\u00f9 l\u2019opulent absolu de jasmin rencontre la douceur gourmande de la vanille, rendant ce parfum \u00e0 la fois puissant et vibrant. C&rsquo;est une invitation \u00e0 la libert\u00e9 d&rsquo;esprit, pour une femme qui vit selon ses instincts et qui ne craint pas de montrer sa passion.<\/p>\n<p><strong>REMARQUES<\/strong><\/p>\n<p><strong>Notes de T\u00eate :<\/strong>\u00a0Poire, Bergamote, Mandarine, Noisette<br \/>\nLes premi\u00e8res notes offrent une fra\u00eecheur fruit\u00e9e et croquante, avec la douceur de la poire et la vivacit\u00e9 de la bergamote et de la mandarine, adoucies par une touche de noisette.<\/p>\n<p><strong>Notes de C\u0153ur :<\/strong>\u00a0Jasmin Sambac, Fleur d&rsquo;Oranger, Chocolat<br \/>\nAu c\u0153ur de TENDER KISS, le jasmin sambac opulent se m\u00e9lange \u00e0 la d\u00e9licatesse de la fleur d&rsquo;oranger et \u00e0 la gourmandise du chocolat, cr\u00e9ant une alchimie irr\u00e9sistible et romantique.<\/p>\n<p><strong>Notes de Fond :<\/strong>\u00a0Vanille, Mousse, Patchouli<br \/>\nLa base de cette fragrance repose sur une vanille envo\u00fbtante, compl\u00e9t\u00e9e par des notes de mousse et de patchouli qui ajoutent une profondeur magn\u00e9tique et sensuelle.<\/p>\n<p>Offrez-vous une exp\u00e9rience sensorielle in\u00e9gal\u00e9e avec TENDER KISS Paris Bleu, un parfum qui incarne l\u2019essence m\u00eame de la f\u00e9minit\u00e9 libre et passionn\u00e9e. Disponible d\u00e8s maintenant sur 1Parfum.fr, o\u00f9 vous trouverez une large s\u00e9lection de parfums de qualit\u00e9 \u00e0 des prix comp\u00e9titifs. Transformez chaque moment en une \u00e9motion inoubliable avec TENDER KISS.<\/p>\n","protected":false},"excerpt":{"rendered":"<p>Notes de t\u00eate : poire, bergamote, mandarine, noisette.<\/p>\n<p>Notes de c\u0153ur : jasmin sambac, fleur d&rsquo;oranger, chocolat.<\/p>\n<p>Notes de fond : vanille, mousse, patchouli.<\/p>\n","protected":false},"featured_media":23079,"comment_status":"open","ping_status":"closed","template":"","meta":[],"product_cat":[20],"product_tag":[],"class_list":{"0":"post-16865","1":"product","2":"type-product","3":"status-publish","4":"has-post-thumbnail","6":"product_cat-accessories","8":"first","9":"instock","10":"shipping-taxable","11":"product-type-simple"},"jetpack_sharing_enabled":true,"_links":{"self":[{"href":"https:\/\/para-pharmacity.tn\/index.php?rest_route=\/wp\/v2\/product\/16865","targetHints":{"allow":["GET"]}}],"collection":[{"href":"https:\/\/para-pharmacity.tn\/index.php?rest_route=\/wp\/v2\/product"}],"about":[{"href":"https:\/\/para-pharmacity.tn\/index.php?rest_route=\/wp\/v2\/types\/product"}],"replies":[{"embeddable":true,"href":"https:\/\/para-pharmacity.tn\/index.php?rest_route=%2Fwp%2Fv2%2Fcomments&post=16865"}],"version-history":[{"count":2,"href":"https:\/\/para-pharmacity.tn\/index.php?rest_route=\/wp\/v2\/product\/16865\/revisions"}],"predecessor-version":[{"id":23080,"href":"https:\/\/para-pharmacity.tn\/index.php?rest_route=\/wp\/v2\/product\/16865\/revisions\/23080"}],"wp:featuredmedia":[{"embeddable":true,"href":"https:\/\/para-pharmacity.tn\/index.php?rest_route=\/wp\/v2\/media\/23079"}],"wp:attachment":[{"href":"https:\/\/para-pharmacity.tn\/index.php?rest_route=%2Fwp%2Fv2%2Fmedia&parent=16865"}],"wp:term":[{"taxonomy":"product_cat","embeddable":true,"href":"https:\/\/para-pharmacity.tn\/index.php?rest_route=%2Fwp%2Fv2%2Fproduct_cat&post=16865"},{"taxonomy":"product_tag","embeddable":true,"href":"https:\/\/para-pharmacity.tn\/index.php?rest_route=%2Fwp%2Fv2%2Fproduct_tag&post=16865"}],"curies":[{"name":"wp","href":"https:\/\/api.w.org\/{rel}","templated":true}]}}