{"id":16858,"date":"2024-07-10T22:59:36","date_gmt":"2024-07-10T22:59:36","guid":{"rendered":"https:\/\/para-pharmacity.tn\/?product=edp-femme-rose-land-love"},"modified":"2024-07-25T18:14:29","modified_gmt":"2024-07-25T18:14:29","slug":"edp-femme-rose-land-love","status":"publish","type":"product","link":"https:\/\/para-pharmacity.tn\/?product=edp-femme-rose-land-love","title":{"rendered":"EDP FEMME ROSE LAND LOVE"},"content":{"rendered":"<p>&#8211; Miss rose land de yves de sistelle est un parfum ambre floral oriental.<\/p>\n<p>&#8211; Un parfum par\u00e9 de fantaisie et de douceur gourmande. Pour une femme s\u00e9ductrice, romantique et glamour.<\/p>\n<p>&#8211; Dans son flacon tentation, telle une gourmandise en forme de fruit rouge-framboise, \u00ab\u00a0miss Rose Land\u00a0\u00bb est un floral bois\u00e9 fruit\u00e9 ambr\u00e9.<\/p>\n<p>&#8211; Une fragrance qui s\u2019ouvre sur un cocktail de fra\u00eecheur \u2013 limette, mandarine verte, litchi &#8211; puis, la sensualit\u00e9 de l\u2019accord floral compos\u00e9 de jasmin et de rose p\u00e9tille au contact \u00e9pic\u00e9 du poivre blanc et devient volupt\u00e9 lorsqu\u2019il se pare de notes chaudes de vanille, patchouli, ambre.<\/p>\n<p>&#8211; Une douceur color\u00e9e, espi\u00e8gle et pleine de gait\u00e9.<\/p>\n<p>&#8211; D\u00e9licieuse tentatrice, enivrante et ultra f\u00e9minine.<\/p>\n<p>&#8211; Volume : 100ml<\/p>\n","protected":false},"excerpt":{"rendered":"<p>&#8211; Miss rose land de yves de sistelle est un parfum ambre floral oriental. &#8211; Un parfum par\u00e9 de fantaisie<\/p>\n","protected":false},"featured_media":23049,"comment_status":"open","ping_status":"closed","template":"","meta":[],"product_cat":[20],"product_tag":[],"class_list":{"0":"post-16858","1":"product","2":"type-product","3":"status-publish","4":"has-post-thumbnail","6":"product_cat-accessories","8":"first","9":"instock","10":"shipping-taxable","11":"product-type-simple"},"jetpack_sharing_enabled":true,"_links":{"self":[{"href":"https:\/\/para-pharmacity.tn\/index.php?rest_route=\/wp\/v2\/product\/16858","targetHints":{"allow":["GET"]}}],"collection":[{"href":"https:\/\/para-pharmacity.tn\/index.php?rest_route=\/wp\/v2\/product"}],"about":[{"href":"https:\/\/para-pharmacity.tn\/index.php?rest_route=\/wp\/v2\/types\/product"}],"replies":[{"embeddable":true,"href":"https:\/\/para-pharmacity.tn\/index.php?rest_route=%2Fwp%2Fv2%2Fcomments&post=16858"}],"version-history":[{"count":2,"href":"https:\/\/para-pharmacity.tn\/index.php?rest_route=\/wp\/v2\/product\/16858\/revisions"}],"predecessor-version":[{"id":23050,"href":"https:\/\/para-pharmacity.tn\/index.php?rest_route=\/wp\/v2\/product\/16858\/revisions\/23050"}],"wp:featuredmedia":[{"embeddable":true,"href":"https:\/\/para-pharmacity.tn\/index.php?rest_route=\/wp\/v2\/media\/23049"}],"wp:attachment":[{"href":"https:\/\/para-pharmacity.tn\/index.php?rest_route=%2Fwp%2Fv2%2Fmedia&parent=16858"}],"wp:term":[{"taxonomy":"product_cat","embeddable":true,"href":"https:\/\/para-pharmacity.tn\/index.php?rest_route=%2Fwp%2Fv2%2Fproduct_cat&post=16858"},{"taxonomy":"product_tag","embeddable":true,"href":"https:\/\/para-pharmacity.tn\/index.php?rest_route=%2Fwp%2Fv2%2Fproduct_tag&post=16858"}],"curies":[{"name":"wp","href":"https:\/\/api.w.org\/{rel}","templated":true}]}}