{"id":16855,"date":"2024-07-10T22:59:35","date_gmt":"2024-07-10T22:59:35","guid":{"rendered":"https:\/\/para-pharmacity.tn\/?product=edp-femme-only-me-passion"},"modified":"2024-07-25T15:54:40","modified_gmt":"2024-07-25T15:54:40","slug":"edp-femme-only-me-passion","status":"publish","type":"product","link":"https:\/\/para-pharmacity.tn\/?product=edp-femme-only-me-passion","title":{"rendered":"EDP FEMME ONLY ME PASSION"},"content":{"rendered":"<p>Un \u00e9lixir de bonheur passionn\u00e9&#8230; Seulement moi !<br \/>\nUne multitude de fruits frais et exotiques apportent \u00e0 ce cocktail festif, le p\u00e9tillant, la gaiet\u00e9, la magie color\u00e9e et le sourire que l\u2019on retrouve dans une ambiance estivale&#8230;.<br \/>\nElixir fruit\u00e9 construit autour d\u2019un c\u0153ur floral superbement incarn\u00e9 par le sensuel Jasmin, la passion des Fruits Rouges et la gourmande Rose.<br \/>\nD\u00e9lice floral fruit\u00e9 rehauss\u00e9 par une base bois\u00e9e, musqu\u00e9e, gourmande.<br \/>\nComment utiliser<br \/>\nVaporisez le parfum \u00e0 quelques centim\u00e8tres de votre peau, en privil\u00e9giant les points chauds (le cou, l\u2019int\u00e9rieur des poignets et des coudes, et derri\u00e8re le lobe d\u2019oreille) pour exhaler un parfum unique.<br \/>\nPyramide olfactive<br \/>\nFloral Fruity<br \/>\nNote de t\u00eate\u00a0: fruits exotiques, citron, pamplemousse, mandarine verte<br \/>\nNote de coeur\u00a0: Jasmin, fruits rouges, rose<br \/>\nNotes de fond\u00a0: Muscs, Bois de santal, C\u00e8dre, Gourmet Notes<\/p>\n","protected":false},"excerpt":{"rendered":"<p>Un \u00e9lixir de bonheur passionn\u00e9&#8230; Seulement moi ! Une multitude de fruits frais et exotiques apportent \u00e0 ce cocktail festif,<\/p>\n","protected":false},"featured_media":23034,"comment_status":"open","ping_status":"closed","template":"","meta":[],"product_cat":[20],"product_tag":[],"class_list":{"0":"post-16855","1":"product","2":"type-product","3":"status-publish","4":"has-post-thumbnail","6":"product_cat-accessories","8":"first","9":"instock","10":"shipping-taxable","11":"product-type-simple"},"jetpack_sharing_enabled":true,"_links":{"self":[{"href":"https:\/\/para-pharmacity.tn\/index.php?rest_route=\/wp\/v2\/product\/16855","targetHints":{"allow":["GET"]}}],"collection":[{"href":"https:\/\/para-pharmacity.tn\/index.php?rest_route=\/wp\/v2\/product"}],"about":[{"href":"https:\/\/para-pharmacity.tn\/index.php?rest_route=\/wp\/v2\/types\/product"}],"replies":[{"embeddable":true,"href":"https:\/\/para-pharmacity.tn\/index.php?rest_route=%2Fwp%2Fv2%2Fcomments&post=16855"}],"version-history":[{"count":2,"href":"https:\/\/para-pharmacity.tn\/index.php?rest_route=\/wp\/v2\/product\/16855\/revisions"}],"predecessor-version":[{"id":23035,"href":"https:\/\/para-pharmacity.tn\/index.php?rest_route=\/wp\/v2\/product\/16855\/revisions\/23035"}],"wp:featuredmedia":[{"embeddable":true,"href":"https:\/\/para-pharmacity.tn\/index.php?rest_route=\/wp\/v2\/media\/23034"}],"wp:attachment":[{"href":"https:\/\/para-pharmacity.tn\/index.php?rest_route=%2Fwp%2Fv2%2Fmedia&parent=16855"}],"wp:term":[{"taxonomy":"product_cat","embeddable":true,"href":"https:\/\/para-pharmacity.tn\/index.php?rest_route=%2Fwp%2Fv2%2Fproduct_cat&post=16855"},{"taxonomy":"product_tag","embeddable":true,"href":"https:\/\/para-pharmacity.tn\/index.php?rest_route=%2Fwp%2Fv2%2Fproduct_tag&post=16855"}],"curies":[{"name":"wp","href":"https:\/\/api.w.org\/{rel}","templated":true}]}}