{"id":16854,"date":"2024-07-10T22:59:34","date_gmt":"2024-07-10T22:59:34","guid":{"rendered":"https:\/\/para-pharmacity.tn\/?product=edp-femme-mondaine-blooming"},"modified":"2024-07-25T15:52:00","modified_gmt":"2024-07-25T15:52:00","slug":"edp-femme-mondaine-blooming","status":"publish","type":"product","link":"https:\/\/para-pharmacity.tn\/?product=edp-femme-mondaine-blooming","title":{"rendered":"EDP FEMME MONDAINE BLOOMING"},"content":{"rendered":"<p>La fragrance s\u2019ouvre sur une envol\u00e9e lumineuse m\u00ealant les notes p\u00e9tillantes du Pamplemousse, du Cassis et de la Baie Rose au velout\u00e9 de la P\u00eache.<br \/>\nElle s\u2019\u00e9panouit sur un \u00e9clatant bouquet floral mis en lumi\u00e8re par la Rose et le Freesia, enlac\u00e9s par la tendresse du Muguet et de la Pivoine et d\u00e9licieusement poudr\u00e9s d\u2019Iris.<br \/>\nLe sillage chaud et sensuel r\u00e9v\u00e8le la pr\u00e9sence de Bois de C\u00e8dre envelopp\u00e9 par la douceur des Muscs Blancs et des notes gourmandes.<\/p>\n<h6>Mode d&rsquo;utilisation<\/h6>\n<p>Vaporisez le parfum \u00e0 quelques centim\u00e8tres de votre peau en privil\u00e9giant le cou, l&rsquo;int\u00e9rieur des poignets\u2026<\/p>\n<h6>Pyramide olfactive<\/h6>\n<p>Oriental Gourmand \/ Vanille \/ Fruit\u00e9<br \/>\nNote de t\u00eate: Pamplemousse, P\u00eache, Baies Roses, Cassis<br \/>\nNote de c\u0153ur: Iris, Rose, Freesia, Muguet, Pivoine<br \/>\nNote de fond: C\u00e8dre, Notes Gourmandes, Muscs<\/p>\n","protected":false},"excerpt":{"rendered":"<p>La fragrance s\u2019ouvre sur une envol\u00e9e lumineuse m\u00ealant les notes p\u00e9tillantes du Pamplemousse, du Cassis et de la Baie Rose<\/p>\n","protected":false},"featured_media":23030,"comment_status":"open","ping_status":"closed","template":"","meta":[],"product_cat":[20],"product_tag":[],"class_list":{"0":"post-16854","1":"product","2":"type-product","3":"status-publish","4":"has-post-thumbnail","6":"product_cat-accessories","8":"first","9":"instock","10":"shipping-taxable","11":"product-type-simple"},"jetpack_sharing_enabled":true,"_links":{"self":[{"href":"https:\/\/para-pharmacity.tn\/index.php?rest_route=\/wp\/v2\/product\/16854","targetHints":{"allow":["GET"]}}],"collection":[{"href":"https:\/\/para-pharmacity.tn\/index.php?rest_route=\/wp\/v2\/product"}],"about":[{"href":"https:\/\/para-pharmacity.tn\/index.php?rest_route=\/wp\/v2\/types\/product"}],"replies":[{"embeddable":true,"href":"https:\/\/para-pharmacity.tn\/index.php?rest_route=%2Fwp%2Fv2%2Fcomments&post=16854"}],"version-history":[{"count":1,"href":"https:\/\/para-pharmacity.tn\/index.php?rest_route=\/wp\/v2\/product\/16854\/revisions"}],"predecessor-version":[{"id":23031,"href":"https:\/\/para-pharmacity.tn\/index.php?rest_route=\/wp\/v2\/product\/16854\/revisions\/23031"}],"wp:featuredmedia":[{"embeddable":true,"href":"https:\/\/para-pharmacity.tn\/index.php?rest_route=\/wp\/v2\/media\/23030"}],"wp:attachment":[{"href":"https:\/\/para-pharmacity.tn\/index.php?rest_route=%2Fwp%2Fv2%2Fmedia&parent=16854"}],"wp:term":[{"taxonomy":"product_cat","embeddable":true,"href":"https:\/\/para-pharmacity.tn\/index.php?rest_route=%2Fwp%2Fv2%2Fproduct_cat&post=16854"},{"taxonomy":"product_tag","embeddable":true,"href":"https:\/\/para-pharmacity.tn\/index.php?rest_route=%2Fwp%2Fv2%2Fproduct_tag&post=16854"}],"curies":[{"name":"wp","href":"https:\/\/api.w.org\/{rel}","templated":true}]}}