{"id":16852,"date":"2024-07-10T22:59:34","date_gmt":"2024-07-10T22:59:34","guid":{"rendered":"https:\/\/para-pharmacity.tn\/?product=edp-femme-lorenda"},"modified":"2024-07-25T15:44:32","modified_gmt":"2024-07-25T15:44:32","slug":"edp-femme-lorenda","status":"publish","type":"product","link":"https:\/\/para-pharmacity.tn\/?product=edp-femme-lorenda","title":{"rendered":"EDP FEMME LORENDA"},"content":{"rendered":"<div id=\"product-description-short-908\" class=\"product-description-short\">\n<p>&#8211; Lorinda est un parfum magique et enchanteur pour les femmes qui aiment croquer la vie \u00e0 pleines dents !<\/p>\n<p>&#8211; Cette fragrance merveilleusement joyeuse prend son envol sur des notes acidul\u00e9es et p\u00e9tillantes de citron et de limette adoucies par le voluptueux freesia et la tendre fleur de pommier.<\/p>\n<p>&#8211; En c\u0153ur, les effluves gourmands et caram\u00e9lis\u00e9s de la pomme d\u2019amour enrobent d\u2019un voile d\u00e9licieux les p\u00e9tales de pivoine et de fleur de lune.<\/p>\n<p>&#8211; Le fond suave et sensuel r\u00e9v\u00e8le la chaleur des notes bois\u00e9es de c\u00e8dre et de l\u2019ambre se lovant dans la douceur des muscs.<\/p>\n<p>&#8211; Volume : 100ml<\/p>\n<\/div>\n<div class=\"product-actions\">\n<div class=\"product-variants\"><\/div>\n<section class=\"product-discounts\"><\/section>\n<div class=\"product-add-to-cart\">\n<div class=\"product-quantity clearfix\">\n<div class=\"qty\">\n<div class=\"input-group bootstrap-touchspin\"><\/div>\n<\/div>\n<\/div>\n<\/div>\n<\/div>\n","protected":false},"excerpt":{"rendered":"<p>&#8211; Lorinda est un parfum magique et enchanteur pour les femmes qui aiment croquer la vie \u00e0 pleines dents !<\/p>\n","protected":false},"featured_media":23021,"comment_status":"open","ping_status":"closed","template":"","meta":[],"product_cat":[20],"product_tag":[],"class_list":{"0":"post-16852","1":"product","2":"type-product","3":"status-publish","4":"has-post-thumbnail","6":"product_cat-accessories","8":"first","9":"instock","10":"shipping-taxable","11":"product-type-simple"},"jetpack_sharing_enabled":true,"_links":{"self":[{"href":"https:\/\/para-pharmacity.tn\/index.php?rest_route=\/wp\/v2\/product\/16852","targetHints":{"allow":["GET"]}}],"collection":[{"href":"https:\/\/para-pharmacity.tn\/index.php?rest_route=\/wp\/v2\/product"}],"about":[{"href":"https:\/\/para-pharmacity.tn\/index.php?rest_route=\/wp\/v2\/types\/product"}],"replies":[{"embeddable":true,"href":"https:\/\/para-pharmacity.tn\/index.php?rest_route=%2Fwp%2Fv2%2Fcomments&post=16852"}],"version-history":[{"count":2,"href":"https:\/\/para-pharmacity.tn\/index.php?rest_route=\/wp\/v2\/product\/16852\/revisions"}],"predecessor-version":[{"id":23024,"href":"https:\/\/para-pharmacity.tn\/index.php?rest_route=\/wp\/v2\/product\/16852\/revisions\/23024"}],"wp:featuredmedia":[{"embeddable":true,"href":"https:\/\/para-pharmacity.tn\/index.php?rest_route=\/wp\/v2\/media\/23021"}],"wp:attachment":[{"href":"https:\/\/para-pharmacity.tn\/index.php?rest_route=%2Fwp%2Fv2%2Fmedia&parent=16852"}],"wp:term":[{"taxonomy":"product_cat","embeddable":true,"href":"https:\/\/para-pharmacity.tn\/index.php?rest_route=%2Fwp%2Fv2%2Fproduct_cat&post=16852"},{"taxonomy":"product_tag","embeddable":true,"href":"https:\/\/para-pharmacity.tn\/index.php?rest_route=%2Fwp%2Fv2%2Fproduct_tag&post=16852"}],"curies":[{"name":"wp","href":"https:\/\/api.w.org\/{rel}","templated":true}]}}