{"id":16851,"date":"2024-07-10T22:59:34","date_gmt":"2024-07-10T22:59:34","guid":{"rendered":"https:\/\/para-pharmacity.tn\/?product=edp-femme-laid-back-girl"},"modified":"2024-07-25T15:41:09","modified_gmt":"2024-07-25T15:41:09","slug":"edp-femme-laid-back-girl","status":"publish","type":"product","link":"https:\/\/para-pharmacity.tn\/?product=edp-femme-laid-back-girl","title":{"rendered":"EDP FEMME LAID BACK GIRL"},"content":{"rendered":"<p>Un parfum pour femme aux senteurs de bois, de fleurs et de musc. Les tunnels du milieu sont compos\u00e9s de musc, d\u2019ambre, de lin, de mimosa et de rose blanche; Le parfum se termine par des notes de base de bois de riz, de musc, d\u2019amandes locales, de fruits sucr\u00e9s et s\u00e9ch\u00e9s.<\/p>\n","protected":false},"excerpt":{"rendered":"<p>Un parfum pour femme aux senteurs de bois, de fleurs et de musc. Les tunnels du milieu sont compos\u00e9s de<\/p>\n","protected":false},"featured_media":23018,"comment_status":"open","ping_status":"closed","template":"","meta":[],"product_cat":[20],"product_tag":[],"class_list":{"0":"post-16851","1":"product","2":"type-product","3":"status-publish","4":"has-post-thumbnail","6":"product_cat-accessories","8":"first","9":"instock","10":"shipping-taxable","11":"product-type-simple"},"jetpack_sharing_enabled":true,"_links":{"self":[{"href":"https:\/\/para-pharmacity.tn\/index.php?rest_route=\/wp\/v2\/product\/16851","targetHints":{"allow":["GET"]}}],"collection":[{"href":"https:\/\/para-pharmacity.tn\/index.php?rest_route=\/wp\/v2\/product"}],"about":[{"href":"https:\/\/para-pharmacity.tn\/index.php?rest_route=\/wp\/v2\/types\/product"}],"replies":[{"embeddable":true,"href":"https:\/\/para-pharmacity.tn\/index.php?rest_route=%2Fwp%2Fv2%2Fcomments&post=16851"}],"version-history":[{"count":2,"href":"https:\/\/para-pharmacity.tn\/index.php?rest_route=\/wp\/v2\/product\/16851\/revisions"}],"predecessor-version":[{"id":23019,"href":"https:\/\/para-pharmacity.tn\/index.php?rest_route=\/wp\/v2\/product\/16851\/revisions\/23019"}],"wp:featuredmedia":[{"embeddable":true,"href":"https:\/\/para-pharmacity.tn\/index.php?rest_route=\/wp\/v2\/media\/23018"}],"wp:attachment":[{"href":"https:\/\/para-pharmacity.tn\/index.php?rest_route=%2Fwp%2Fv2%2Fmedia&parent=16851"}],"wp:term":[{"taxonomy":"product_cat","embeddable":true,"href":"https:\/\/para-pharmacity.tn\/index.php?rest_route=%2Fwp%2Fv2%2Fproduct_cat&post=16851"},{"taxonomy":"product_tag","embeddable":true,"href":"https:\/\/para-pharmacity.tn\/index.php?rest_route=%2Fwp%2Fv2%2Fproduct_tag&post=16851"}],"curies":[{"name":"wp","href":"https:\/\/api.w.org\/{rel}","templated":true}]}}